{"id":1104,"date":"2019-04-03T15:34:36","date_gmt":"2019-04-03T13:34:36","guid":{"rendered":"https:\/\/telepolice.be\/?post_type=product&#038;p=1104"},"modified":"2019-04-23T12:24:53","modified_gmt":"2019-04-23T10:24:53","slug":"camera-live-guarding","status":"publish","type":"product","link":"https:\/\/telepolice.be\/index.php\/product\/camera-live-guarding\/","title":{"rendered":"Cam\u00e9ra Live Guarding \u00ae"},"content":{"rendered":"<p><strong><img loading=\"lazy\" decoding=\"async\" class=\"alignleft size-medium wp-image-1105\" src=\"https:\/\/telepolice.be\/wp-content\/uploads\/2019\/04\/logo-liveguarding-300x67.png\" alt=\"\" width=\"300\" height=\"67\" srcset=\"https:\/\/telepolice.be\/wp-content\/uploads\/2019\/04\/logo-liveguarding-300x67.png 300w, https:\/\/telepolice.be\/wp-content\/uploads\/2019\/04\/logo-liveguarding-768x172.png 768w, https:\/\/telepolice.be\/wp-content\/uploads\/2019\/04\/logo-liveguarding-1024x229.png 1024w, https:\/\/telepolice.be\/wp-content\/uploads\/2019\/04\/logo-liveguarding-600x134.png 600w, https:\/\/telepolice.be\/wp-content\/uploads\/2019\/04\/logo-liveguarding.png 1163w\" sizes=\"auto, (max-width: 300px) 100vw, 300px\" \/>Live Guarding \u00ae<\/strong> propose deux types de cam\u00e9ra la <strong>IKB5<\/strong> qui est un dispositif simple et discret mais efficace de pouvoir effectu\u00e9 un lev\u00e9 de doute visuel \u00e0 destination du centre de gardiennage.<\/p>\n<p>Elle n\u2019offre pas les possibilit\u00e9s complexes de <a href=\"https:\/\/telepolice.be\/index.php\/product\/camera-telepolice-vision\/\"><strong>la cam\u00e9ra T\u00e9l\u00e9police Vision \u00ae<\/strong><\/a> mais remplit le r\u00f4le qui lui est confi\u00e9e en enregistrant les images sur l\u2019<a href=\"https:\/\/telepolice.be\/index.php\/product\/enregistreur-numerique\/\"><strong>enregistreur num\u00e9rique<\/strong><\/a> <strong>de T\u00e9l\u00e9police Vision \u00ae<\/strong> par exemple et en permettant de voir de jour comme de nuit la zone confi\u00e9e \u00e0 surveiller.<\/p>\n<p>De bonne r\u00e9solution, elle offre une vision <strong>HD<\/strong>. Elle apporte de pouvoir \u00e9galement assurer la pr\u00e9vention des vols \u00e0 l\u2019\u00e9talage, du cambriolage par le<strong> Live Guarding \u00ae<\/strong> mais \u00e9galement des agressions en suppl\u00e9ant <a href=\"https:\/\/telepolice.be\/index.php\/product\/camera-telepolice-vision\/\">la cam\u00e9ra T\u00e9l\u00e9police Vision \u00ae<\/a>.<\/p>\n<p>Elle ne permet pas l\u2019envoi d\u2019images avant un \u00e9v\u00e8nement au poste de police ou <strong>D.O.R.S<\/strong> mais uniquement un live.<\/p>\n<p>La cam\u00e9ra est en autre adapt\u00e9e aux conditions climatiques et peut donc \u00e9galement \u00eatre install\u00e9e \u00e0 l\u2019int\u00e9rieur comme \u00e0 l\u2019ext\u00e9rieur.<\/p>\n<p>La deuxi\u00e8me cam\u00e9ra que Live Guarding \u00ae propose est destin\u00e9e \u00e0 des vues variables en fonction d\u2019un \u00e9v\u00e9nement. La <strong>IKA1<\/strong> offre de pouvoir \u00eatre pilot\u00e9e \u00e0 distance sur un plan de 120\u00b0 en horizontal et offre un zoom de 4 fois. Coupl\u00e9 au <a href=\"https:\/\/telepolice.be\/index.php\/product\/decr\/\"><strong>D.E.C.R<\/strong> <\/a>par exemple, elle peut s\u2019orienter sur une zone d\u2019int\u00e9r\u00eat soit automatiquement soit manuellement ou par horaire.<\/p>\n<p>La <strong>IKA1<\/strong> est donc une alternative int\u00e9ressante pour des vues multiples \u00e0 offrir au centre de gardiennage <strong>Live Guarding \u00ae<\/strong> qui ne demande qu&rsquo;une observation permanente par exemple.<\/p>\n<p>La<strong> IKA1<\/strong> n\u2019est pas compatible en standard avec le syst\u00e8me T\u00e9l\u00e9police Vision \u00ae par ses caract\u00e9ristiques de multiples vues mais, il peut \u00eatre sur le r\u00e9cepteur<strong> Eagle \u00ae<\/strong> \u00e9quipant les services de police partenaires et \u00eatre affich\u00e9 sur le centre <strong>D.O.R.S<\/strong>.<\/p>\n","protected":false},"excerpt":{"rendered":"<p><strong>Live Guarding \u00ae<\/strong> propose deux types de cam\u00e9ra:<\/p>\n<ul>\n<li>La <strong>IKB5 : <\/strong>un dispositif simple et discret mais efficace de pouvoir effectu\u00e9 un lev\u00e9 de doute visuel \u00e0 destination du centre de gardiennage.<\/li>\n<li>La <strong>IKA1 : <\/strong>une cam\u00e9ra destin\u00e9e \u00e0 des vues variables en fonction d\u2019un \u00e9v\u00e9nement<strong> . <\/strong>Elle offre de pouvoir \u00eatre pilot\u00e9e \u00e0 distance sur un plan de 120\u00b0 en horizontal et offre un zoom de 4 fois. Coupl\u00e9 au <a href=\"https:\/\/telepolice.be\/index.php\/product\/decr\/\">D.E.C.R<\/a> par exemple, elle peut s\u2019orienter sur une zone d\u2019int\u00e9r\u00eat soit automatiquement soit manuellement ou par horaire.<\/li>\n<\/ul>\n","protected":false},"featured_media":2460,"template":"","meta":[],"product_brand":[],"product_cat":[22],"product_tag":[625,633,627,629],"class_list":{"0":"post-1104","1":"product","2":"type-product","3":"status-publish","4":"has-post-thumbnail","6":"product_cat-produits","7":"product_tag-camera-telepolice-vision","8":"product_tag-image-full-hd","9":"product_tag-live-guarding","10":"product_tag-serveur-eagle","12":"first","13":"instock","14":"taxable","15":"shipping-taxable","16":"product-type-simple"},"yoast_head":"<!-- This site is optimized with the Yoast SEO plugin v27.5 - https:\/\/yoast.com\/product\/yoast-seo-wordpress\/ -->\n<title>Cam\u00e9ra Live Guarding \u00ae - TELEPOLICE<\/title>\n<meta name=\"robots\" content=\"index, follow, max-snippet:-1, max-image-preview:large, max-video-preview:-1\" \/>\n<link rel=\"canonical\" href=\"https:\/\/telepolice.be\/index.php\/product\/camera-live-guarding\/\" \/>\n<meta property=\"og:locale\" content=\"fr_FR\" \/>\n<meta property=\"og:type\" content=\"article\" \/>\n<meta property=\"og:title\" content=\"Cam\u00e9ra Live Guarding \u00ae - TELEPOLICE\" \/>\n<meta property=\"og:description\" content=\"Live Guarding \u00ae propose deux types de cam\u00e9ra:   La IKB5 : un dispositif simple et discret mais efficace de pouvoir effectu\u00e9 un lev\u00e9 de doute visuel \u00e0 destination du centre de gardiennage.  La IKA1 : une cam\u00e9ra destin\u00e9e \u00e0 des vues variables en fonction d\u2019un \u00e9v\u00e9nement . Elle offre de pouvoir \u00eatre pilot\u00e9e \u00e0 distance sur un plan de 120\u00b0 en horizontal et offre un zoom de 4 fois. Coupl\u00e9 au D.E.C.R par exemple, elle peut s\u2019orienter sur une zone d\u2019int\u00e9r\u00eat soit automatiquement soit manuellement ou par horaire.\" \/>\n<meta property=\"og:url\" content=\"https:\/\/telepolice.be\/index.php\/product\/camera-live-guarding\/\" \/>\n<meta property=\"og:site_name\" content=\"TELEPOLICE\" \/>\n<meta property=\"article:modified_time\" content=\"2019-04-23T10:24:53+00:00\" \/>\n<meta property=\"og:image\" content=\"https:\/\/telepolice.be\/wp-content\/uploads\/2019\/04\/LiveGuarding-product-01-1024x1024.jpg\" \/>\n\t<meta property=\"og:image:width\" content=\"1024\" \/>\n\t<meta property=\"og:image:height\" content=\"1024\" \/>\n\t<meta property=\"og:image:type\" content=\"image\/jpeg\" \/>\n<meta name=\"twitter:card\" content=\"summary_large_image\" \/>\n<meta name=\"twitter:label1\" content=\"Dur\u00e9e de lecture estim\u00e9e\" \/>\n\t<meta name=\"twitter:data1\" content=\"2 minutes\" \/>\n<script type=\"application\/ld+json\" class=\"yoast-schema-graph\">{\"@context\":\"https:\\\/\\\/schema.org\",\"@graph\":[{\"@type\":\"WebPage\",\"@id\":\"https:\\\/\\\/telepolice.be\\\/index.php\\\/product\\\/camera-live-guarding\\\/\",\"url\":\"https:\\\/\\\/telepolice.be\\\/index.php\\\/product\\\/camera-live-guarding\\\/\",\"name\":\"Cam\u00e9ra Live Guarding \u00ae - TELEPOLICE\",\"isPartOf\":{\"@id\":\"https:\\\/\\\/telepolice.be\\\/#website\"},\"primaryImageOfPage\":{\"@id\":\"https:\\\/\\\/telepolice.be\\\/index.php\\\/product\\\/camera-live-guarding\\\/#primaryimage\"},\"image\":{\"@id\":\"https:\\\/\\\/telepolice.be\\\/index.php\\\/product\\\/camera-live-guarding\\\/#primaryimage\"},\"thumbnailUrl\":\"https:\\\/\\\/telepolice.be\\\/wp-content\\\/uploads\\\/2019\\\/04\\\/LiveGuarding-product-01.jpg\",\"datePublished\":\"2019-04-03T13:34:36+00:00\",\"dateModified\":\"2019-04-23T10:24:53+00:00\",\"breadcrumb\":{\"@id\":\"https:\\\/\\\/telepolice.be\\\/index.php\\\/product\\\/camera-live-guarding\\\/#breadcrumb\"},\"inLanguage\":\"fr-FR\",\"potentialAction\":[{\"@type\":\"ReadAction\",\"target\":[\"https:\\\/\\\/telepolice.be\\\/index.php\\\/product\\\/camera-live-guarding\\\/\"]}]},{\"@type\":\"ImageObject\",\"inLanguage\":\"fr-FR\",\"@id\":\"https:\\\/\\\/telepolice.be\\\/index.php\\\/product\\\/camera-live-guarding\\\/#primaryimage\",\"url\":\"https:\\\/\\\/telepolice.be\\\/wp-content\\\/uploads\\\/2019\\\/04\\\/LiveGuarding-product-01.jpg\",\"contentUrl\":\"https:\\\/\\\/telepolice.be\\\/wp-content\\\/uploads\\\/2019\\\/04\\\/LiveGuarding-product-01.jpg\",\"width\":3543,\"height\":3543},{\"@type\":\"BreadcrumbList\",\"@id\":\"https:\\\/\\\/telepolice.be\\\/index.php\\\/product\\\/camera-live-guarding\\\/#breadcrumb\",\"itemListElement\":[{\"@type\":\"ListItem\",\"position\":1,\"name\":\"Accueil\",\"item\":\"https:\\\/\\\/telepolice.be\\\/\"},{\"@type\":\"ListItem\",\"position\":2,\"name\":\"Producten\",\"item\":\"https:\\\/\\\/telepolice.be\\\/index.php\\\/nl\\\/winkel\\\/\"},{\"@type\":\"ListItem\",\"position\":3,\"name\":\"Cam\u00e9ra Live Guarding \u00ae\"}]},{\"@type\":\"WebSite\",\"@id\":\"https:\\\/\\\/telepolice.be\\\/#website\",\"url\":\"https:\\\/\\\/telepolice.be\\\/\",\"name\":\"TELEPOLICE\",\"description\":\"Prot\u00e9gez votre entreprise\",\"publisher\":{\"@id\":\"https:\\\/\\\/telepolice.be\\\/#organization\"},\"potentialAction\":[{\"@type\":\"SearchAction\",\"target\":{\"@type\":\"EntryPoint\",\"urlTemplate\":\"https:\\\/\\\/telepolice.be\\\/?s={search_term_string}\"},\"query-input\":{\"@type\":\"PropertyValueSpecification\",\"valueRequired\":true,\"valueName\":\"search_term_string\"}}],\"inLanguage\":\"fr-FR\"},{\"@type\":\"Organization\",\"@id\":\"https:\\\/\\\/telepolice.be\\\/#organization\",\"name\":\"TELE POLICE\",\"url\":\"https:\\\/\\\/telepolice.be\\\/\",\"logo\":{\"@type\":\"ImageObject\",\"inLanguage\":\"fr-FR\",\"@id\":\"https:\\\/\\\/telepolice.be\\\/#\\\/schema\\\/logo\\\/image\\\/\",\"url\":\"https:\\\/\\\/telepolice.be\\\/wp-content\\\/uploads\\\/2019\\\/04\\\/cropped-logotelepolice-3.png\",\"contentUrl\":\"https:\\\/\\\/telepolice.be\\\/wp-content\\\/uploads\\\/2019\\\/04\\\/cropped-logotelepolice-3.png\",\"width\":408,\"height\":65,\"caption\":\"TELE POLICE\"},\"image\":{\"@id\":\"https:\\\/\\\/telepolice.be\\\/#\\\/schema\\\/logo\\\/image\\\/\"}}]}<\/script>\n<!-- \/ Yoast SEO plugin. -->","yoast_head_json":{"title":"Cam\u00e9ra Live Guarding \u00ae - TELEPOLICE","robots":{"index":"index","follow":"follow","max-snippet":"max-snippet:-1","max-image-preview":"max-image-preview:large","max-video-preview":"max-video-preview:-1"},"canonical":"https:\/\/telepolice.be\/index.php\/product\/camera-live-guarding\/","og_locale":"fr_FR","og_type":"article","og_title":"Cam\u00e9ra Live Guarding \u00ae - TELEPOLICE","og_description":"Live Guarding \u00ae propose deux types de cam\u00e9ra:   La IKB5 : un dispositif simple et discret mais efficace de pouvoir effectu\u00e9 un lev\u00e9 de doute visuel \u00e0 destination du centre de gardiennage.  La IKA1 : une cam\u00e9ra destin\u00e9e \u00e0 des vues variables en fonction d\u2019un \u00e9v\u00e9nement . Elle offre de pouvoir \u00eatre pilot\u00e9e \u00e0 distance sur un plan de 120\u00b0 en horizontal et offre un zoom de 4 fois. Coupl\u00e9 au D.E.C.R par exemple, elle peut s\u2019orienter sur une zone d\u2019int\u00e9r\u00eat soit automatiquement soit manuellement ou par horaire.","og_url":"https:\/\/telepolice.be\/index.php\/product\/camera-live-guarding\/","og_site_name":"TELEPOLICE","article_modified_time":"2019-04-23T10:24:53+00:00","og_image":[{"width":1024,"height":1024,"url":"https:\/\/telepolice.be\/wp-content\/uploads\/2019\/04\/LiveGuarding-product-01-1024x1024.jpg","type":"image\/jpeg"}],"twitter_card":"summary_large_image","twitter_misc":{"Dur\u00e9e de lecture estim\u00e9e":"2 minutes"},"schema":{"@context":"https:\/\/schema.org","@graph":[{"@type":"WebPage","@id":"https:\/\/telepolice.be\/index.php\/product\/camera-live-guarding\/","url":"https:\/\/telepolice.be\/index.php\/product\/camera-live-guarding\/","name":"Cam\u00e9ra Live Guarding \u00ae - TELEPOLICE","isPartOf":{"@id":"https:\/\/telepolice.be\/#website"},"primaryImageOfPage":{"@id":"https:\/\/telepolice.be\/index.php\/product\/camera-live-guarding\/#primaryimage"},"image":{"@id":"https:\/\/telepolice.be\/index.php\/product\/camera-live-guarding\/#primaryimage"},"thumbnailUrl":"https:\/\/telepolice.be\/wp-content\/uploads\/2019\/04\/LiveGuarding-product-01.jpg","datePublished":"2019-04-03T13:34:36+00:00","dateModified":"2019-04-23T10:24:53+00:00","breadcrumb":{"@id":"https:\/\/telepolice.be\/index.php\/product\/camera-live-guarding\/#breadcrumb"},"inLanguage":"fr-FR","potentialAction":[{"@type":"ReadAction","target":["https:\/\/telepolice.be\/index.php\/product\/camera-live-guarding\/"]}]},{"@type":"ImageObject","inLanguage":"fr-FR","@id":"https:\/\/telepolice.be\/index.php\/product\/camera-live-guarding\/#primaryimage","url":"https:\/\/telepolice.be\/wp-content\/uploads\/2019\/04\/LiveGuarding-product-01.jpg","contentUrl":"https:\/\/telepolice.be\/wp-content\/uploads\/2019\/04\/LiveGuarding-product-01.jpg","width":3543,"height":3543},{"@type":"BreadcrumbList","@id":"https:\/\/telepolice.be\/index.php\/product\/camera-live-guarding\/#breadcrumb","itemListElement":[{"@type":"ListItem","position":1,"name":"Accueil","item":"https:\/\/telepolice.be\/"},{"@type":"ListItem","position":2,"name":"Producten","item":"https:\/\/telepolice.be\/index.php\/nl\/winkel\/"},{"@type":"ListItem","position":3,"name":"Cam\u00e9ra Live Guarding \u00ae"}]},{"@type":"WebSite","@id":"https:\/\/telepolice.be\/#website","url":"https:\/\/telepolice.be\/","name":"TELEPOLICE","description":"Prot\u00e9gez votre entreprise","publisher":{"@id":"https:\/\/telepolice.be\/#organization"},"potentialAction":[{"@type":"SearchAction","target":{"@type":"EntryPoint","urlTemplate":"https:\/\/telepolice.be\/?s={search_term_string}"},"query-input":{"@type":"PropertyValueSpecification","valueRequired":true,"valueName":"search_term_string"}}],"inLanguage":"fr-FR"},{"@type":"Organization","@id":"https:\/\/telepolice.be\/#organization","name":"TELE POLICE","url":"https:\/\/telepolice.be\/","logo":{"@type":"ImageObject","inLanguage":"fr-FR","@id":"https:\/\/telepolice.be\/#\/schema\/logo\/image\/","url":"https:\/\/telepolice.be\/wp-content\/uploads\/2019\/04\/cropped-logotelepolice-3.png","contentUrl":"https:\/\/telepolice.be\/wp-content\/uploads\/2019\/04\/cropped-logotelepolice-3.png","width":408,"height":65,"caption":"TELE POLICE"},"image":{"@id":"https:\/\/telepolice.be\/#\/schema\/logo\/image\/"}}]}},"_links":{"self":[{"href":"https:\/\/telepolice.be\/index.php\/wp-json\/wp\/v2\/product\/1104","targetHints":{"allow":["GET"]}}],"collection":[{"href":"https:\/\/telepolice.be\/index.php\/wp-json\/wp\/v2\/product"}],"about":[{"href":"https:\/\/telepolice.be\/index.php\/wp-json\/wp\/v2\/types\/product"}],"wp:featuredmedia":[{"embeddable":true,"href":"https:\/\/telepolice.be\/index.php\/wp-json\/wp\/v2\/media\/2460"}],"wp:attachment":[{"href":"https:\/\/telepolice.be\/index.php\/wp-json\/wp\/v2\/media?parent=1104"}],"wp:term":[{"taxonomy":"product_brand","embeddable":true,"href":"https:\/\/telepolice.be\/index.php\/wp-json\/wp\/v2\/product_brand?post=1104"},{"taxonomy":"product_cat","embeddable":true,"href":"https:\/\/telepolice.be\/index.php\/wp-json\/wp\/v2\/product_cat?post=1104"},{"taxonomy":"product_tag","embeddable":true,"href":"https:\/\/telepolice.be\/index.php\/wp-json\/wp\/v2\/product_tag?post=1104"}],"curies":[{"name":"wp","href":"https:\/\/api.w.org\/{rel}","templated":true}]}}