{"id":1101,"date":"2019-04-03T15:21:59","date_gmt":"2019-04-03T13:21:59","guid":{"rendered":"https:\/\/telepolice.be\/?post_type=product&#038;p=1101"},"modified":"2019-04-23T12:35:40","modified_gmt":"2019-04-23T10:35:40","slug":"camera-telepolice-vision","status":"publish","type":"product","link":"https:\/\/telepolice.be\/index.php\/product\/camera-telepolice-vision\/","title":{"rendered":"Cam\u00e9ra T\u00e9l\u00e9police Vision \u00ae"},"content":{"rendered":"<p><img loading=\"lazy\" decoding=\"async\" class=\"alignleft size-medium wp-image-1102\" src=\"https:\/\/telepolice.be\/wp-content\/uploads\/2019\/04\/logotelepolice-300x71.jpg\" alt=\"\" width=\"300\" height=\"71\" srcset=\"https:\/\/telepolice.be\/wp-content\/uploads\/2019\/04\/logotelepolice-300x71.jpg 300w, https:\/\/telepolice.be\/wp-content\/uploads\/2019\/04\/logotelepolice-768x183.jpg 768w, https:\/\/telepolice.be\/wp-content\/uploads\/2019\/04\/logotelepolice-600x143.jpg 600w, https:\/\/telepolice.be\/wp-content\/uploads\/2019\/04\/logotelepolice.jpg 984w\" sizes=\"auto, (max-width: 300px) 100vw, 300px\" \/><\/p>\n<p><strong>Les cam\u00e9ras de T\u00e9l\u00e9police Vision \u00ae<\/strong> ne sont pas des webcams ou de simples cam\u00e9ras. Elles sont sp\u00e9cialement d\u00e9velopp\u00e9es pour le concept. Elles prennent en compte l\u2019\u00e9volution technologiques des connectiques.<\/p>\n<p><strong>T\u00e9l\u00e9police Vision<\/strong> a \u00e9t\u00e9 le premier service sur le march\u00e9 \u00e0 proposer <span style=\"background-color: transparent;\">un \u00e9quipement capable d\u2019envoyer des images \u00e0 distance en d\u00e9veloppant un protocole <strong>TPVR3<\/strong> compatible \u00e0 des vitesses faibles de l\u2019internet.<\/span><\/p>\n<p>Nos dispositifs ont fait en 20 ans des pas de g\u00e9ants en offrant avec <em>nos nouvelles cam\u00e9ras Type 5<\/em> une r\u00e9solution d\u2019image proche de la <strong>4K<\/strong>, le standard de l\u2019<strong>ultra HD<\/strong>. Les cam\u00e9ras de Type 5 de T\u00e9l\u00e9police Vision \u00ae offrent une image <strong>full HD<\/strong>. Ce qui est important pour identifier les d\u00e9tails d\u2019un suspect. Comme souvent c\u2019est le d\u00e9tail qui permet de confondre un suspect. Il para\u00eet primordial d\u2019offrir des \u00e9quipements d\u00e9velopp\u00e9s en reprenant les aspects susceptibles de favoriser la s\u00e9curit\u00e9.<\/p>\n<p>Nous offrons ainsi \u00e0 nos partenaires police de pouvoir disposer de supports de qualit\u00e9 avec un \u00e9quipement de pointe.<\/p>\n<p><strong>Les cam\u00e9ra full HD<\/strong> vous offrent une r\u00e9solution d\u2019image mais \u00e9galement bien plus de compatibilit\u00e9 avec le service <strong>Live Guarding \u00ae<\/strong>. Elle vous permet avec un seul \u00e9quipement de b\u00e9n\u00e9ficier de plusieurs aspects.<\/p>\n<p>Chaque cam\u00e9ra T\u00e9l\u00e9p<span style=\"background-color: transparent;\">olice Vision \u00ae est associ\u00e9e \u00e0 des services offerts de supervision techniques qui assurent que les param\u00e8tres de connexion soient v\u00e9rifi\u00e9s avec le serveur technique. Les cam\u00e9ras de Type 5 re\u00e7oivent en plus les derniers algorithmes et logiciels embarqu\u00e9s qui vous offrent de pouvoir b\u00e9n\u00e9ficier une analyse du comportement visuel.<\/span><\/p>\n<p style=\"text-align: center;\"><em>Un avantage est de voir votre \u00e9quipement \u00e9volu\u00e9 par des mises \u00e0 jour du logiciel.<\/em><\/p>\n<p>Avec notre cam\u00e9ra T\u00e9l\u00e9police Vision \u00ae de type 5 c\u2019est plus qu\u2019une cam\u00e9ra mise \u00e0 votre service. C\u2019est un syst\u00e8me intelligent qui prend en compte les param\u00e8tres de luminosit\u00e9 ajout\u00e9 au principe de vision nocturne. Nous retrouvons une technologie de compensation de l<span style=\"background-color: transparent;\">a luminosit\u00e9 qui \u00e9vite le contre-jour et les tentatives d\u2019aveuglement.\u00a0 \u00a0 \u00a0 \u00a0 \u00a0\u00a0<\/span><\/p>\n<p>Et bien d\u2019autres \u00e9l\u00e9ments mis toujours \u00e0 votre service mais que nous gardons ici<strong><em> confidentiel<\/em> <\/strong>car tout le monde qui visite notre site ne recherche pas des informations d\u2019un point de vue positif\u2026<\/p>\n<p>La cam\u00e9ra est \u00e9galement adapt\u00e9e aux conditions climatiques et peut donc \u00eatre install\u00e9e comme l\u2019<a href=\"https:\/\/telepolice.be\/index.php\/product\/audiobel\/\"><strong>Audiobel <\/strong><\/a><strong>\u2122<\/strong> \u00e0 l\u2019int\u00e9rieur comme \u00e0 l\u2019ext\u00e9rieur.<\/p>\n<p>Dans le dispositif T\u00e9l\u00e9police Vision \u00ae le nombre de cam\u00e9ra de Type 5 est de minimum d\u2019une cam\u00e9ra en option.<\/p>\n<p>Des cam\u00e9ras suppl\u00e9mentaires peuvent \u00eatre ajout\u00e9es en fonction des angles de vue recherch\u00e9s ou attentes de s\u00e9curit\u00e9.<\/p>\n","protected":false},"excerpt":{"rendered":"<p><strong>Les cam\u00e9ras de T\u00e9l\u00e9police Vision \u00ae<\/strong> ne sont pas des webcams ou de simples cam\u00e9ras. Elles sont sp\u00e9cialement d\u00e9velopp\u00e9es pour le concept. Elles prennent en compte l\u2019\u00e9volution technologiques des connectiques.<\/p>\n","protected":false},"featured_media":2461,"template":"","meta":[],"product_brand":[],"product_cat":[22],"product_tag":[31,625,631,633],"class_list":{"0":"post-1101","1":"product","2":"type-product","3":"status-publish","4":"has-post-thumbnail","6":"product_cat-produits","7":"product_tag-appel-telepolice-vision","8":"product_tag-camera-telepolice-vision","9":"product_tag-decr","10":"product_tag-image-full-hd","12":"first","13":"instock","14":"taxable","15":"shipping-taxable","16":"product-type-simple"},"yoast_head":"<!-- This site is optimized with the Yoast SEO plugin v27.5 - https:\/\/yoast.com\/product\/yoast-seo-wordpress\/ -->\n<title>Cam\u00e9ra T\u00e9l\u00e9police Vision \u00ae - TELEPOLICE<\/title>\n<meta name=\"robots\" content=\"index, follow, max-snippet:-1, max-image-preview:large, max-video-preview:-1\" \/>\n<link rel=\"canonical\" href=\"https:\/\/telepolice.be\/index.php\/product\/camera-telepolice-vision\/\" \/>\n<meta property=\"og:locale\" content=\"fr_FR\" \/>\n<meta property=\"og:type\" content=\"article\" \/>\n<meta property=\"og:title\" content=\"Cam\u00e9ra T\u00e9l\u00e9police Vision \u00ae - TELEPOLICE\" \/>\n<meta property=\"og:description\" content=\"Les cam\u00e9ras de T\u00e9l\u00e9police Vision \u00ae ne sont pas des webcams ou de simples cam\u00e9ras. Elles sont sp\u00e9cialement d\u00e9velopp\u00e9es pour le concept. Elles prennent en compte l\u2019\u00e9volution technologiques des connectiques.\" \/>\n<meta property=\"og:url\" content=\"https:\/\/telepolice.be\/index.php\/product\/camera-telepolice-vision\/\" \/>\n<meta property=\"og:site_name\" content=\"TELEPOLICE\" \/>\n<meta property=\"article:modified_time\" content=\"2019-04-23T10:35:40+00:00\" \/>\n<meta property=\"og:image\" content=\"https:\/\/telepolice.be\/wp-content\/uploads\/2019\/04\/telepolice-vision-camera-01-2.jpg\" \/>\n\t<meta property=\"og:image:width\" content=\"3543\" \/>\n\t<meta property=\"og:image:height\" content=\"3543\" \/>\n\t<meta property=\"og:image:type\" content=\"image\/jpeg\" \/>\n<meta name=\"twitter:card\" content=\"summary_large_image\" \/>\n<meta name=\"twitter:label1\" content=\"Dur\u00e9e de lecture estim\u00e9e\" \/>\n\t<meta name=\"twitter:data1\" content=\"2 minutes\" \/>\n<script type=\"application\/ld+json\" class=\"yoast-schema-graph\">{\"@context\":\"https:\\\/\\\/schema.org\",\"@graph\":[{\"@type\":\"WebPage\",\"@id\":\"https:\\\/\\\/telepolice.be\\\/index.php\\\/product\\\/camera-telepolice-vision\\\/\",\"url\":\"https:\\\/\\\/telepolice.be\\\/index.php\\\/product\\\/camera-telepolice-vision\\\/\",\"name\":\"Cam\u00e9ra T\u00e9l\u00e9police Vision \u00ae - TELEPOLICE\",\"isPartOf\":{\"@id\":\"https:\\\/\\\/telepolice.be\\\/#website\"},\"primaryImageOfPage\":{\"@id\":\"https:\\\/\\\/telepolice.be\\\/index.php\\\/product\\\/camera-telepolice-vision\\\/#primaryimage\"},\"image\":{\"@id\":\"https:\\\/\\\/telepolice.be\\\/index.php\\\/product\\\/camera-telepolice-vision\\\/#primaryimage\"},\"thumbnailUrl\":\"https:\\\/\\\/telepolice.be\\\/wp-content\\\/uploads\\\/2019\\\/04\\\/telepolice-vision-camera-01-2.jpg\",\"datePublished\":\"2019-04-03T13:21:59+00:00\",\"dateModified\":\"2019-04-23T10:35:40+00:00\",\"breadcrumb\":{\"@id\":\"https:\\\/\\\/telepolice.be\\\/index.php\\\/product\\\/camera-telepolice-vision\\\/#breadcrumb\"},\"inLanguage\":\"fr-FR\",\"potentialAction\":[{\"@type\":\"ReadAction\",\"target\":[\"https:\\\/\\\/telepolice.be\\\/index.php\\\/product\\\/camera-telepolice-vision\\\/\"]}]},{\"@type\":\"ImageObject\",\"inLanguage\":\"fr-FR\",\"@id\":\"https:\\\/\\\/telepolice.be\\\/index.php\\\/product\\\/camera-telepolice-vision\\\/#primaryimage\",\"url\":\"https:\\\/\\\/telepolice.be\\\/wp-content\\\/uploads\\\/2019\\\/04\\\/telepolice-vision-camera-01-2.jpg\",\"contentUrl\":\"https:\\\/\\\/telepolice.be\\\/wp-content\\\/uploads\\\/2019\\\/04\\\/telepolice-vision-camera-01-2.jpg\",\"width\":3543,\"height\":3543},{\"@type\":\"BreadcrumbList\",\"@id\":\"https:\\\/\\\/telepolice.be\\\/index.php\\\/product\\\/camera-telepolice-vision\\\/#breadcrumb\",\"itemListElement\":[{\"@type\":\"ListItem\",\"position\":1,\"name\":\"Accueil\",\"item\":\"https:\\\/\\\/telepolice.be\\\/\"},{\"@type\":\"ListItem\",\"position\":2,\"name\":\"Producten\",\"item\":\"https:\\\/\\\/telepolice.be\\\/index.php\\\/nl\\\/winkel\\\/\"},{\"@type\":\"ListItem\",\"position\":3,\"name\":\"Cam\u00e9ra T\u00e9l\u00e9police Vision \u00ae\"}]},{\"@type\":\"WebSite\",\"@id\":\"https:\\\/\\\/telepolice.be\\\/#website\",\"url\":\"https:\\\/\\\/telepolice.be\\\/\",\"name\":\"TELEPOLICE\",\"description\":\"Prot\u00e9gez votre entreprise\",\"publisher\":{\"@id\":\"https:\\\/\\\/telepolice.be\\\/#organization\"},\"potentialAction\":[{\"@type\":\"SearchAction\",\"target\":{\"@type\":\"EntryPoint\",\"urlTemplate\":\"https:\\\/\\\/telepolice.be\\\/?s={search_term_string}\"},\"query-input\":{\"@type\":\"PropertyValueSpecification\",\"valueRequired\":true,\"valueName\":\"search_term_string\"}}],\"inLanguage\":\"fr-FR\"},{\"@type\":\"Organization\",\"@id\":\"https:\\\/\\\/telepolice.be\\\/#organization\",\"name\":\"TELE POLICE\",\"url\":\"https:\\\/\\\/telepolice.be\\\/\",\"logo\":{\"@type\":\"ImageObject\",\"inLanguage\":\"fr-FR\",\"@id\":\"https:\\\/\\\/telepolice.be\\\/#\\\/schema\\\/logo\\\/image\\\/\",\"url\":\"https:\\\/\\\/telepolice.be\\\/wp-content\\\/uploads\\\/2019\\\/04\\\/cropped-logotelepolice-3.png\",\"contentUrl\":\"https:\\\/\\\/telepolice.be\\\/wp-content\\\/uploads\\\/2019\\\/04\\\/cropped-logotelepolice-3.png\",\"width\":408,\"height\":65,\"caption\":\"TELE POLICE\"},\"image\":{\"@id\":\"https:\\\/\\\/telepolice.be\\\/#\\\/schema\\\/logo\\\/image\\\/\"}}]}<\/script>\n<!-- \/ Yoast SEO plugin. -->","yoast_head_json":{"title":"Cam\u00e9ra T\u00e9l\u00e9police Vision \u00ae - TELEPOLICE","robots":{"index":"index","follow":"follow","max-snippet":"max-snippet:-1","max-image-preview":"max-image-preview:large","max-video-preview":"max-video-preview:-1"},"canonical":"https:\/\/telepolice.be\/index.php\/product\/camera-telepolice-vision\/","og_locale":"fr_FR","og_type":"article","og_title":"Cam\u00e9ra T\u00e9l\u00e9police Vision \u00ae - TELEPOLICE","og_description":"Les cam\u00e9ras de T\u00e9l\u00e9police Vision \u00ae ne sont pas des webcams ou de simples cam\u00e9ras. Elles sont sp\u00e9cialement d\u00e9velopp\u00e9es pour le concept. Elles prennent en compte l\u2019\u00e9volution technologiques des connectiques.","og_url":"https:\/\/telepolice.be\/index.php\/product\/camera-telepolice-vision\/","og_site_name":"TELEPOLICE","article_modified_time":"2019-04-23T10:35:40+00:00","og_image":[{"width":3543,"height":3543,"url":"https:\/\/telepolice.be\/wp-content\/uploads\/2019\/04\/telepolice-vision-camera-01-2.jpg","type":"image\/jpeg"}],"twitter_card":"summary_large_image","twitter_misc":{"Dur\u00e9e de lecture estim\u00e9e":"2 minutes"},"schema":{"@context":"https:\/\/schema.org","@graph":[{"@type":"WebPage","@id":"https:\/\/telepolice.be\/index.php\/product\/camera-telepolice-vision\/","url":"https:\/\/telepolice.be\/index.php\/product\/camera-telepolice-vision\/","name":"Cam\u00e9ra T\u00e9l\u00e9police Vision \u00ae - TELEPOLICE","isPartOf":{"@id":"https:\/\/telepolice.be\/#website"},"primaryImageOfPage":{"@id":"https:\/\/telepolice.be\/index.php\/product\/camera-telepolice-vision\/#primaryimage"},"image":{"@id":"https:\/\/telepolice.be\/index.php\/product\/camera-telepolice-vision\/#primaryimage"},"thumbnailUrl":"https:\/\/telepolice.be\/wp-content\/uploads\/2019\/04\/telepolice-vision-camera-01-2.jpg","datePublished":"2019-04-03T13:21:59+00:00","dateModified":"2019-04-23T10:35:40+00:00","breadcrumb":{"@id":"https:\/\/telepolice.be\/index.php\/product\/camera-telepolice-vision\/#breadcrumb"},"inLanguage":"fr-FR","potentialAction":[{"@type":"ReadAction","target":["https:\/\/telepolice.be\/index.php\/product\/camera-telepolice-vision\/"]}]},{"@type":"ImageObject","inLanguage":"fr-FR","@id":"https:\/\/telepolice.be\/index.php\/product\/camera-telepolice-vision\/#primaryimage","url":"https:\/\/telepolice.be\/wp-content\/uploads\/2019\/04\/telepolice-vision-camera-01-2.jpg","contentUrl":"https:\/\/telepolice.be\/wp-content\/uploads\/2019\/04\/telepolice-vision-camera-01-2.jpg","width":3543,"height":3543},{"@type":"BreadcrumbList","@id":"https:\/\/telepolice.be\/index.php\/product\/camera-telepolice-vision\/#breadcrumb","itemListElement":[{"@type":"ListItem","position":1,"name":"Accueil","item":"https:\/\/telepolice.be\/"},{"@type":"ListItem","position":2,"name":"Producten","item":"https:\/\/telepolice.be\/index.php\/nl\/winkel\/"},{"@type":"ListItem","position":3,"name":"Cam\u00e9ra T\u00e9l\u00e9police Vision \u00ae"}]},{"@type":"WebSite","@id":"https:\/\/telepolice.be\/#website","url":"https:\/\/telepolice.be\/","name":"TELEPOLICE","description":"Prot\u00e9gez votre entreprise","publisher":{"@id":"https:\/\/telepolice.be\/#organization"},"potentialAction":[{"@type":"SearchAction","target":{"@type":"EntryPoint","urlTemplate":"https:\/\/telepolice.be\/?s={search_term_string}"},"query-input":{"@type":"PropertyValueSpecification","valueRequired":true,"valueName":"search_term_string"}}],"inLanguage":"fr-FR"},{"@type":"Organization","@id":"https:\/\/telepolice.be\/#organization","name":"TELE POLICE","url":"https:\/\/telepolice.be\/","logo":{"@type":"ImageObject","inLanguage":"fr-FR","@id":"https:\/\/telepolice.be\/#\/schema\/logo\/image\/","url":"https:\/\/telepolice.be\/wp-content\/uploads\/2019\/04\/cropped-logotelepolice-3.png","contentUrl":"https:\/\/telepolice.be\/wp-content\/uploads\/2019\/04\/cropped-logotelepolice-3.png","width":408,"height":65,"caption":"TELE POLICE"},"image":{"@id":"https:\/\/telepolice.be\/#\/schema\/logo\/image\/"}}]}},"_links":{"self":[{"href":"https:\/\/telepolice.be\/index.php\/wp-json\/wp\/v2\/product\/1101","targetHints":{"allow":["GET"]}}],"collection":[{"href":"https:\/\/telepolice.be\/index.php\/wp-json\/wp\/v2\/product"}],"about":[{"href":"https:\/\/telepolice.be\/index.php\/wp-json\/wp\/v2\/types\/product"}],"wp:featuredmedia":[{"embeddable":true,"href":"https:\/\/telepolice.be\/index.php\/wp-json\/wp\/v2\/media\/2461"}],"wp:attachment":[{"href":"https:\/\/telepolice.be\/index.php\/wp-json\/wp\/v2\/media?parent=1101"}],"wp:term":[{"taxonomy":"product_brand","embeddable":true,"href":"https:\/\/telepolice.be\/index.php\/wp-json\/wp\/v2\/product_brand?post=1101"},{"taxonomy":"product_cat","embeddable":true,"href":"https:\/\/telepolice.be\/index.php\/wp-json\/wp\/v2\/product_cat?post=1101"},{"taxonomy":"product_tag","embeddable":true,"href":"https:\/\/telepolice.be\/index.php\/wp-json\/wp\/v2\/product_tag?post=1101"}],"curies":[{"name":"wp","href":"https:\/\/api.w.org\/{rel}","templated":true}]}}