{"id":1098,"date":"2019-04-03T14:50:28","date_gmt":"2019-04-03T12:50:28","guid":{"rendered":"https:\/\/telepolice.be\/?post_type=product&#038;p=1098"},"modified":"2019-04-23T12:45:12","modified_gmt":"2019-04-23T10:45:12","slug":"point-dappel-blue-sos-de-telepolice-vision","status":"publish","type":"product","link":"https:\/\/telepolice.be\/index.php\/product\/point-dappel-blue-sos-de-telepolice-vision\/","title":{"rendered":"Point d\u2019appel \u00ab Blue \u00bb SOS de T\u00e9l\u00e9police Vision \u00ae"},"content":{"rendered":"<p>Le point bleu permet de lancer un appel police depuis un point fixe et discret comme sous un bureau, dans le tiroir-caisse.<\/p>\n<p>Il permet d\u2019avoir des points de r\u00e9f\u00e9rence d\u2019appel lors d\u2019une agression. Certains \u00e9garent la t\u00e9l\u00e9commande ou ne l&rsquo;ont pas \u00e0 port\u00e9e de mains lors d\u2019un \u00e9v\u00e9nement, le point bleu offre une alternative d\u00e9di\u00e9e \u00e0 <strong>T\u00e9l\u00e9police Vision \u00ae<\/strong> de pouvoir rapidement r\u00e9agir et de mani\u00e8re discr\u00e8te.<\/p>\n<p>Le point bleu en lien avec <a href=\"https:\/\/telepolice.be\/index.php\/product\/decr\/\"><strong>le D.E.C.R<\/strong> <\/a>et le syst\u00e8me <strong>Eagle \u00ae<\/strong> est un dispositif point \u00e0 point qui notifie l\u2019information \u00e0 la seconde vers l\u2019ext\u00e9rieur de votre infrastructure et lance la proc\u00e9dure d\u2019appel T\u00e9l\u00e9police Vision \u00ae<\/p>\n","protected":false},"excerpt":{"rendered":"<p>Le point bleu permet de lancer un appel police depuis un point fixe et discret comme sous un bureau, dans le tiroir-caisse.<\/p>\n","protected":false},"featured_media":2463,"template":"","meta":[],"product_brand":[],"product_cat":[22],"product_tag":[31,631,666],"class_list":{"0":"post-1098","1":"product","2":"type-product","3":"status-publish","4":"has-post-thumbnail","6":"product_cat-produits","7":"product_tag-appel-telepolice-vision","8":"product_tag-decr","9":"product_tag-pack-telepolice-vision-plus","11":"first","12":"instock","13":"taxable","14":"shipping-taxable","15":"product-type-simple"},"yoast_head":"<!-- This site is optimized with the Yoast SEO plugin v27.3 - https:\/\/yoast.com\/product\/yoast-seo-wordpress\/ -->\n<title>Point d\u2019appel \u00ab Blue \u00bb SOS de T\u00e9l\u00e9police Vision \u00ae - TELEPOLICE<\/title>\n<meta name=\"robots\" content=\"index, follow, max-snippet:-1, max-image-preview:large, max-video-preview:-1\" \/>\n<link rel=\"canonical\" href=\"https:\/\/telepolice.be\/index.php\/product\/point-dappel-blue-sos-de-telepolice-vision\/\" \/>\n<meta property=\"og:locale\" content=\"fr_FR\" \/>\n<meta property=\"og:type\" content=\"article\" \/>\n<meta property=\"og:title\" content=\"Point d\u2019appel \u00ab Blue \u00bb SOS de T\u00e9l\u00e9police Vision \u00ae - TELEPOLICE\" \/>\n<meta property=\"og:description\" content=\"Le point bleu permet de lancer un appel police depuis un point fixe et discret comme sous un bureau, dans le tiroir-caisse.\" \/>\n<meta property=\"og:url\" content=\"https:\/\/telepolice.be\/index.php\/product\/point-dappel-blue-sos-de-telepolice-vision\/\" \/>\n<meta property=\"og:site_name\" content=\"TELEPOLICE\" \/>\n<meta property=\"article:modified_time\" content=\"2019-04-23T10:45:12+00:00\" \/>\n<meta property=\"og:image\" content=\"https:\/\/telepolice.be\/wp-content\/uploads\/2019\/04\/sostelepolicefixe-product-01.jpg\" \/>\n\t<meta property=\"og:image:width\" content=\"3543\" \/>\n\t<meta property=\"og:image:height\" content=\"3543\" \/>\n\t<meta property=\"og:image:type\" content=\"image\/jpeg\" \/>\n<meta name=\"twitter:card\" content=\"summary_large_image\" \/>\n<meta name=\"twitter:label1\" content=\"Dur\u00e9e de lecture estim\u00e9e\" \/>\n\t<meta name=\"twitter:data1\" content=\"1 minute\" \/>\n<script type=\"application\/ld+json\" class=\"yoast-schema-graph\">{\"@context\":\"https:\\\/\\\/schema.org\",\"@graph\":[{\"@type\":\"WebPage\",\"@id\":\"https:\\\/\\\/telepolice.be\\\/index.php\\\/product\\\/point-dappel-blue-sos-de-telepolice-vision\\\/\",\"url\":\"https:\\\/\\\/telepolice.be\\\/index.php\\\/product\\\/point-dappel-blue-sos-de-telepolice-vision\\\/\",\"name\":\"Point d\u2019appel \u00ab Blue \u00bb SOS de T\u00e9l\u00e9police Vision \u00ae - TELEPOLICE\",\"isPartOf\":{\"@id\":\"https:\\\/\\\/telepolice.be\\\/#website\"},\"primaryImageOfPage\":{\"@id\":\"https:\\\/\\\/telepolice.be\\\/index.php\\\/product\\\/point-dappel-blue-sos-de-telepolice-vision\\\/#primaryimage\"},\"image\":{\"@id\":\"https:\\\/\\\/telepolice.be\\\/index.php\\\/product\\\/point-dappel-blue-sos-de-telepolice-vision\\\/#primaryimage\"},\"thumbnailUrl\":\"https:\\\/\\\/telepolice.be\\\/wp-content\\\/uploads\\\/2019\\\/04\\\/sostelepolicefixe-product-01.jpg\",\"datePublished\":\"2019-04-03T12:50:28+00:00\",\"dateModified\":\"2019-04-23T10:45:12+00:00\",\"breadcrumb\":{\"@id\":\"https:\\\/\\\/telepolice.be\\\/index.php\\\/product\\\/point-dappel-blue-sos-de-telepolice-vision\\\/#breadcrumb\"},\"inLanguage\":\"fr-FR\",\"potentialAction\":[{\"@type\":\"ReadAction\",\"target\":[\"https:\\\/\\\/telepolice.be\\\/index.php\\\/product\\\/point-dappel-blue-sos-de-telepolice-vision\\\/\"]}]},{\"@type\":\"ImageObject\",\"inLanguage\":\"fr-FR\",\"@id\":\"https:\\\/\\\/telepolice.be\\\/index.php\\\/product\\\/point-dappel-blue-sos-de-telepolice-vision\\\/#primaryimage\",\"url\":\"https:\\\/\\\/telepolice.be\\\/wp-content\\\/uploads\\\/2019\\\/04\\\/sostelepolicefixe-product-01.jpg\",\"contentUrl\":\"https:\\\/\\\/telepolice.be\\\/wp-content\\\/uploads\\\/2019\\\/04\\\/sostelepolicefixe-product-01.jpg\",\"width\":3543,\"height\":3543},{\"@type\":\"BreadcrumbList\",\"@id\":\"https:\\\/\\\/telepolice.be\\\/index.php\\\/product\\\/point-dappel-blue-sos-de-telepolice-vision\\\/#breadcrumb\",\"itemListElement\":[{\"@type\":\"ListItem\",\"position\":1,\"name\":\"Accueil\",\"item\":\"https:\\\/\\\/telepolice.be\\\/\"},{\"@type\":\"ListItem\",\"position\":2,\"name\":\"Producten\",\"item\":\"https:\\\/\\\/telepolice.be\\\/index.php\\\/nl\\\/winkel\\\/\"},{\"@type\":\"ListItem\",\"position\":3,\"name\":\"Point d\u2019appel \u00ab Blue \u00bb SOS de T\u00e9l\u00e9police Vision \u00ae\"}]},{\"@type\":\"WebSite\",\"@id\":\"https:\\\/\\\/telepolice.be\\\/#website\",\"url\":\"https:\\\/\\\/telepolice.be\\\/\",\"name\":\"TELEPOLICE\",\"description\":\"Prot\u00e9gez votre entreprise\",\"publisher\":{\"@id\":\"https:\\\/\\\/telepolice.be\\\/#organization\"},\"potentialAction\":[{\"@type\":\"SearchAction\",\"target\":{\"@type\":\"EntryPoint\",\"urlTemplate\":\"https:\\\/\\\/telepolice.be\\\/?s={search_term_string}\"},\"query-input\":{\"@type\":\"PropertyValueSpecification\",\"valueRequired\":true,\"valueName\":\"search_term_string\"}}],\"inLanguage\":\"fr-FR\"},{\"@type\":\"Organization\",\"@id\":\"https:\\\/\\\/telepolice.be\\\/#organization\",\"name\":\"TELE POLICE\",\"url\":\"https:\\\/\\\/telepolice.be\\\/\",\"logo\":{\"@type\":\"ImageObject\",\"inLanguage\":\"fr-FR\",\"@id\":\"https:\\\/\\\/telepolice.be\\\/#\\\/schema\\\/logo\\\/image\\\/\",\"url\":\"https:\\\/\\\/telepolice.be\\\/wp-content\\\/uploads\\\/2019\\\/04\\\/cropped-logotelepolice-3.png\",\"contentUrl\":\"https:\\\/\\\/telepolice.be\\\/wp-content\\\/uploads\\\/2019\\\/04\\\/cropped-logotelepolice-3.png\",\"width\":408,\"height\":65,\"caption\":\"TELE POLICE\"},\"image\":{\"@id\":\"https:\\\/\\\/telepolice.be\\\/#\\\/schema\\\/logo\\\/image\\\/\"}}]}<\/script>\n<!-- \/ Yoast SEO plugin. -->","yoast_head_json":{"title":"Point d\u2019appel \u00ab Blue \u00bb SOS de T\u00e9l\u00e9police Vision \u00ae - TELEPOLICE","robots":{"index":"index","follow":"follow","max-snippet":"max-snippet:-1","max-image-preview":"max-image-preview:large","max-video-preview":"max-video-preview:-1"},"canonical":"https:\/\/telepolice.be\/index.php\/product\/point-dappel-blue-sos-de-telepolice-vision\/","og_locale":"fr_FR","og_type":"article","og_title":"Point d\u2019appel \u00ab Blue \u00bb SOS de T\u00e9l\u00e9police Vision \u00ae - TELEPOLICE","og_description":"Le point bleu permet de lancer un appel police depuis un point fixe et discret comme sous un bureau, dans le tiroir-caisse.","og_url":"https:\/\/telepolice.be\/index.php\/product\/point-dappel-blue-sos-de-telepolice-vision\/","og_site_name":"TELEPOLICE","article_modified_time":"2019-04-23T10:45:12+00:00","og_image":[{"width":3543,"height":3543,"url":"https:\/\/telepolice.be\/wp-content\/uploads\/2019\/04\/sostelepolicefixe-product-01.jpg","type":"image\/jpeg"}],"twitter_card":"summary_large_image","twitter_misc":{"Dur\u00e9e de lecture estim\u00e9e":"1 minute"},"schema":{"@context":"https:\/\/schema.org","@graph":[{"@type":"WebPage","@id":"https:\/\/telepolice.be\/index.php\/product\/point-dappel-blue-sos-de-telepolice-vision\/","url":"https:\/\/telepolice.be\/index.php\/product\/point-dappel-blue-sos-de-telepolice-vision\/","name":"Point d\u2019appel \u00ab Blue \u00bb SOS de T\u00e9l\u00e9police Vision \u00ae - TELEPOLICE","isPartOf":{"@id":"https:\/\/telepolice.be\/#website"},"primaryImageOfPage":{"@id":"https:\/\/telepolice.be\/index.php\/product\/point-dappel-blue-sos-de-telepolice-vision\/#primaryimage"},"image":{"@id":"https:\/\/telepolice.be\/index.php\/product\/point-dappel-blue-sos-de-telepolice-vision\/#primaryimage"},"thumbnailUrl":"https:\/\/telepolice.be\/wp-content\/uploads\/2019\/04\/sostelepolicefixe-product-01.jpg","datePublished":"2019-04-03T12:50:28+00:00","dateModified":"2019-04-23T10:45:12+00:00","breadcrumb":{"@id":"https:\/\/telepolice.be\/index.php\/product\/point-dappel-blue-sos-de-telepolice-vision\/#breadcrumb"},"inLanguage":"fr-FR","potentialAction":[{"@type":"ReadAction","target":["https:\/\/telepolice.be\/index.php\/product\/point-dappel-blue-sos-de-telepolice-vision\/"]}]},{"@type":"ImageObject","inLanguage":"fr-FR","@id":"https:\/\/telepolice.be\/index.php\/product\/point-dappel-blue-sos-de-telepolice-vision\/#primaryimage","url":"https:\/\/telepolice.be\/wp-content\/uploads\/2019\/04\/sostelepolicefixe-product-01.jpg","contentUrl":"https:\/\/telepolice.be\/wp-content\/uploads\/2019\/04\/sostelepolicefixe-product-01.jpg","width":3543,"height":3543},{"@type":"BreadcrumbList","@id":"https:\/\/telepolice.be\/index.php\/product\/point-dappel-blue-sos-de-telepolice-vision\/#breadcrumb","itemListElement":[{"@type":"ListItem","position":1,"name":"Accueil","item":"https:\/\/telepolice.be\/"},{"@type":"ListItem","position":2,"name":"Producten","item":"https:\/\/telepolice.be\/index.php\/nl\/winkel\/"},{"@type":"ListItem","position":3,"name":"Point d\u2019appel \u00ab Blue \u00bb SOS de T\u00e9l\u00e9police Vision \u00ae"}]},{"@type":"WebSite","@id":"https:\/\/telepolice.be\/#website","url":"https:\/\/telepolice.be\/","name":"TELEPOLICE","description":"Prot\u00e9gez votre entreprise","publisher":{"@id":"https:\/\/telepolice.be\/#organization"},"potentialAction":[{"@type":"SearchAction","target":{"@type":"EntryPoint","urlTemplate":"https:\/\/telepolice.be\/?s={search_term_string}"},"query-input":{"@type":"PropertyValueSpecification","valueRequired":true,"valueName":"search_term_string"}}],"inLanguage":"fr-FR"},{"@type":"Organization","@id":"https:\/\/telepolice.be\/#organization","name":"TELE POLICE","url":"https:\/\/telepolice.be\/","logo":{"@type":"ImageObject","inLanguage":"fr-FR","@id":"https:\/\/telepolice.be\/#\/schema\/logo\/image\/","url":"https:\/\/telepolice.be\/wp-content\/uploads\/2019\/04\/cropped-logotelepolice-3.png","contentUrl":"https:\/\/telepolice.be\/wp-content\/uploads\/2019\/04\/cropped-logotelepolice-3.png","width":408,"height":65,"caption":"TELE POLICE"},"image":{"@id":"https:\/\/telepolice.be\/#\/schema\/logo\/image\/"}}]}},"_links":{"self":[{"href":"https:\/\/telepolice.be\/index.php\/wp-json\/wp\/v2\/product\/1098","targetHints":{"allow":["GET"]}}],"collection":[{"href":"https:\/\/telepolice.be\/index.php\/wp-json\/wp\/v2\/product"}],"about":[{"href":"https:\/\/telepolice.be\/index.php\/wp-json\/wp\/v2\/types\/product"}],"wp:featuredmedia":[{"embeddable":true,"href":"https:\/\/telepolice.be\/index.php\/wp-json\/wp\/v2\/media\/2463"}],"wp:attachment":[{"href":"https:\/\/telepolice.be\/index.php\/wp-json\/wp\/v2\/media?parent=1098"}],"wp:term":[{"taxonomy":"product_brand","embeddable":true,"href":"https:\/\/telepolice.be\/index.php\/wp-json\/wp\/v2\/product_brand?post=1098"},{"taxonomy":"product_cat","embeddable":true,"href":"https:\/\/telepolice.be\/index.php\/wp-json\/wp\/v2\/product_cat?post=1098"},{"taxonomy":"product_tag","embeddable":true,"href":"https:\/\/telepolice.be\/index.php\/wp-json\/wp\/v2\/product_tag?post=1098"}],"curies":[{"name":"wp","href":"https:\/\/api.w.org\/{rel}","templated":true}]}}