{"id":1095,"date":"2019-04-03T14:43:50","date_gmt":"2019-04-03T12:43:50","guid":{"rendered":"https:\/\/telepolice.be\/?post_type=product&#038;p=1095"},"modified":"2019-04-23T13:02:00","modified_gmt":"2019-04-23T11:02:00","slug":"telecommande-sos-telepolice","status":"publish","type":"product","link":"https:\/\/telepolice.be\/index.php\/product\/telecommande-sos-telepolice\/","title":{"rendered":"T\u00e9l\u00e9commande SOS T\u00e9l\u00e9police \u00ae"},"content":{"rendered":"<p><strong>Une t\u00e9l\u00e9commande T\u00e9l\u00e9police<\/strong> <strong>Vision<\/strong> avec un bouton POLICE d\u2019appel de r\u00e9ception <strong>Eagle \u00ae<\/strong>, le syst\u00e8me d\u00e9termine la nature de l\u2019utilisation faite et donc de la v\u00e9racit\u00e9 de l\u2019appel.<\/p>\n<p>Quant au service Live Guarding \u00ae, il utilise les cam\u00e9ras T\u00e9l\u00e9police Vision \u00ae ou sa propre cam\u00e9ra.<\/p>\n<p>Dans le cadre du respect de la vie priv\u00e9e et usage de la vid\u00e9o protection \u00e0 distance, le principe sollicite une autorisation de l\u2019utilisateur avant l\u2019activation de la surveillance vid\u00e9o.<\/p>\n","protected":false},"excerpt":{"rendered":"<p><strong>Une t\u00e9l\u00e9commande T\u00e9l\u00e9police<\/strong> <strong>Vision<\/strong> avec un bouton POLICE d\u2019appel de r\u00e9ception <strong>Eagle \u00ae<\/strong>, le syst\u00e8me d\u00e9termine la nature de l\u2019utilisation faite et donc de la v\u00e9racit\u00e9 de l\u2019appel.<\/p>\n","protected":false},"featured_media":1406,"template":"","meta":[],"product_brand":[],"product_cat":[22],"product_tag":[31,666,629],"class_list":{"0":"post-1095","1":"product","2":"type-product","3":"status-publish","4":"has-post-thumbnail","6":"product_cat-produits","7":"product_tag-appel-telepolice-vision","8":"product_tag-pack-telepolice-vision-plus","9":"product_tag-serveur-eagle","11":"first","12":"instock","13":"taxable","14":"shipping-taxable","15":"product-type-simple"},"yoast_head":"<!-- This site is optimized with the Yoast SEO plugin v27.5 - https:\/\/yoast.com\/product\/yoast-seo-wordpress\/ -->\n<title>T\u00e9l\u00e9commande SOS T\u00e9l\u00e9police \u00ae - TELEPOLICE<\/title>\n<meta name=\"robots\" content=\"index, follow, max-snippet:-1, max-image-preview:large, max-video-preview:-1\" \/>\n<link rel=\"canonical\" href=\"https:\/\/telepolice.be\/index.php\/product\/telecommande-sos-telepolice\/\" \/>\n<meta property=\"og:locale\" content=\"fr_FR\" \/>\n<meta property=\"og:type\" content=\"article\" \/>\n<meta property=\"og:title\" content=\"T\u00e9l\u00e9commande SOS T\u00e9l\u00e9police \u00ae - TELEPOLICE\" \/>\n<meta property=\"og:description\" content=\"Une t\u00e9l\u00e9commande T\u00e9l\u00e9police Vision avec un bouton POLICE d\u2019appel de r\u00e9ception Eagle \u00ae, le syst\u00e8me d\u00e9termine la nature de l\u2019utilisation faite et donc de la v\u00e9racit\u00e9 de l\u2019appel.\" \/>\n<meta property=\"og:url\" content=\"https:\/\/telepolice.be\/index.php\/product\/telecommande-sos-telepolice\/\" \/>\n<meta property=\"og:site_name\" content=\"TELEPOLICE\" \/>\n<meta property=\"article:modified_time\" content=\"2019-04-23T11:02:00+00:00\" \/>\n<meta property=\"og:image\" content=\"https:\/\/telepolice.be\/wp-content\/uploads\/2019\/04\/telecommande-proto3.png\" \/>\n\t<meta property=\"og:image:width\" content=\"735\" \/>\n\t<meta property=\"og:image:height\" content=\"818\" \/>\n\t<meta property=\"og:image:type\" content=\"image\/png\" \/>\n<meta name=\"twitter:card\" content=\"summary_large_image\" \/>\n<script type=\"application\/ld+json\" class=\"yoast-schema-graph\">{\"@context\":\"https:\\\/\\\/schema.org\",\"@graph\":[{\"@type\":\"WebPage\",\"@id\":\"https:\\\/\\\/telepolice.be\\\/index.php\\\/product\\\/telecommande-sos-telepolice\\\/\",\"url\":\"https:\\\/\\\/telepolice.be\\\/index.php\\\/product\\\/telecommande-sos-telepolice\\\/\",\"name\":\"T\u00e9l\u00e9commande SOS T\u00e9l\u00e9police \u00ae - TELEPOLICE\",\"isPartOf\":{\"@id\":\"https:\\\/\\\/telepolice.be\\\/#website\"},\"primaryImageOfPage\":{\"@id\":\"https:\\\/\\\/telepolice.be\\\/index.php\\\/product\\\/telecommande-sos-telepolice\\\/#primaryimage\"},\"image\":{\"@id\":\"https:\\\/\\\/telepolice.be\\\/index.php\\\/product\\\/telecommande-sos-telepolice\\\/#primaryimage\"},\"thumbnailUrl\":\"https:\\\/\\\/telepolice.be\\\/wp-content\\\/uploads\\\/2019\\\/04\\\/telecommande-proto3.png\",\"datePublished\":\"2019-04-03T12:43:50+00:00\",\"dateModified\":\"2019-04-23T11:02:00+00:00\",\"breadcrumb\":{\"@id\":\"https:\\\/\\\/telepolice.be\\\/index.php\\\/product\\\/telecommande-sos-telepolice\\\/#breadcrumb\"},\"inLanguage\":\"fr-FR\",\"potentialAction\":[{\"@type\":\"ReadAction\",\"target\":[\"https:\\\/\\\/telepolice.be\\\/index.php\\\/product\\\/telecommande-sos-telepolice\\\/\"]}]},{\"@type\":\"ImageObject\",\"inLanguage\":\"fr-FR\",\"@id\":\"https:\\\/\\\/telepolice.be\\\/index.php\\\/product\\\/telecommande-sos-telepolice\\\/#primaryimage\",\"url\":\"https:\\\/\\\/telepolice.be\\\/wp-content\\\/uploads\\\/2019\\\/04\\\/telecommande-proto3.png\",\"contentUrl\":\"https:\\\/\\\/telepolice.be\\\/wp-content\\\/uploads\\\/2019\\\/04\\\/telecommande-proto3.png\",\"width\":735,\"height\":818},{\"@type\":\"BreadcrumbList\",\"@id\":\"https:\\\/\\\/telepolice.be\\\/index.php\\\/product\\\/telecommande-sos-telepolice\\\/#breadcrumb\",\"itemListElement\":[{\"@type\":\"ListItem\",\"position\":1,\"name\":\"Accueil\",\"item\":\"https:\\\/\\\/telepolice.be\\\/\"},{\"@type\":\"ListItem\",\"position\":2,\"name\":\"Producten\",\"item\":\"https:\\\/\\\/telepolice.be\\\/index.php\\\/nl\\\/winkel\\\/\"},{\"@type\":\"ListItem\",\"position\":3,\"name\":\"T\u00e9l\u00e9commande SOS T\u00e9l\u00e9police \u00ae\"}]},{\"@type\":\"WebSite\",\"@id\":\"https:\\\/\\\/telepolice.be\\\/#website\",\"url\":\"https:\\\/\\\/telepolice.be\\\/\",\"name\":\"TELEPOLICE\",\"description\":\"Prot\u00e9gez votre entreprise\",\"publisher\":{\"@id\":\"https:\\\/\\\/telepolice.be\\\/#organization\"},\"potentialAction\":[{\"@type\":\"SearchAction\",\"target\":{\"@type\":\"EntryPoint\",\"urlTemplate\":\"https:\\\/\\\/telepolice.be\\\/?s={search_term_string}\"},\"query-input\":{\"@type\":\"PropertyValueSpecification\",\"valueRequired\":true,\"valueName\":\"search_term_string\"}}],\"inLanguage\":\"fr-FR\"},{\"@type\":\"Organization\",\"@id\":\"https:\\\/\\\/telepolice.be\\\/#organization\",\"name\":\"TELE POLICE\",\"url\":\"https:\\\/\\\/telepolice.be\\\/\",\"logo\":{\"@type\":\"ImageObject\",\"inLanguage\":\"fr-FR\",\"@id\":\"https:\\\/\\\/telepolice.be\\\/#\\\/schema\\\/logo\\\/image\\\/\",\"url\":\"https:\\\/\\\/telepolice.be\\\/wp-content\\\/uploads\\\/2019\\\/04\\\/cropped-logotelepolice-3.png\",\"contentUrl\":\"https:\\\/\\\/telepolice.be\\\/wp-content\\\/uploads\\\/2019\\\/04\\\/cropped-logotelepolice-3.png\",\"width\":408,\"height\":65,\"caption\":\"TELE POLICE\"},\"image\":{\"@id\":\"https:\\\/\\\/telepolice.be\\\/#\\\/schema\\\/logo\\\/image\\\/\"}}]}<\/script>\n<!-- \/ Yoast SEO plugin. -->","yoast_head_json":{"title":"T\u00e9l\u00e9commande SOS T\u00e9l\u00e9police \u00ae - TELEPOLICE","robots":{"index":"index","follow":"follow","max-snippet":"max-snippet:-1","max-image-preview":"max-image-preview:large","max-video-preview":"max-video-preview:-1"},"canonical":"https:\/\/telepolice.be\/index.php\/product\/telecommande-sos-telepolice\/","og_locale":"fr_FR","og_type":"article","og_title":"T\u00e9l\u00e9commande SOS T\u00e9l\u00e9police \u00ae - TELEPOLICE","og_description":"Une t\u00e9l\u00e9commande T\u00e9l\u00e9police Vision avec un bouton POLICE d\u2019appel de r\u00e9ception Eagle \u00ae, le syst\u00e8me d\u00e9termine la nature de l\u2019utilisation faite et donc de la v\u00e9racit\u00e9 de l\u2019appel.","og_url":"https:\/\/telepolice.be\/index.php\/product\/telecommande-sos-telepolice\/","og_site_name":"TELEPOLICE","article_modified_time":"2019-04-23T11:02:00+00:00","og_image":[{"width":735,"height":818,"url":"https:\/\/telepolice.be\/wp-content\/uploads\/2019\/04\/telecommande-proto3.png","type":"image\/png"}],"twitter_card":"summary_large_image","schema":{"@context":"https:\/\/schema.org","@graph":[{"@type":"WebPage","@id":"https:\/\/telepolice.be\/index.php\/product\/telecommande-sos-telepolice\/","url":"https:\/\/telepolice.be\/index.php\/product\/telecommande-sos-telepolice\/","name":"T\u00e9l\u00e9commande SOS T\u00e9l\u00e9police \u00ae - TELEPOLICE","isPartOf":{"@id":"https:\/\/telepolice.be\/#website"},"primaryImageOfPage":{"@id":"https:\/\/telepolice.be\/index.php\/product\/telecommande-sos-telepolice\/#primaryimage"},"image":{"@id":"https:\/\/telepolice.be\/index.php\/product\/telecommande-sos-telepolice\/#primaryimage"},"thumbnailUrl":"https:\/\/telepolice.be\/wp-content\/uploads\/2019\/04\/telecommande-proto3.png","datePublished":"2019-04-03T12:43:50+00:00","dateModified":"2019-04-23T11:02:00+00:00","breadcrumb":{"@id":"https:\/\/telepolice.be\/index.php\/product\/telecommande-sos-telepolice\/#breadcrumb"},"inLanguage":"fr-FR","potentialAction":[{"@type":"ReadAction","target":["https:\/\/telepolice.be\/index.php\/product\/telecommande-sos-telepolice\/"]}]},{"@type":"ImageObject","inLanguage":"fr-FR","@id":"https:\/\/telepolice.be\/index.php\/product\/telecommande-sos-telepolice\/#primaryimage","url":"https:\/\/telepolice.be\/wp-content\/uploads\/2019\/04\/telecommande-proto3.png","contentUrl":"https:\/\/telepolice.be\/wp-content\/uploads\/2019\/04\/telecommande-proto3.png","width":735,"height":818},{"@type":"BreadcrumbList","@id":"https:\/\/telepolice.be\/index.php\/product\/telecommande-sos-telepolice\/#breadcrumb","itemListElement":[{"@type":"ListItem","position":1,"name":"Accueil","item":"https:\/\/telepolice.be\/"},{"@type":"ListItem","position":2,"name":"Producten","item":"https:\/\/telepolice.be\/index.php\/nl\/winkel\/"},{"@type":"ListItem","position":3,"name":"T\u00e9l\u00e9commande SOS T\u00e9l\u00e9police \u00ae"}]},{"@type":"WebSite","@id":"https:\/\/telepolice.be\/#website","url":"https:\/\/telepolice.be\/","name":"TELEPOLICE","description":"Prot\u00e9gez votre entreprise","publisher":{"@id":"https:\/\/telepolice.be\/#organization"},"potentialAction":[{"@type":"SearchAction","target":{"@type":"EntryPoint","urlTemplate":"https:\/\/telepolice.be\/?s={search_term_string}"},"query-input":{"@type":"PropertyValueSpecification","valueRequired":true,"valueName":"search_term_string"}}],"inLanguage":"fr-FR"},{"@type":"Organization","@id":"https:\/\/telepolice.be\/#organization","name":"TELE POLICE","url":"https:\/\/telepolice.be\/","logo":{"@type":"ImageObject","inLanguage":"fr-FR","@id":"https:\/\/telepolice.be\/#\/schema\/logo\/image\/","url":"https:\/\/telepolice.be\/wp-content\/uploads\/2019\/04\/cropped-logotelepolice-3.png","contentUrl":"https:\/\/telepolice.be\/wp-content\/uploads\/2019\/04\/cropped-logotelepolice-3.png","width":408,"height":65,"caption":"TELE POLICE"},"image":{"@id":"https:\/\/telepolice.be\/#\/schema\/logo\/image\/"}}]}},"_links":{"self":[{"href":"https:\/\/telepolice.be\/index.php\/wp-json\/wp\/v2\/product\/1095","targetHints":{"allow":["GET"]}}],"collection":[{"href":"https:\/\/telepolice.be\/index.php\/wp-json\/wp\/v2\/product"}],"about":[{"href":"https:\/\/telepolice.be\/index.php\/wp-json\/wp\/v2\/types\/product"}],"wp:featuredmedia":[{"embeddable":true,"href":"https:\/\/telepolice.be\/index.php\/wp-json\/wp\/v2\/media\/1406"}],"wp:attachment":[{"href":"https:\/\/telepolice.be\/index.php\/wp-json\/wp\/v2\/media?parent=1095"}],"wp:term":[{"taxonomy":"product_brand","embeddable":true,"href":"https:\/\/telepolice.be\/index.php\/wp-json\/wp\/v2\/product_brand?post=1095"},{"taxonomy":"product_cat","embeddable":true,"href":"https:\/\/telepolice.be\/index.php\/wp-json\/wp\/v2\/product_cat?post=1095"},{"taxonomy":"product_tag","embeddable":true,"href":"https:\/\/telepolice.be\/index.php\/wp-json\/wp\/v2\/product_tag?post=1095"}],"curies":[{"name":"wp","href":"https:\/\/api.w.org\/{rel}","templated":true}]}}