{"id":1094,"date":"2019-04-03T14:12:36","date_gmt":"2019-04-03T12:12:36","guid":{"rendered":"https:\/\/telepolice.be\/?post_type=product&#038;p=1094"},"modified":"2019-04-23T12:58:42","modified_gmt":"2019-04-23T10:58:42","slug":"telecommande-sos-live-guarding","status":"publish","type":"product","link":"https:\/\/telepolice.be\/index.php\/product\/telecommande-sos-live-guarding\/","title":{"rendered":"T\u00e9l\u00e9commande SOS Live Guarding \u00ae"},"content":{"rendered":"<p>T\u00e9l\u00e9police Vision reprend son usage avec <em>les boutons SOS des t\u00e9l\u00e9commandes Live Guarding \u00ae<\/em> pouvant \u00e9quiper les <a href=\"https:\/\/telepolice.be\/index.php\/product\/decr\/\"><strong>D.E.C.R.<\/strong><\/a><\/p>\n<p>Coupler \u00e0 un syst\u00e8me d\u2019analyse du comportement d\u2019appel de r\u00e9ception <strong>Eagle \u00ae<\/strong>, le syst\u00e8me d\u00e9termine la nature de l\u2019utilisation faite et donc de la v\u00e9racit\u00e9 de l\u2019appel.<\/p>\n<p>Quant au service <strong>Live Guarding \u00ae<\/strong>, il utilise<em> les cam\u00e9ras T\u00e9l\u00e9police Vision \u00ae<\/em> ou sa propre cam\u00e9ra. Dans le cadre du respect de la vie priv\u00e9e et usage de la vid\u00e9o protection \u00e0 distance, le principe sollicite une autorisation de l\u2019utilisateur avant l\u2019activation de la surveillance vid\u00e9o.<\/p>\n","protected":false},"excerpt":{"rendered":"<p>T\u00e9l\u00e9police Vision reprend son usage avec les boutons SOS des t\u00e9l\u00e9commandes Live Guarding \u00ae pouvant \u00e9quiper les D.E.C.R. Coupler \u00e0 un syst\u00e8me d\u2019analyse du comportement d\u2019appel de r\u00e9ception Eagle \u00ae, le syst\u00e8me d\u00e9termine la nature de l\u2019utilisation faite et donc de la v\u00e9racit\u00e9 de l\u2019appel. Quant au service Live Guarding \u00ae, il utilise les cam\u00e9ras&hellip; <br \/> <a class=\"read-more\" href=\"https:\/\/telepolice.be\/index.php\/product\/telecommande-sos-live-guarding\/\">Lire la suite<\/a><\/p>\n","protected":false},"featured_media":1934,"template":"","meta":[],"product_brand":[],"product_cat":[22],"product_tag":[31,631,627,629],"class_list":{"0":"post-1094","1":"product","2":"type-product","3":"status-publish","4":"has-post-thumbnail","6":"product_cat-produits","7":"product_tag-appel-telepolice-vision","8":"product_tag-decr","9":"product_tag-live-guarding","10":"product_tag-serveur-eagle","12":"first","13":"instock","14":"taxable","15":"shipping-taxable","16":"product-type-simple"},"yoast_head":"<!-- This site is optimized with the Yoast SEO plugin v27.5 - https:\/\/yoast.com\/product\/yoast-seo-wordpress\/ -->\n<title>T\u00e9l\u00e9commande SOS Live Guarding \u00ae - TELEPOLICE<\/title>\n<meta name=\"robots\" content=\"index, follow, max-snippet:-1, max-image-preview:large, max-video-preview:-1\" \/>\n<link rel=\"canonical\" href=\"https:\/\/telepolice.be\/index.php\/product\/telecommande-sos-live-guarding\/\" \/>\n<meta property=\"og:locale\" content=\"fr_FR\" \/>\n<meta property=\"og:type\" content=\"article\" \/>\n<meta property=\"og:title\" content=\"T\u00e9l\u00e9commande SOS Live Guarding \u00ae - TELEPOLICE\" \/>\n<meta property=\"og:description\" content=\"T\u00e9l\u00e9police Vision reprend son usage avec les boutons SOS des t\u00e9l\u00e9commandes Live Guarding \u00ae pouvant \u00e9quiper les D.E.C.R. Coupler \u00e0 un syst\u00e8me d\u2019analyse du comportement d\u2019appel de r\u00e9ception Eagle \u00ae, le syst\u00e8me d\u00e9termine la nature de l\u2019utilisation faite et donc de la v\u00e9racit\u00e9 de l\u2019appel. Quant au service Live Guarding \u00ae, il utilise les cam\u00e9ras&hellip; Lire la suite\" \/>\n<meta property=\"og:url\" content=\"https:\/\/telepolice.be\/index.php\/product\/telecommande-sos-live-guarding\/\" \/>\n<meta property=\"og:site_name\" content=\"TELEPOLICE\" \/>\n<meta property=\"article:modified_time\" content=\"2019-04-23T10:58:42+00:00\" \/>\n<meta property=\"og:image\" content=\"https:\/\/telepolice.be\/wp-content\/uploads\/2019\/04\/telecomsos-01.jpg\" \/>\n\t<meta property=\"og:image:width\" content=\"1181\" \/>\n\t<meta property=\"og:image:height\" content=\"1181\" \/>\n\t<meta property=\"og:image:type\" content=\"image\/jpeg\" \/>\n<meta name=\"twitter:card\" content=\"summary_large_image\" \/>\n<meta name=\"twitter:label1\" content=\"Dur\u00e9e de lecture estim\u00e9e\" \/>\n\t<meta name=\"twitter:data1\" content=\"1 minute\" \/>\n<script type=\"application\/ld+json\" class=\"yoast-schema-graph\">{\"@context\":\"https:\\\/\\\/schema.org\",\"@graph\":[{\"@type\":\"WebPage\",\"@id\":\"https:\\\/\\\/telepolice.be\\\/index.php\\\/product\\\/telecommande-sos-live-guarding\\\/\",\"url\":\"https:\\\/\\\/telepolice.be\\\/index.php\\\/product\\\/telecommande-sos-live-guarding\\\/\",\"name\":\"T\u00e9l\u00e9commande SOS Live Guarding \u00ae - TELEPOLICE\",\"isPartOf\":{\"@id\":\"https:\\\/\\\/telepolice.be\\\/#website\"},\"primaryImageOfPage\":{\"@id\":\"https:\\\/\\\/telepolice.be\\\/index.php\\\/product\\\/telecommande-sos-live-guarding\\\/#primaryimage\"},\"image\":{\"@id\":\"https:\\\/\\\/telepolice.be\\\/index.php\\\/product\\\/telecommande-sos-live-guarding\\\/#primaryimage\"},\"thumbnailUrl\":\"https:\\\/\\\/telepolice.be\\\/wp-content\\\/uploads\\\/2019\\\/04\\\/telecomsos-01.jpg\",\"datePublished\":\"2019-04-03T12:12:36+00:00\",\"dateModified\":\"2019-04-23T10:58:42+00:00\",\"breadcrumb\":{\"@id\":\"https:\\\/\\\/telepolice.be\\\/index.php\\\/product\\\/telecommande-sos-live-guarding\\\/#breadcrumb\"},\"inLanguage\":\"fr-FR\",\"potentialAction\":[{\"@type\":\"ReadAction\",\"target\":[\"https:\\\/\\\/telepolice.be\\\/index.php\\\/product\\\/telecommande-sos-live-guarding\\\/\"]}]},{\"@type\":\"ImageObject\",\"inLanguage\":\"fr-FR\",\"@id\":\"https:\\\/\\\/telepolice.be\\\/index.php\\\/product\\\/telecommande-sos-live-guarding\\\/#primaryimage\",\"url\":\"https:\\\/\\\/telepolice.be\\\/wp-content\\\/uploads\\\/2019\\\/04\\\/telecomsos-01.jpg\",\"contentUrl\":\"https:\\\/\\\/telepolice.be\\\/wp-content\\\/uploads\\\/2019\\\/04\\\/telecomsos-01.jpg\",\"width\":1181,\"height\":1181},{\"@type\":\"BreadcrumbList\",\"@id\":\"https:\\\/\\\/telepolice.be\\\/index.php\\\/product\\\/telecommande-sos-live-guarding\\\/#breadcrumb\",\"itemListElement\":[{\"@type\":\"ListItem\",\"position\":1,\"name\":\"Accueil\",\"item\":\"https:\\\/\\\/telepolice.be\\\/\"},{\"@type\":\"ListItem\",\"position\":2,\"name\":\"Producten\",\"item\":\"https:\\\/\\\/telepolice.be\\\/index.php\\\/nl\\\/winkel\\\/\"},{\"@type\":\"ListItem\",\"position\":3,\"name\":\"T\u00e9l\u00e9commande SOS Live Guarding \u00ae\"}]},{\"@type\":\"WebSite\",\"@id\":\"https:\\\/\\\/telepolice.be\\\/#website\",\"url\":\"https:\\\/\\\/telepolice.be\\\/\",\"name\":\"TELEPOLICE\",\"description\":\"Prot\u00e9gez votre entreprise\",\"publisher\":{\"@id\":\"https:\\\/\\\/telepolice.be\\\/#organization\"},\"potentialAction\":[{\"@type\":\"SearchAction\",\"target\":{\"@type\":\"EntryPoint\",\"urlTemplate\":\"https:\\\/\\\/telepolice.be\\\/?s={search_term_string}\"},\"query-input\":{\"@type\":\"PropertyValueSpecification\",\"valueRequired\":true,\"valueName\":\"search_term_string\"}}],\"inLanguage\":\"fr-FR\"},{\"@type\":\"Organization\",\"@id\":\"https:\\\/\\\/telepolice.be\\\/#organization\",\"name\":\"TELE POLICE\",\"url\":\"https:\\\/\\\/telepolice.be\\\/\",\"logo\":{\"@type\":\"ImageObject\",\"inLanguage\":\"fr-FR\",\"@id\":\"https:\\\/\\\/telepolice.be\\\/#\\\/schema\\\/logo\\\/image\\\/\",\"url\":\"https:\\\/\\\/telepolice.be\\\/wp-content\\\/uploads\\\/2019\\\/04\\\/cropped-logotelepolice-3.png\",\"contentUrl\":\"https:\\\/\\\/telepolice.be\\\/wp-content\\\/uploads\\\/2019\\\/04\\\/cropped-logotelepolice-3.png\",\"width\":408,\"height\":65,\"caption\":\"TELE POLICE\"},\"image\":{\"@id\":\"https:\\\/\\\/telepolice.be\\\/#\\\/schema\\\/logo\\\/image\\\/\"}}]}<\/script>\n<!-- \/ Yoast SEO plugin. -->","yoast_head_json":{"title":"T\u00e9l\u00e9commande SOS Live Guarding \u00ae - TELEPOLICE","robots":{"index":"index","follow":"follow","max-snippet":"max-snippet:-1","max-image-preview":"max-image-preview:large","max-video-preview":"max-video-preview:-1"},"canonical":"https:\/\/telepolice.be\/index.php\/product\/telecommande-sos-live-guarding\/","og_locale":"fr_FR","og_type":"article","og_title":"T\u00e9l\u00e9commande SOS Live Guarding \u00ae - TELEPOLICE","og_description":"T\u00e9l\u00e9police Vision reprend son usage avec les boutons SOS des t\u00e9l\u00e9commandes Live Guarding \u00ae pouvant \u00e9quiper les D.E.C.R. Coupler \u00e0 un syst\u00e8me d\u2019analyse du comportement d\u2019appel de r\u00e9ception Eagle \u00ae, le syst\u00e8me d\u00e9termine la nature de l\u2019utilisation faite et donc de la v\u00e9racit\u00e9 de l\u2019appel. Quant au service Live Guarding \u00ae, il utilise les cam\u00e9ras&hellip; Lire la suite","og_url":"https:\/\/telepolice.be\/index.php\/product\/telecommande-sos-live-guarding\/","og_site_name":"TELEPOLICE","article_modified_time":"2019-04-23T10:58:42+00:00","og_image":[{"width":1181,"height":1181,"url":"https:\/\/telepolice.be\/wp-content\/uploads\/2019\/04\/telecomsos-01.jpg","type":"image\/jpeg"}],"twitter_card":"summary_large_image","twitter_misc":{"Dur\u00e9e de lecture estim\u00e9e":"1 minute"},"schema":{"@context":"https:\/\/schema.org","@graph":[{"@type":"WebPage","@id":"https:\/\/telepolice.be\/index.php\/product\/telecommande-sos-live-guarding\/","url":"https:\/\/telepolice.be\/index.php\/product\/telecommande-sos-live-guarding\/","name":"T\u00e9l\u00e9commande SOS Live Guarding \u00ae - TELEPOLICE","isPartOf":{"@id":"https:\/\/telepolice.be\/#website"},"primaryImageOfPage":{"@id":"https:\/\/telepolice.be\/index.php\/product\/telecommande-sos-live-guarding\/#primaryimage"},"image":{"@id":"https:\/\/telepolice.be\/index.php\/product\/telecommande-sos-live-guarding\/#primaryimage"},"thumbnailUrl":"https:\/\/telepolice.be\/wp-content\/uploads\/2019\/04\/telecomsos-01.jpg","datePublished":"2019-04-03T12:12:36+00:00","dateModified":"2019-04-23T10:58:42+00:00","breadcrumb":{"@id":"https:\/\/telepolice.be\/index.php\/product\/telecommande-sos-live-guarding\/#breadcrumb"},"inLanguage":"fr-FR","potentialAction":[{"@type":"ReadAction","target":["https:\/\/telepolice.be\/index.php\/product\/telecommande-sos-live-guarding\/"]}]},{"@type":"ImageObject","inLanguage":"fr-FR","@id":"https:\/\/telepolice.be\/index.php\/product\/telecommande-sos-live-guarding\/#primaryimage","url":"https:\/\/telepolice.be\/wp-content\/uploads\/2019\/04\/telecomsos-01.jpg","contentUrl":"https:\/\/telepolice.be\/wp-content\/uploads\/2019\/04\/telecomsos-01.jpg","width":1181,"height":1181},{"@type":"BreadcrumbList","@id":"https:\/\/telepolice.be\/index.php\/product\/telecommande-sos-live-guarding\/#breadcrumb","itemListElement":[{"@type":"ListItem","position":1,"name":"Accueil","item":"https:\/\/telepolice.be\/"},{"@type":"ListItem","position":2,"name":"Producten","item":"https:\/\/telepolice.be\/index.php\/nl\/winkel\/"},{"@type":"ListItem","position":3,"name":"T\u00e9l\u00e9commande SOS Live Guarding \u00ae"}]},{"@type":"WebSite","@id":"https:\/\/telepolice.be\/#website","url":"https:\/\/telepolice.be\/","name":"TELEPOLICE","description":"Prot\u00e9gez votre entreprise","publisher":{"@id":"https:\/\/telepolice.be\/#organization"},"potentialAction":[{"@type":"SearchAction","target":{"@type":"EntryPoint","urlTemplate":"https:\/\/telepolice.be\/?s={search_term_string}"},"query-input":{"@type":"PropertyValueSpecification","valueRequired":true,"valueName":"search_term_string"}}],"inLanguage":"fr-FR"},{"@type":"Organization","@id":"https:\/\/telepolice.be\/#organization","name":"TELE POLICE","url":"https:\/\/telepolice.be\/","logo":{"@type":"ImageObject","inLanguage":"fr-FR","@id":"https:\/\/telepolice.be\/#\/schema\/logo\/image\/","url":"https:\/\/telepolice.be\/wp-content\/uploads\/2019\/04\/cropped-logotelepolice-3.png","contentUrl":"https:\/\/telepolice.be\/wp-content\/uploads\/2019\/04\/cropped-logotelepolice-3.png","width":408,"height":65,"caption":"TELE POLICE"},"image":{"@id":"https:\/\/telepolice.be\/#\/schema\/logo\/image\/"}}]}},"_links":{"self":[{"href":"https:\/\/telepolice.be\/index.php\/wp-json\/wp\/v2\/product\/1094","targetHints":{"allow":["GET"]}}],"collection":[{"href":"https:\/\/telepolice.be\/index.php\/wp-json\/wp\/v2\/product"}],"about":[{"href":"https:\/\/telepolice.be\/index.php\/wp-json\/wp\/v2\/types\/product"}],"wp:featuredmedia":[{"embeddable":true,"href":"https:\/\/telepolice.be\/index.php\/wp-json\/wp\/v2\/media\/1934"}],"wp:attachment":[{"href":"https:\/\/telepolice.be\/index.php\/wp-json\/wp\/v2\/media?parent=1094"}],"wp:term":[{"taxonomy":"product_brand","embeddable":true,"href":"https:\/\/telepolice.be\/index.php\/wp-json\/wp\/v2\/product_brand?post=1094"},{"taxonomy":"product_cat","embeddable":true,"href":"https:\/\/telepolice.be\/index.php\/wp-json\/wp\/v2\/product_cat?post=1094"},{"taxonomy":"product_tag","embeddable":true,"href":"https:\/\/telepolice.be\/index.php\/wp-json\/wp\/v2\/product_tag?post=1094"}],"curies":[{"name":"wp","href":"https:\/\/api.w.org\/{rel}","templated":true}]}}