{"id":1092,"date":"2019-04-03T13:51:08","date_gmt":"2019-04-03T11:51:08","guid":{"rendered":"https:\/\/telepolice.be\/?post_type=product&#038;p=1092"},"modified":"2019-04-23T12:57:43","modified_gmt":"2019-04-23T10:57:43","slug":"decr","status":"publish","type":"product","link":"https:\/\/telepolice.be\/index.php\/product\/decr\/","title":{"rendered":"D.E.C.R"},"content":{"rendered":"<h4><strong>Digital Enhanced Cordless Register<\/strong><\/h4>\n<p>Le <strong>DECR<\/strong> est une centrale radio autonome. Il se caract\u00e9rise par sa simplicit\u00e9 de mise en \u0153uvre et vient compl\u00e9ter <strong><a href=\"https:\/\/telepolice.be\/index.php\/product\/audiobel\/\">l\u2019Audiobel<\/a> \u2122<\/strong> dans la mesure qu\u2019il se raccorde simplement \u00e0 une prise de courant et il vous reliera sur les serveurs <strong>Egale \u00ae<\/strong> dans une forme de point to point.<\/p>\n<p>Le <strong>DECR<\/strong> permet de recevoir des p\u00e9riph\u00e9riques radio comme des t\u00e9l\u00e9commandes de type <strong>SOS<\/strong> ou des points fixes qui lance un appel agression en direct et ce depuis n\u2019importe quel <strong>DECR<\/strong> constituant votre r\u00e9seau d\u2019antenne de s\u00e9curit\u00e9. Le <strong>DECR<\/strong> offre de pouvoir ainsi \u00eatre multipli\u00e9 en fonction de la zone \u00e0 couvrir avec votre r\u00e9seau WIFI.<\/p>\n<p>Il est id\u00e9al pour des petites ou grandes infrastructures. Il s\u2019adapte \u00e0 votre besoin de s\u00e9curit\u00e9 qui d\u2019un point de vue fonctionnel n\u2019est pas en reste puisque dans certaines conditions de configuration, les tentatives de sabotage radio sont d\u00e9tect\u00e9es par le serveur de gestion.<\/p>\n<p>Le <strong>DECR<\/strong> est un syst\u00e8me point \u00e0 point tel que l\u2019on retrouve dans des risques importants. Il est utilis\u00e9 par le syst\u00e8me <strong>T\u00e9l\u00e9police Vision \u00ae<\/strong>. On retrouve le DECR dans le syst\u00e8me <strong>Live Guarding<\/strong> comme point de notification \u00e0 l\u2019activation de la vid\u00e9o protection par le centre de gardiennage. Mais \u00e9galement dans certaines configurations comme lien d\u2019activation <em>des cam\u00e9ras T\u00e9l\u00e9police Vision \u00ae<\/em> et <em>Live Guarding \u00ae<\/em> pour l\u2019enregistrement vid\u00e9o.<\/p>\n","protected":false},"excerpt":{"rendered":"<p>Le <strong>DECR<\/strong> est une centrale radio autonome. Il se caract\u00e9rise par sa simplicit\u00e9 de mise en \u0153uvre et vient compl\u00e9ter <strong><a href=\"https:\/\/telepolice.be\/index.php\/product\/audiobel\/\">l\u2019Audiobel<\/a> \u2122<\/strong> dans la mesure qu\u2019il se raccorde simplement \u00e0 une prise de courant et il vous reliera sur les serveurs <strong>Egale \u00ae<\/strong> dans une forme de point to point.<\/p>\n","protected":false},"featured_media":2455,"template":"","meta":[],"product_brand":[],"product_cat":[22],"product_tag":[31,670,666,629],"class_list":{"0":"post-1092","1":"product","2":"type-product","3":"status-publish","4":"has-post-thumbnail","6":"product_cat-produits","7":"product_tag-appel-telepolice-vision","8":"product_tag-pack-telepolice-vision","9":"product_tag-pack-telepolice-vision-plus","10":"product_tag-serveur-eagle","12":"first","13":"instock","14":"taxable","15":"shipping-taxable","16":"product-type-simple"},"yoast_head":"<!-- This site is optimized with the Yoast SEO plugin v27.3 - https:\/\/yoast.com\/product\/yoast-seo-wordpress\/ -->\n<title>D.E.C.R - TELEPOLICE<\/title>\n<meta name=\"robots\" content=\"index, follow, max-snippet:-1, max-image-preview:large, max-video-preview:-1\" \/>\n<link rel=\"canonical\" href=\"https:\/\/telepolice.be\/index.php\/product\/decr\/\" \/>\n<meta property=\"og:locale\" content=\"fr_FR\" \/>\n<meta property=\"og:type\" content=\"article\" \/>\n<meta property=\"og:title\" content=\"D.E.C.R - TELEPOLICE\" \/>\n<meta property=\"og:description\" content=\"Le DECR est une centrale radio autonome. Il se caract\u00e9rise par sa simplicit\u00e9 de mise en \u0153uvre et vient compl\u00e9ter l\u2019Audiobel \u2122 dans la mesure qu\u2019il se raccorde simplement \u00e0 une prise de courant et il vous reliera sur les serveurs Egale \u00ae dans une forme de point to point.\" \/>\n<meta property=\"og:url\" content=\"https:\/\/telepolice.be\/index.php\/product\/decr\/\" \/>\n<meta property=\"og:site_name\" content=\"TELEPOLICE\" \/>\n<meta property=\"article:modified_time\" content=\"2019-04-23T10:57:43+00:00\" \/>\n<meta property=\"og:image\" content=\"https:\/\/telepolice.be\/wp-content\/uploads\/2019\/04\/DECR-produit-01.jpg\" \/>\n\t<meta property=\"og:image:width\" content=\"3543\" \/>\n\t<meta property=\"og:image:height\" content=\"3543\" \/>\n\t<meta property=\"og:image:type\" content=\"image\/jpeg\" \/>\n<meta name=\"twitter:card\" content=\"summary_large_image\" \/>\n<meta name=\"twitter:label1\" content=\"Dur\u00e9e de lecture estim\u00e9e\" \/>\n\t<meta name=\"twitter:data1\" content=\"1 minute\" \/>\n<script type=\"application\/ld+json\" class=\"yoast-schema-graph\">{\"@context\":\"https:\\\/\\\/schema.org\",\"@graph\":[{\"@type\":\"WebPage\",\"@id\":\"https:\\\/\\\/telepolice.be\\\/index.php\\\/product\\\/decr\\\/\",\"url\":\"https:\\\/\\\/telepolice.be\\\/index.php\\\/product\\\/decr\\\/\",\"name\":\"D.E.C.R - TELEPOLICE\",\"isPartOf\":{\"@id\":\"https:\\\/\\\/telepolice.be\\\/#website\"},\"primaryImageOfPage\":{\"@id\":\"https:\\\/\\\/telepolice.be\\\/index.php\\\/product\\\/decr\\\/#primaryimage\"},\"image\":{\"@id\":\"https:\\\/\\\/telepolice.be\\\/index.php\\\/product\\\/decr\\\/#primaryimage\"},\"thumbnailUrl\":\"https:\\\/\\\/telepolice.be\\\/wp-content\\\/uploads\\\/2019\\\/04\\\/DECR-produit-01.jpg\",\"datePublished\":\"2019-04-03T11:51:08+00:00\",\"dateModified\":\"2019-04-23T10:57:43+00:00\",\"breadcrumb\":{\"@id\":\"https:\\\/\\\/telepolice.be\\\/index.php\\\/product\\\/decr\\\/#breadcrumb\"},\"inLanguage\":\"fr-FR\",\"potentialAction\":[{\"@type\":\"ReadAction\",\"target\":[\"https:\\\/\\\/telepolice.be\\\/index.php\\\/product\\\/decr\\\/\"]}]},{\"@type\":\"ImageObject\",\"inLanguage\":\"fr-FR\",\"@id\":\"https:\\\/\\\/telepolice.be\\\/index.php\\\/product\\\/decr\\\/#primaryimage\",\"url\":\"https:\\\/\\\/telepolice.be\\\/wp-content\\\/uploads\\\/2019\\\/04\\\/DECR-produit-01.jpg\",\"contentUrl\":\"https:\\\/\\\/telepolice.be\\\/wp-content\\\/uploads\\\/2019\\\/04\\\/DECR-produit-01.jpg\",\"width\":3543,\"height\":3543},{\"@type\":\"BreadcrumbList\",\"@id\":\"https:\\\/\\\/telepolice.be\\\/index.php\\\/product\\\/decr\\\/#breadcrumb\",\"itemListElement\":[{\"@type\":\"ListItem\",\"position\":1,\"name\":\"Accueil\",\"item\":\"https:\\\/\\\/telepolice.be\\\/\"},{\"@type\":\"ListItem\",\"position\":2,\"name\":\"Producten\",\"item\":\"https:\\\/\\\/telepolice.be\\\/index.php\\\/nl\\\/winkel\\\/\"},{\"@type\":\"ListItem\",\"position\":3,\"name\":\"D.E.C.R\"}]},{\"@type\":\"WebSite\",\"@id\":\"https:\\\/\\\/telepolice.be\\\/#website\",\"url\":\"https:\\\/\\\/telepolice.be\\\/\",\"name\":\"TELEPOLICE\",\"description\":\"Prot\u00e9gez votre entreprise\",\"publisher\":{\"@id\":\"https:\\\/\\\/telepolice.be\\\/#organization\"},\"potentialAction\":[{\"@type\":\"SearchAction\",\"target\":{\"@type\":\"EntryPoint\",\"urlTemplate\":\"https:\\\/\\\/telepolice.be\\\/?s={search_term_string}\"},\"query-input\":{\"@type\":\"PropertyValueSpecification\",\"valueRequired\":true,\"valueName\":\"search_term_string\"}}],\"inLanguage\":\"fr-FR\"},{\"@type\":\"Organization\",\"@id\":\"https:\\\/\\\/telepolice.be\\\/#organization\",\"name\":\"TELE POLICE\",\"url\":\"https:\\\/\\\/telepolice.be\\\/\",\"logo\":{\"@type\":\"ImageObject\",\"inLanguage\":\"fr-FR\",\"@id\":\"https:\\\/\\\/telepolice.be\\\/#\\\/schema\\\/logo\\\/image\\\/\",\"url\":\"https:\\\/\\\/telepolice.be\\\/wp-content\\\/uploads\\\/2019\\\/04\\\/cropped-logotelepolice-3.png\",\"contentUrl\":\"https:\\\/\\\/telepolice.be\\\/wp-content\\\/uploads\\\/2019\\\/04\\\/cropped-logotelepolice-3.png\",\"width\":408,\"height\":65,\"caption\":\"TELE POLICE\"},\"image\":{\"@id\":\"https:\\\/\\\/telepolice.be\\\/#\\\/schema\\\/logo\\\/image\\\/\"}}]}<\/script>\n<!-- \/ Yoast SEO plugin. -->","yoast_head_json":{"title":"D.E.C.R - TELEPOLICE","robots":{"index":"index","follow":"follow","max-snippet":"max-snippet:-1","max-image-preview":"max-image-preview:large","max-video-preview":"max-video-preview:-1"},"canonical":"https:\/\/telepolice.be\/index.php\/product\/decr\/","og_locale":"fr_FR","og_type":"article","og_title":"D.E.C.R - TELEPOLICE","og_description":"Le DECR est une centrale radio autonome. Il se caract\u00e9rise par sa simplicit\u00e9 de mise en \u0153uvre et vient compl\u00e9ter l\u2019Audiobel \u2122 dans la mesure qu\u2019il se raccorde simplement \u00e0 une prise de courant et il vous reliera sur les serveurs Egale \u00ae dans une forme de point to point.","og_url":"https:\/\/telepolice.be\/index.php\/product\/decr\/","og_site_name":"TELEPOLICE","article_modified_time":"2019-04-23T10:57:43+00:00","og_image":[{"width":3543,"height":3543,"url":"https:\/\/telepolice.be\/wp-content\/uploads\/2019\/04\/DECR-produit-01.jpg","type":"image\/jpeg"}],"twitter_card":"summary_large_image","twitter_misc":{"Dur\u00e9e de lecture estim\u00e9e":"1 minute"},"schema":{"@context":"https:\/\/schema.org","@graph":[{"@type":"WebPage","@id":"https:\/\/telepolice.be\/index.php\/product\/decr\/","url":"https:\/\/telepolice.be\/index.php\/product\/decr\/","name":"D.E.C.R - TELEPOLICE","isPartOf":{"@id":"https:\/\/telepolice.be\/#website"},"primaryImageOfPage":{"@id":"https:\/\/telepolice.be\/index.php\/product\/decr\/#primaryimage"},"image":{"@id":"https:\/\/telepolice.be\/index.php\/product\/decr\/#primaryimage"},"thumbnailUrl":"https:\/\/telepolice.be\/wp-content\/uploads\/2019\/04\/DECR-produit-01.jpg","datePublished":"2019-04-03T11:51:08+00:00","dateModified":"2019-04-23T10:57:43+00:00","breadcrumb":{"@id":"https:\/\/telepolice.be\/index.php\/product\/decr\/#breadcrumb"},"inLanguage":"fr-FR","potentialAction":[{"@type":"ReadAction","target":["https:\/\/telepolice.be\/index.php\/product\/decr\/"]}]},{"@type":"ImageObject","inLanguage":"fr-FR","@id":"https:\/\/telepolice.be\/index.php\/product\/decr\/#primaryimage","url":"https:\/\/telepolice.be\/wp-content\/uploads\/2019\/04\/DECR-produit-01.jpg","contentUrl":"https:\/\/telepolice.be\/wp-content\/uploads\/2019\/04\/DECR-produit-01.jpg","width":3543,"height":3543},{"@type":"BreadcrumbList","@id":"https:\/\/telepolice.be\/index.php\/product\/decr\/#breadcrumb","itemListElement":[{"@type":"ListItem","position":1,"name":"Accueil","item":"https:\/\/telepolice.be\/"},{"@type":"ListItem","position":2,"name":"Producten","item":"https:\/\/telepolice.be\/index.php\/nl\/winkel\/"},{"@type":"ListItem","position":3,"name":"D.E.C.R"}]},{"@type":"WebSite","@id":"https:\/\/telepolice.be\/#website","url":"https:\/\/telepolice.be\/","name":"TELEPOLICE","description":"Prot\u00e9gez votre entreprise","publisher":{"@id":"https:\/\/telepolice.be\/#organization"},"potentialAction":[{"@type":"SearchAction","target":{"@type":"EntryPoint","urlTemplate":"https:\/\/telepolice.be\/?s={search_term_string}"},"query-input":{"@type":"PropertyValueSpecification","valueRequired":true,"valueName":"search_term_string"}}],"inLanguage":"fr-FR"},{"@type":"Organization","@id":"https:\/\/telepolice.be\/#organization","name":"TELE POLICE","url":"https:\/\/telepolice.be\/","logo":{"@type":"ImageObject","inLanguage":"fr-FR","@id":"https:\/\/telepolice.be\/#\/schema\/logo\/image\/","url":"https:\/\/telepolice.be\/wp-content\/uploads\/2019\/04\/cropped-logotelepolice-3.png","contentUrl":"https:\/\/telepolice.be\/wp-content\/uploads\/2019\/04\/cropped-logotelepolice-3.png","width":408,"height":65,"caption":"TELE POLICE"},"image":{"@id":"https:\/\/telepolice.be\/#\/schema\/logo\/image\/"}}]}},"_links":{"self":[{"href":"https:\/\/telepolice.be\/index.php\/wp-json\/wp\/v2\/product\/1092","targetHints":{"allow":["GET"]}}],"collection":[{"href":"https:\/\/telepolice.be\/index.php\/wp-json\/wp\/v2\/product"}],"about":[{"href":"https:\/\/telepolice.be\/index.php\/wp-json\/wp\/v2\/types\/product"}],"wp:featuredmedia":[{"embeddable":true,"href":"https:\/\/telepolice.be\/index.php\/wp-json\/wp\/v2\/media\/2455"}],"wp:attachment":[{"href":"https:\/\/telepolice.be\/index.php\/wp-json\/wp\/v2\/media?parent=1092"}],"wp:term":[{"taxonomy":"product_brand","embeddable":true,"href":"https:\/\/telepolice.be\/index.php\/wp-json\/wp\/v2\/product_brand?post=1092"},{"taxonomy":"product_cat","embeddable":true,"href":"https:\/\/telepolice.be\/index.php\/wp-json\/wp\/v2\/product_cat?post=1092"},{"taxonomy":"product_tag","embeddable":true,"href":"https:\/\/telepolice.be\/index.php\/wp-json\/wp\/v2\/product_tag?post=1092"}],"curies":[{"name":"wp","href":"https:\/\/api.w.org\/{rel}","templated":true}]}}