{"id":1091,"date":"2019-04-03T13:25:24","date_gmt":"2019-04-03T11:25:24","guid":{"rendered":"https:\/\/telepolice.be\/?post_type=product&#038;p=1091"},"modified":"2019-04-23T12:46:58","modified_gmt":"2019-04-23T10:46:58","slug":"audiobel","status":"publish","type":"product","link":"https:\/\/telepolice.be\/index.php\/product\/audiobel\/","title":{"rendered":"Audiobel"},"content":{"rendered":"<p><strong>L\u2019Audiobel \u2122<\/strong> est un \u00e9quipement qui s\u2019apparente \u00e0 un bo\u00eetier de parlophone. Nous avons voulu privil\u00e9gier l\u2019aspect pratique. En utilisant un bo\u00eetier universel, nous avons \u00e9conomis\u00e9 sur le co\u00fbt du produit. N\u00e9anmoins, le bo\u00eetier est en acier l\u00e9g\u00e8rement adapt\u00e9 pour pouvoir placer l\u2019Audiobel sur un bureau, le fixer sous un bureau, sur un mur ou un plafond \u00e0 l\u2019int\u00e9rieur comme \u00e0 l\u2019ext\u00e9rieur.<\/p>\n<p>L\u2019Audiobel \u2122 a ainsi une protection adapt\u00e9e pour \u00eatre mis dans des conditions climatiques variables puisqu&rsquo;il peut \u00eatre plac\u00e9 \u00e0 l\u2019ext\u00e9rieur comme \u00e0 l&rsquo;int\u00e9rieur dans une cuisine, une boucherie, un labo, un garage\u2026<\/p>\n<p>Le dispositif <strong>Audiobel \u2122<\/strong> est en lien permanent avec <strong>le serveur Egale \u00ae<\/strong> de supervision et b\u00e9n\u00e9ficie d\u2019une surveillance technique avanc\u00e9e.<\/p>\n<p><strong>L\u2019audiobel \u2122<\/strong> offre de nombreuses configurations et permet de sonoriser des petites comme des grandes surfaces en passant naturellement par les petits magasins et bureaux.<\/p>\n<p>Il est le trait d\u2019union permettant d\u2019entendre mais \u00e9galement d\u2019interpeler \u00e0 distance. Ce produit est utilis\u00e9 par les services de police mais \u00e9galement par les services <strong>Live Guarding<\/strong> dans le cadre des services de gardiennage virtuel. On retrouve \u00e9galement l\u2019Audiobel dans l\u2019utilisation d\u2019autres services de t\u00e9l\u00e9gestion.<\/p>\n<p>Ce syst\u00e8me est conforme \u00e0 l\u2019aspect de la vie priv\u00e9e et il respecte la loi.<\/p>\n<p>Audiobel \u2122 est votre partenaire.<\/p>\n","protected":false},"excerpt":{"rendered":"<p><strong>L\u2019Audiobel \u2122<\/strong> est un \u00e9quipement qui s\u2019apparente \u00e0 un bo\u00eetier de parlophone.<\/p>\n<p>Le bo\u00eetier est en acier l\u00e9g\u00e8rement adapt\u00e9 pour pouvoir placer l\u2019Audiobel sur un bureau, le fixer sous un bureau, sur un mur ou un plafond \u00e0 l\u2019int\u00e9rieur comme \u00e0 l\u2019ext\u00e9rieur.<\/p>\n","protected":false},"featured_media":2459,"template":"","meta":[],"product_brand":[],"product_cat":[22],"product_tag":[31,670,666],"class_list":{"0":"post-1091","1":"product","2":"type-product","3":"status-publish","4":"has-post-thumbnail","6":"product_cat-produits","7":"product_tag-appel-telepolice-vision","8":"product_tag-pack-telepolice-vision","9":"product_tag-pack-telepolice-vision-plus","11":"first","12":"instock","13":"taxable","14":"shipping-taxable","15":"product-type-simple"},"yoast_head":"<!-- This site is optimized with the Yoast SEO plugin v27.5 - https:\/\/yoast.com\/product\/yoast-seo-wordpress\/ -->\n<title>Audiobel - TELEPOLICE<\/title>\n<meta name=\"robots\" content=\"index, follow, max-snippet:-1, max-image-preview:large, max-video-preview:-1\" \/>\n<link rel=\"canonical\" href=\"https:\/\/telepolice.be\/index.php\/product\/audiobel\/\" \/>\n<meta property=\"og:locale\" content=\"fr_FR\" \/>\n<meta property=\"og:type\" content=\"article\" \/>\n<meta property=\"og:title\" content=\"Audiobel - TELEPOLICE\" \/>\n<meta property=\"og:description\" content=\"L\u2019Audiobel \u2122 est un \u00e9quipement qui s\u2019apparente \u00e0 un bo\u00eetier de parlophone.  Le bo\u00eetier est en acier l\u00e9g\u00e8rement adapt\u00e9 pour pouvoir placer l\u2019Audiobel sur un bureau, le fixer sous un bureau, sur un mur ou un plafond \u00e0 l\u2019int\u00e9rieur comme \u00e0 l\u2019ext\u00e9rieur.\" \/>\n<meta property=\"og:url\" content=\"https:\/\/telepolice.be\/index.php\/product\/audiobel\/\" \/>\n<meta property=\"og:site_name\" content=\"TELEPOLICE\" \/>\n<meta property=\"article:modified_time\" content=\"2019-04-23T10:46:58+00:00\" \/>\n<meta property=\"og:image\" content=\"https:\/\/telepolice.be\/wp-content\/uploads\/2019\/04\/Audiobel-produits-01-1024x1024.jpg\" \/>\n\t<meta property=\"og:image:width\" content=\"1024\" \/>\n\t<meta property=\"og:image:height\" content=\"1024\" \/>\n\t<meta property=\"og:image:type\" content=\"image\/jpeg\" \/>\n<meta name=\"twitter:card\" content=\"summary_large_image\" \/>\n<meta name=\"twitter:label1\" content=\"Dur\u00e9e de lecture estim\u00e9e\" \/>\n\t<meta name=\"twitter:data1\" content=\"1 minute\" \/>\n<script type=\"application\/ld+json\" class=\"yoast-schema-graph\">{\"@context\":\"https:\\\/\\\/schema.org\",\"@graph\":[{\"@type\":\"WebPage\",\"@id\":\"https:\\\/\\\/telepolice.be\\\/index.php\\\/product\\\/audiobel\\\/\",\"url\":\"https:\\\/\\\/telepolice.be\\\/index.php\\\/product\\\/audiobel\\\/\",\"name\":\"Audiobel - TELEPOLICE\",\"isPartOf\":{\"@id\":\"https:\\\/\\\/telepolice.be\\\/#website\"},\"primaryImageOfPage\":{\"@id\":\"https:\\\/\\\/telepolice.be\\\/index.php\\\/product\\\/audiobel\\\/#primaryimage\"},\"image\":{\"@id\":\"https:\\\/\\\/telepolice.be\\\/index.php\\\/product\\\/audiobel\\\/#primaryimage\"},\"thumbnailUrl\":\"https:\\\/\\\/telepolice.be\\\/wp-content\\\/uploads\\\/2019\\\/04\\\/Audiobel-produits-01.jpg\",\"datePublished\":\"2019-04-03T11:25:24+00:00\",\"dateModified\":\"2019-04-23T10:46:58+00:00\",\"breadcrumb\":{\"@id\":\"https:\\\/\\\/telepolice.be\\\/index.php\\\/product\\\/audiobel\\\/#breadcrumb\"},\"inLanguage\":\"fr-FR\",\"potentialAction\":[{\"@type\":\"ReadAction\",\"target\":[\"https:\\\/\\\/telepolice.be\\\/index.php\\\/product\\\/audiobel\\\/\"]}]},{\"@type\":\"ImageObject\",\"inLanguage\":\"fr-FR\",\"@id\":\"https:\\\/\\\/telepolice.be\\\/index.php\\\/product\\\/audiobel\\\/#primaryimage\",\"url\":\"https:\\\/\\\/telepolice.be\\\/wp-content\\\/uploads\\\/2019\\\/04\\\/Audiobel-produits-01.jpg\",\"contentUrl\":\"https:\\\/\\\/telepolice.be\\\/wp-content\\\/uploads\\\/2019\\\/04\\\/Audiobel-produits-01.jpg\",\"width\":3543,\"height\":3543},{\"@type\":\"BreadcrumbList\",\"@id\":\"https:\\\/\\\/telepolice.be\\\/index.php\\\/product\\\/audiobel\\\/#breadcrumb\",\"itemListElement\":[{\"@type\":\"ListItem\",\"position\":1,\"name\":\"Accueil\",\"item\":\"https:\\\/\\\/telepolice.be\\\/\"},{\"@type\":\"ListItem\",\"position\":2,\"name\":\"Producten\",\"item\":\"https:\\\/\\\/telepolice.be\\\/index.php\\\/nl\\\/winkel\\\/\"},{\"@type\":\"ListItem\",\"position\":3,\"name\":\"Audiobel\"}]},{\"@type\":\"WebSite\",\"@id\":\"https:\\\/\\\/telepolice.be\\\/#website\",\"url\":\"https:\\\/\\\/telepolice.be\\\/\",\"name\":\"TELEPOLICE\",\"description\":\"Prot\u00e9gez votre entreprise\",\"publisher\":{\"@id\":\"https:\\\/\\\/telepolice.be\\\/#organization\"},\"potentialAction\":[{\"@type\":\"SearchAction\",\"target\":{\"@type\":\"EntryPoint\",\"urlTemplate\":\"https:\\\/\\\/telepolice.be\\\/?s={search_term_string}\"},\"query-input\":{\"@type\":\"PropertyValueSpecification\",\"valueRequired\":true,\"valueName\":\"search_term_string\"}}],\"inLanguage\":\"fr-FR\"},{\"@type\":\"Organization\",\"@id\":\"https:\\\/\\\/telepolice.be\\\/#organization\",\"name\":\"TELE POLICE\",\"url\":\"https:\\\/\\\/telepolice.be\\\/\",\"logo\":{\"@type\":\"ImageObject\",\"inLanguage\":\"fr-FR\",\"@id\":\"https:\\\/\\\/telepolice.be\\\/#\\\/schema\\\/logo\\\/image\\\/\",\"url\":\"https:\\\/\\\/telepolice.be\\\/wp-content\\\/uploads\\\/2019\\\/04\\\/cropped-logotelepolice-3.png\",\"contentUrl\":\"https:\\\/\\\/telepolice.be\\\/wp-content\\\/uploads\\\/2019\\\/04\\\/cropped-logotelepolice-3.png\",\"width\":408,\"height\":65,\"caption\":\"TELE POLICE\"},\"image\":{\"@id\":\"https:\\\/\\\/telepolice.be\\\/#\\\/schema\\\/logo\\\/image\\\/\"}}]}<\/script>\n<!-- \/ Yoast SEO plugin. -->","yoast_head_json":{"title":"Audiobel - TELEPOLICE","robots":{"index":"index","follow":"follow","max-snippet":"max-snippet:-1","max-image-preview":"max-image-preview:large","max-video-preview":"max-video-preview:-1"},"canonical":"https:\/\/telepolice.be\/index.php\/product\/audiobel\/","og_locale":"fr_FR","og_type":"article","og_title":"Audiobel - TELEPOLICE","og_description":"L\u2019Audiobel \u2122 est un \u00e9quipement qui s\u2019apparente \u00e0 un bo\u00eetier de parlophone.  Le bo\u00eetier est en acier l\u00e9g\u00e8rement adapt\u00e9 pour pouvoir placer l\u2019Audiobel sur un bureau, le fixer sous un bureau, sur un mur ou un plafond \u00e0 l\u2019int\u00e9rieur comme \u00e0 l\u2019ext\u00e9rieur.","og_url":"https:\/\/telepolice.be\/index.php\/product\/audiobel\/","og_site_name":"TELEPOLICE","article_modified_time":"2019-04-23T10:46:58+00:00","og_image":[{"width":1024,"height":1024,"url":"https:\/\/telepolice.be\/wp-content\/uploads\/2019\/04\/Audiobel-produits-01-1024x1024.jpg","type":"image\/jpeg"}],"twitter_card":"summary_large_image","twitter_misc":{"Dur\u00e9e de lecture estim\u00e9e":"1 minute"},"schema":{"@context":"https:\/\/schema.org","@graph":[{"@type":"WebPage","@id":"https:\/\/telepolice.be\/index.php\/product\/audiobel\/","url":"https:\/\/telepolice.be\/index.php\/product\/audiobel\/","name":"Audiobel - TELEPOLICE","isPartOf":{"@id":"https:\/\/telepolice.be\/#website"},"primaryImageOfPage":{"@id":"https:\/\/telepolice.be\/index.php\/product\/audiobel\/#primaryimage"},"image":{"@id":"https:\/\/telepolice.be\/index.php\/product\/audiobel\/#primaryimage"},"thumbnailUrl":"https:\/\/telepolice.be\/wp-content\/uploads\/2019\/04\/Audiobel-produits-01.jpg","datePublished":"2019-04-03T11:25:24+00:00","dateModified":"2019-04-23T10:46:58+00:00","breadcrumb":{"@id":"https:\/\/telepolice.be\/index.php\/product\/audiobel\/#breadcrumb"},"inLanguage":"fr-FR","potentialAction":[{"@type":"ReadAction","target":["https:\/\/telepolice.be\/index.php\/product\/audiobel\/"]}]},{"@type":"ImageObject","inLanguage":"fr-FR","@id":"https:\/\/telepolice.be\/index.php\/product\/audiobel\/#primaryimage","url":"https:\/\/telepolice.be\/wp-content\/uploads\/2019\/04\/Audiobel-produits-01.jpg","contentUrl":"https:\/\/telepolice.be\/wp-content\/uploads\/2019\/04\/Audiobel-produits-01.jpg","width":3543,"height":3543},{"@type":"BreadcrumbList","@id":"https:\/\/telepolice.be\/index.php\/product\/audiobel\/#breadcrumb","itemListElement":[{"@type":"ListItem","position":1,"name":"Accueil","item":"https:\/\/telepolice.be\/"},{"@type":"ListItem","position":2,"name":"Producten","item":"https:\/\/telepolice.be\/index.php\/nl\/winkel\/"},{"@type":"ListItem","position":3,"name":"Audiobel"}]},{"@type":"WebSite","@id":"https:\/\/telepolice.be\/#website","url":"https:\/\/telepolice.be\/","name":"TELEPOLICE","description":"Prot\u00e9gez votre entreprise","publisher":{"@id":"https:\/\/telepolice.be\/#organization"},"potentialAction":[{"@type":"SearchAction","target":{"@type":"EntryPoint","urlTemplate":"https:\/\/telepolice.be\/?s={search_term_string}"},"query-input":{"@type":"PropertyValueSpecification","valueRequired":true,"valueName":"search_term_string"}}],"inLanguage":"fr-FR"},{"@type":"Organization","@id":"https:\/\/telepolice.be\/#organization","name":"TELE POLICE","url":"https:\/\/telepolice.be\/","logo":{"@type":"ImageObject","inLanguage":"fr-FR","@id":"https:\/\/telepolice.be\/#\/schema\/logo\/image\/","url":"https:\/\/telepolice.be\/wp-content\/uploads\/2019\/04\/cropped-logotelepolice-3.png","contentUrl":"https:\/\/telepolice.be\/wp-content\/uploads\/2019\/04\/cropped-logotelepolice-3.png","width":408,"height":65,"caption":"TELE POLICE"},"image":{"@id":"https:\/\/telepolice.be\/#\/schema\/logo\/image\/"}}]}},"_links":{"self":[{"href":"https:\/\/telepolice.be\/index.php\/wp-json\/wp\/v2\/product\/1091","targetHints":{"allow":["GET"]}}],"collection":[{"href":"https:\/\/telepolice.be\/index.php\/wp-json\/wp\/v2\/product"}],"about":[{"href":"https:\/\/telepolice.be\/index.php\/wp-json\/wp\/v2\/types\/product"}],"wp:featuredmedia":[{"embeddable":true,"href":"https:\/\/telepolice.be\/index.php\/wp-json\/wp\/v2\/media\/2459"}],"wp:attachment":[{"href":"https:\/\/telepolice.be\/index.php\/wp-json\/wp\/v2\/media?parent=1091"}],"wp:term":[{"taxonomy":"product_brand","embeddable":true,"href":"https:\/\/telepolice.be\/index.php\/wp-json\/wp\/v2\/product_brand?post=1091"},{"taxonomy":"product_cat","embeddable":true,"href":"https:\/\/telepolice.be\/index.php\/wp-json\/wp\/v2\/product_cat?post=1091"},{"taxonomy":"product_tag","embeddable":true,"href":"https:\/\/telepolice.be\/index.php\/wp-json\/wp\/v2\/product_tag?post=1091"}],"curies":[{"name":"wp","href":"https:\/\/api.w.org\/{rel}","templated":true}]}}