{"id":857,"date":"2019-04-01T11:58:29","date_gmt":"2019-04-01T11:58:29","guid":{"rendered":"https:\/\/telepolice.be\/index.php\/mesmerize\/"},"modified":"2022-03-26T17:38:27","modified_gmt":"2022-03-26T16:38:27","slug":"mesmerize","status":"publish","type":"page","link":"https:\/\/telepolice.be\/","title":{"rendered":"Acceuil"},"content":{"rendered":"<div  data-label=\"Overlappable\" data-id=\"overlappable--1\" data-export-id=\"overlappable-4\" data-category=\"overlappable\" class=\"overlappable-4 content-section content-section-spacing\" data-overlap=\"true\" id=\"overlappable-2\" style=\"background-color: rgb(255, 255, 255);\"><div  class=\"gridContainer\"> <div  data-type=\"row\" class=\"row spaced-cols text-center\"><div  class=\"col-xs-12 col-sm-4 col-padding\"> <i  class=\"fa icon shadow-large-black aligncenter fa-clone reverse round large color7\"><\/i> <div  data-type=\"column\" class=\"\"> <h5  class=\"\">T\u00e9l\u00e9surveillance<\/h5> <p  class=\"\">Solutions de surveillance \u00e0 distance.\n<br >Toujours la tranquillit\u00e9 d\u2019esprit\n<br >Service unique en Belgique<\/p><\/div> <\/div> <div  class=\"col-xs-12 col-sm-4 col-padding\"> <i  class=\"fa icon shadow-large-black aligncenter fa-microchip reverse round large color7\"><\/i> <div  data-type=\"column\" class=\"\"><h5  class=\"\">Technologie Full IP<\/h5> <p  class=\"\">Solutions Innovantes de T\u00e9l\u00e9-vid\u00e9o surveillance pour anticiper les actes de malveillance et s\u00e9curiser les acc\u00e8s de votre entreprise.<\/p><\/div> <\/div> <div  class=\"col-xs-12 col-sm-4 col-padding\"> <i  class=\"fa icon shadow-large-black aligncenter fa-magic reverse round large color7\"><\/i> <div  data-type=\"column\" class=\"\"><h5  class=\"\">S\u00fbret\u00e9<\/h5> <p  class=\"\">Solutions de surveillance et de protection\n<br >Une seule pression sur le boutton et la police est pr\u00e9venue !<\/p><\/div> <\/div><\/div> <\/div><\/div><div  data-label=\"About\" data-id=\"about--1\" data-export-id=\"about-4\" data-category=\"about\" class=\"about-4 content-section content-section-spacing\" id=\"about-1\" style=\"background-color: rgb(245, 250, 253);\"><div  class=\"gridContainer\"> <div  class=\"row middle-sm text-center\"><div  class=\"col-sm-5 space-bottom-xs\" data-type=\"column\"> <h5  class=\"\"><span  style=\"font-family: &quot;Playfair Display&quot;, arial, helvetica, sans-serif; font-style: italic;\">S\u00e9curit\u00e9 &amp; S\u00fbret\u00e9<\/span><\/h5> <h2  class=\"\"><span  style=\"font-family: &quot;Playfair Display&quot;, arial, helvetica, sans-serif; font-style: italic;\">Plus de 20 ans d\u2019expertise<\/span>&nbsp;&nbsp;<\/h2> <p  class=\"\"><span  style=\"font-weight: 700;\"><\/span><span  style=\"font-style: italic;\">Le premier bo\u00eetier<\/span> d\u2019appel permettait de lancer simplement un signal cod\u00e9 en direction des services de police.\n<br >Arrive ensuite une 2\u00e8me g\u00e9n\u00e9ration d\u2019\u00e9quipements avec un principe d\u2019\u00e9coute qui permettait d\u2019entendre une ambiance sonore sur le site d\u2019o\u00f9 provenait l\u2019appel.<br >\nLa 3\u00e8me g\u00e9n\u00e9ration est commercialis\u00e9e \u00e0 partir de <span  style=\"font-weight: 600; font-family: &quot;Open Sans&quot;, arial, helvetica, sans-serif;\">2002<\/span>.<br >\nCette nouvelle g\u00e9n\u00e9ration fera conna\u00eetre la marque <span  style=\"font-weight: 600;\">T\u00e9l\u00e9police \u2122<\/span> comme un v\u00e9ritable outil policier offrant un v\u00e9ritable lien bidirectionnel en temps r\u00e9el.&nbsp;Ce nouveau concept permet \u00e0 la police d\u2019entendre et de converser avec le site de l\u2019agression<\/p> <a class=\"button color1\" href=\"https:\/\/telepolice.be\/index.php\/a-propos\" target=\"_self\" data-cp-link=\"1\" data-icon=\"\" rel=\"noopener noreferrer\">En savoir plus<\/a><\/div> <div  class=\"col-sm-7 flexbox center-xs middle-xs image-group-2-img\"> <a data-cp-link=\"1\" href=\"https:\/\/telepolice.be\/index.php\/a-propos\" class=\"img-1-anchor\" target=\"_self\" rel=\"noopener\"><img decoding=\"async\"  class=\"img-1 shadow-large\" data-size=\"250x200\" src=\"https:\/\/telepolice.be\/wp-content\/uploads\/2019\/04\/home-page-01-01-1.jpg\"><\/a> <a data-cp-link=\"1\" href=\"https:\/\/telepolice.be\/index.php\/nos-infrastructures\" class=\"img-2-anchor\" target=\"_self\" rel=\"noopener noreferrer\"><img decoding=\"async\"  class=\"img-2 shadow-large\" data-size=\"220x170\" src=\"https:\/\/telepolice.be\/wp-content\/uploads\/2019\/04\/cropped-t\u00e9lepolice-01-5.jpg\" alt=\"\" title=\"CCTV Security Camera\"><\/a><\/div> <\/div><\/div> <\/div><div  data-label=\"Content\" data-id=\"content--1\" data-export-id=\"content-10\" data-category=\"content\" class=\"content-10 content-section content-section-spacing\" id=\"content-1\" style=\"background-color: rgb(255, 255, 255); background-image: none;\"><div  class=\"gridContainer\"> <div  class=\"row middle-sm\"><div  class=\"col-sm-6 center-xs middle-xs space-bottom-xs\"> <div  class=\"lightbox-video lightbox-video-tall dark-overlay shadow-large flexbox middle-xs center-xs\" data-type=\"group\" data-bg=\"image\" style=\"background-image: url(&quot;https:\/\/telepolice.be\/wp-content\/uploads\/2019\/04\/cropped-telepolice-vision-1.jpg&quot;);\"> <a  data-fancybox=\"\" data-video-lightbox=\"true\" href=\"\/wp-content\/uploads\/2019\/video\/affaires_non_telepolice2.mp4\" class=\"\"> <i  data-cp-fa=\"true\" class=\"fa video-icon fa-play-circle-o color-white\"><\/i><\/a> <\/div><\/div> <div  class=\"col-sm-6 space-bottom-xs\" data-type=\"column\"><h2  class=\"\">Une solution diff\u00e9rente : <\/h2> <p  class=\"\" style=\"text-align: justify;\"><span  style=\"font-weight: 600;\">\n<br >La nuit, votre syst\u00e8me d\u2019alarme veille sur votre \u00e9tablissement. Mais avez-vous d\u00e9j\u00e0 song\u00e9 \u00e0 votre s\u00e9curit\u00e9, et \u00e0 celle de vos collaborateurs en journ\u00e9e, pendant les heures d\u2019ouverture ?\n<br ><br ><br >T\u00e9l\u00e9police Vision \u00ae <\/span>est un dispositif d\u2019appel de s\u00e9curit\u00e9 qui vous relie directement aupr\u00e8s <span  style=\"font-weight: 300;\">des services de police partenaires, en journ\u00e9e aussi,vous pouvez dormir sur vos deux oreilles..\n<\/span><br >Notre offre de s\u00e9curisation de quartier d\u2019affaires de nos partenaires est gratuite suivant leur demande.<br >Nous travaillons \u00e9galement avec le <span  style=\"font-weight: 300;\">D.O.R.S <\/span>\u00ab <span  style=\"font-weight: 300;\">Dispatching Op\u00e9rationnel R\u00e9gional de S\u00e9curit\u00e9 \u00bb<\/span>, qui assure la supervision du dispositif install\u00e9 dans les diff\u00e9rents services de police.<\/p> <a class=\"link\" href=\"https:\/\/telepolice.be\/index.php\/pourquoi-telepolice-vision\" target=\"_self\" data-cp-link=\"1\" rel=\"noopener noreferrer\">Pourquoi T\u00e9l\u00e9police Vision ?<\/a><\/div> <\/div><\/div> <\/div><div  data-label=\"Content\" data-id=\"content--2\" data-export-id=\"content-7\" data-category=\"content\" class=\"content-7 content-section content-section-spacing\" id=\"content-2\" style=\"background-color: rgb(245, 250, 253);\"><div  class=\"gridContainer\"> <div  class=\"row middle-sm\"><div  class=\"col-sm-6 space-bottom-xs\" data-type=\"column\"> <h2  class=\"\">Un syst\u00e8me Innovant<\/h2> <p  class=\"\" style=\"text-align: justify;\"><span  style=\"font-weight: 600;\">T\u00e9l\u00e9police Vision \u00ae<\/span> marque la diff\u00e9rence en vous offrant un syst\u00e8me d\u2019appel aux services de police partenaires avec des principes compl\u00e9mentaires dans le but <span  style=\"font-weight: 300;\">de servir la collectivit\u00e9 !\n<\/span><br ><br >Nous avons collabor\u00e9 dans la mise en place de politique de s\u00e9curisation des commerces et de pr\u00e9vention active avec une technologie \u00e9volutive con\u00e7ue pour les autorit\u00e9s publiques.\n<br ><span  style=\"font-style: italic;\">Des images directement transmises<\/span> dans les v\u00e9hicules de <span  style=\"font-weight: 300;\">POLICE <\/span>qui obtiennent plus rapidement une description exacte d\u2019un suspect. \n<br ><br ><span  style=\"font-weight: 300;\">T\u00e9l\u00e9police<\/span> permet le pilotage automatique des cam\u00e9ras publiques afin de suivre la fuite d\u2019un suspect.<\/p> <a class=\"button color1\" href=\"https:\/\/telepolice.be\/index.php\/nos-infrastructures\" target=\"_self\" data-cp-link=\"1\" data-icon=\"\" rel=\"noopener noreferrer\">Nos infrastructures<\/a><\/div> <div  class=\"col-sm-6\" data-type=\"column\"> <img decoding=\"async\"  class=\"shadow-large\" src=\"https:\/\/telepolice.be\/wp-content\/uploads\/2019\/04\/cropped-acceuil-01.jpg\" alt=\"\" title=\"cropped-acceuil-01.jpg\"><\/div> <\/div><\/div> <\/div><div  data-label=\"Pricing\" data-id=\"pricing--2\" data-export-id=\"pricing-3\" data-category=\"pricing\" data-featured-class=\"pricing-featured\" class=\"pricing-3 content-section content-section-spacing\" id=\"pricing-2\" style=\"background-color: rgb(3, 169, 244); background-image: none;\"><div  class=\"gridContainer\"> <div  class=\"row middle-sm\"><div  class=\"col-xs-12 col-sm-4 col-padding-xs\" data-type=\"column\"> <h2  class=\"\"><span  style=\"color: rgb(255, 255, 255);\">Nos Packs<\/span><\/h2> <p  class=\"lead\"><span  style=\"color: rgb(255, 255, 255); font-weight: 400;\">T\u00e9l\u00e9police vision vous offre deux formules de s\u00e9curisation sp\u00e9cifiques aux risques d\u2019agressions adaptables \u00e0 vos exigences en fonction de votre activit\u00e9 et attente.<\/span><\/p><a class=\"button big color2\" href=\"https:\/\/telepolice.be\/index.php\/nos-solutions\" target=\"_self\" data-cp-link=\"1\" data-icon=\"\" rel=\"noopener noreferrer\">En savoir plus<\/a><\/div> <div  class=\"col-xs-12 col-sm-8\"><div  class=\"row middle-sm spaced-cols center-sm\" data-type=\"row\"> <div  data-default=\"no-class\" data-featured=\"shadow-large\" class=\"col-xs-12 col-sm-6 card-replacer text-center pos-rel shadow-large pricing-featured\"><div  class=\"top-right-triangle color2\" data-fixed=\"true\"><\/div> <h5  class=\"upper\">LE PACK T\u00c9L\u00c9POLICE VISION<\/h5> <i  class=\"fa icon fa-plane big color2 round round-background reverse\"><\/i> <h3  class=\"h1\">\u20ac50<\/h3> <p  data-default=\"color1\" data-featured=\"color2\" class=\"small color2\">par mois<\/p> <ul  class=\"unstyled stared decoration-color1 text-center black\"><li >Un audiobel<\/li><li >Une cam\u00e9ra T\u00e9l\u00e9police Vision HD<\/li><li >Ces co\u00fbts sont en outre fiscalement d\u00e9ductibles \u00e0 120% !<\/li><\/ul> <a data-default=\"color1\" data-featured=\"color2\" class=\"button upper y-move color1 outline\" href=\"https:\/\/telepolice.be\/index.php\/commande\" target=\"_self\" data-cp-link=\"1\" data-icon=\"\" rel=\"noopener noreferrer\">Je passe une commande !<\/a><\/div> <div  data-default=\"no-class\" data-featured=\"shadow-large\" class=\"col-xs-12 col-sm-6 card-replacer text-center pos-rel\"><div  class=\"top-right-triangle color2\" data-fixed=\"true\"><\/div> <h5  class=\"upper\">LE PACK T\u00c9L\u00c9POLICE VISION PLUS<\/h5> <i  class=\"fa icon fa-rocket big color2 round round-background reverse\"><\/i> <h3  class=\"h1\">\u20ac65<\/h3> <p  data-default=\"color1\" data-featured=\"color2\" class=\"small color1\">par mois<\/p> <ul  class=\"unstyled stared decoration-color1 text-center black\"><li >Un audiobel<\/li><li >Une cam\u00e9ra T\u00e9l\u00e9police Vision HD<\/li><li >Une t\u00e9l\u00e9commande<\/li><li >Un enregistreur vid\u00e9o num\u00e9rique local<\/li><li >Ces co\u00fbts sont en outre fiscalement d\u00e9ductibles \u00e0 120% !<\/li><\/ul> <a class=\"link\" href=\"https:\/\/telepolice.be\/index.php\/nos-solutions\" target=\"_self\" data-cp-link=\"1\" rel=\"noopener\">La formule Win Win ne payez que pour le service, pas de frais d\u2019installation <\/a><a data-default=\"color1\" data-featured=\"color2\" class=\"button upper y-move color2 outline\" href=\"https:\/\/telepolice.be\/index.php\/commande\" target=\"_self\" data-cp-link=\"1\" data-icon=\"\" rel=\"noopener noreferrer\">Je passe une commande !<\/a><\/div> <\/div><\/div> <\/div><\/div> <\/div><div  id=\"cta-1\" data-label=\"Cta\" data-id=\"cta-blue-section\" data-export-id=\"cta-blue-section\" data-category=\"cta\" class=\"cta-blue-section content-section content-section-spacing-medium bg-color1 white-text\"><div  class=\"gridContainer\"> <div  class=\"row middle-xs\"><div  class=\"col-sm-8 space-bottom-xs\" data-type=\"column\"> <h2  class=\"\">Une question sur nos offres ?<\/h2> <h5  class=\"\"><span  style=\"font-weight: 300;\">Avez-vous encore des questions ou souhaitez-vous une offre gratuite ?<\/span><br ><span  style=\"font-weight: 300;\">\nCompl\u00e9tez vos <span  style=\"font-family: terminal, monaco, monospace;\">coordonn\u00e9es<\/span>&nbsp;et nous vous recontacterons dans les meilleurs d\u00e9lais.<\/span><span  id=\"_mce_caret\" data-mce-bogus=\"1\" data-mce-type=\"format-caret\"><span  style=\"font-weight: 300;\">\ufeff<\/span><\/span><\/h5><\/div> <div  class=\"col-sm-4 end-sm\" data-type=\"column\"> <a class=\"button big color2\" href=\"https:\/\/telepolice.be\/index.php\/contactez-nous\" target=\"_self\" data-cp-link=\"1\" data-icon=\"\" rel=\"noopener noreferrer\">Contactez-nous<\/a><\/div> <\/div><\/div> <\/div>","protected":false},"excerpt":{"rendered":"<p>T\u00e9l\u00e9surveillance Solutions de surveillance \u00e0 distance. Toujours la tranquillit\u00e9 d\u2019esprit Service unique en Belgique Technologie Full IP Solutions Innovantes de T\u00e9l\u00e9-vid\u00e9o surveillance pour anticiper les actes de malveillance et s\u00e9curiser les acc\u00e8s de votre entreprise. S\u00fbret\u00e9 Solutions de surveillance et de protection Une seule pression sur le boutton et la police est pr\u00e9venue ! S\u00e9curit\u00e9&hellip; <br \/> <a class=\"read-more\" href=\"https:\/\/telepolice.be\/\">Lire la suite<\/a><\/p>\n","protected":false},"author":1,"featured_media":0,"parent":0,"menu_order":0,"comment_status":"closed","ping_status":"closed","template":"","meta":{"footnotes":""},"class_list":["post-857","page","type-page","status-publish","hentry"],"yoast_head":"<!-- This site is optimized with the Yoast SEO plugin v27.3 - https:\/\/yoast.com\/product\/yoast-seo-wordpress\/ -->\n<title>Acceuil - TELEPOLICE<\/title>\n<meta name=\"robots\" content=\"index, follow, max-snippet:-1, max-image-preview:large, max-video-preview:-1\" \/>\n<link rel=\"canonical\" href=\"https:\/\/telepolice.be\/\" \/>\n<meta property=\"og:locale\" content=\"fr_FR\" \/>\n<meta property=\"og:type\" content=\"article\" \/>\n<meta property=\"og:title\" content=\"Acceuil - TELEPOLICE\" \/>\n<meta property=\"og:description\" content=\"T\u00e9l\u00e9surveillance Solutions de surveillance \u00e0 distance. Toujours la tranquillit\u00e9 d\u2019esprit Service unique en Belgique Technologie Full IP Solutions Innovantes de T\u00e9l\u00e9-vid\u00e9o surveillance pour anticiper les actes de malveillance et s\u00e9curiser les acc\u00e8s de votre entreprise. S\u00fbret\u00e9 Solutions de surveillance et de protection Une seule pression sur le boutton et la police est pr\u00e9venue ! S\u00e9curit\u00e9&hellip; Lire la suite\" \/>\n<meta property=\"og:url\" content=\"https:\/\/telepolice.be\/\" \/>\n<meta property=\"og:site_name\" content=\"TELEPOLICE\" \/>\n<meta property=\"article:modified_time\" content=\"2022-03-26T16:38:27+00:00\" \/>\n<meta property=\"og:image\" content=\"https:\/\/telepolice.be\/wp-content\/uploads\/2019\/04\/home-page-01-01-1.jpg\" \/>\n<meta name=\"twitter:card\" content=\"summary_large_image\" \/>\n<meta name=\"twitter:label1\" content=\"Dur\u00e9e de lecture estim\u00e9e\" \/>\n\t<meta name=\"twitter:data1\" content=\"3 minutes\" \/>\n<script type=\"application\/ld+json\" class=\"yoast-schema-graph\">{\"@context\":\"https:\\\/\\\/schema.org\",\"@graph\":[{\"@type\":\"WebPage\",\"@id\":\"https:\\\/\\\/telepolice.be\\\/\",\"url\":\"https:\\\/\\\/telepolice.be\\\/\",\"name\":\"Acceuil - TELEPOLICE\",\"isPartOf\":{\"@id\":\"https:\\\/\\\/telepolice.be\\\/#website\"},\"primaryImageOfPage\":{\"@id\":\"https:\\\/\\\/telepolice.be\\\/#primaryimage\"},\"image\":{\"@id\":\"https:\\\/\\\/telepolice.be\\\/#primaryimage\"},\"thumbnailUrl\":\"https:\\\/\\\/telepolice.be\\\/wp-content\\\/uploads\\\/2019\\\/04\\\/home-page-01-01-1.jpg\",\"datePublished\":\"2019-04-01T11:58:29+00:00\",\"dateModified\":\"2022-03-26T16:38:27+00:00\",\"breadcrumb\":{\"@id\":\"https:\\\/\\\/telepolice.be\\\/#breadcrumb\"},\"inLanguage\":\"fr-FR\",\"potentialAction\":[{\"@type\":\"ReadAction\",\"target\":[\"https:\\\/\\\/telepolice.be\\\/\"]}]},{\"@type\":\"ImageObject\",\"inLanguage\":\"fr-FR\",\"@id\":\"https:\\\/\\\/telepolice.be\\\/#primaryimage\",\"url\":\"https:\\\/\\\/telepolice.be\\\/wp-content\\\/uploads\\\/2019\\\/04\\\/home-page-01-01-1.jpg\",\"contentUrl\":\"https:\\\/\\\/telepolice.be\\\/wp-content\\\/uploads\\\/2019\\\/04\\\/home-page-01-01-1.jpg\",\"width\":1875,\"height\":2708},{\"@type\":\"BreadcrumbList\",\"@id\":\"https:\\\/\\\/telepolice.be\\\/#breadcrumb\",\"itemListElement\":[{\"@type\":\"ListItem\",\"position\":1,\"name\":\"Accueil\",\"item\":\"https:\\\/\\\/telepolice.be\\\/\"},{\"@type\":\"ListItem\",\"position\":2,\"name\":\"Acceuil\"}]},{\"@type\":\"WebSite\",\"@id\":\"https:\\\/\\\/telepolice.be\\\/#website\",\"url\":\"https:\\\/\\\/telepolice.be\\\/\",\"name\":\"TELEPOLICE\",\"description\":\"Prot\u00e9gez votre entreprise\",\"publisher\":{\"@id\":\"https:\\\/\\\/telepolice.be\\\/#organization\"},\"potentialAction\":[{\"@type\":\"SearchAction\",\"target\":{\"@type\":\"EntryPoint\",\"urlTemplate\":\"https:\\\/\\\/telepolice.be\\\/?s={search_term_string}\"},\"query-input\":{\"@type\":\"PropertyValueSpecification\",\"valueRequired\":true,\"valueName\":\"search_term_string\"}}],\"inLanguage\":\"fr-FR\"},{\"@type\":\"Organization\",\"@id\":\"https:\\\/\\\/telepolice.be\\\/#organization\",\"name\":\"TELE POLICE\",\"url\":\"https:\\\/\\\/telepolice.be\\\/\",\"logo\":{\"@type\":\"ImageObject\",\"inLanguage\":\"fr-FR\",\"@id\":\"https:\\\/\\\/telepolice.be\\\/#\\\/schema\\\/logo\\\/image\\\/\",\"url\":\"https:\\\/\\\/telepolice.be\\\/wp-content\\\/uploads\\\/2019\\\/04\\\/cropped-logotelepolice-3.png\",\"contentUrl\":\"https:\\\/\\\/telepolice.be\\\/wp-content\\\/uploads\\\/2019\\\/04\\\/cropped-logotelepolice-3.png\",\"width\":408,\"height\":65,\"caption\":\"TELE POLICE\"},\"image\":{\"@id\":\"https:\\\/\\\/telepolice.be\\\/#\\\/schema\\\/logo\\\/image\\\/\"}}]}<\/script>\n<!-- \/ Yoast SEO plugin. -->","yoast_head_json":{"title":"Acceuil - TELEPOLICE","robots":{"index":"index","follow":"follow","max-snippet":"max-snippet:-1","max-image-preview":"max-image-preview:large","max-video-preview":"max-video-preview:-1"},"canonical":"https:\/\/telepolice.be\/","og_locale":"fr_FR","og_type":"article","og_title":"Acceuil - TELEPOLICE","og_description":"T\u00e9l\u00e9surveillance Solutions de surveillance \u00e0 distance. Toujours la tranquillit\u00e9 d\u2019esprit Service unique en Belgique Technologie Full IP Solutions Innovantes de T\u00e9l\u00e9-vid\u00e9o surveillance pour anticiper les actes de malveillance et s\u00e9curiser les acc\u00e8s de votre entreprise. S\u00fbret\u00e9 Solutions de surveillance et de protection Une seule pression sur le boutton et la police est pr\u00e9venue ! S\u00e9curit\u00e9&hellip; Lire la suite","og_url":"https:\/\/telepolice.be\/","og_site_name":"TELEPOLICE","article_modified_time":"2022-03-26T16:38:27+00:00","og_image":[{"url":"https:\/\/telepolice.be\/wp-content\/uploads\/2019\/04\/home-page-01-01-1.jpg","type":"","width":"","height":""}],"twitter_card":"summary_large_image","twitter_misc":{"Dur\u00e9e de lecture estim\u00e9e":"3 minutes"},"schema":{"@context":"https:\/\/schema.org","@graph":[{"@type":"WebPage","@id":"https:\/\/telepolice.be\/","url":"https:\/\/telepolice.be\/","name":"Acceuil - TELEPOLICE","isPartOf":{"@id":"https:\/\/telepolice.be\/#website"},"primaryImageOfPage":{"@id":"https:\/\/telepolice.be\/#primaryimage"},"image":{"@id":"https:\/\/telepolice.be\/#primaryimage"},"thumbnailUrl":"https:\/\/telepolice.be\/wp-content\/uploads\/2019\/04\/home-page-01-01-1.jpg","datePublished":"2019-04-01T11:58:29+00:00","dateModified":"2022-03-26T16:38:27+00:00","breadcrumb":{"@id":"https:\/\/telepolice.be\/#breadcrumb"},"inLanguage":"fr-FR","potentialAction":[{"@type":"ReadAction","target":["https:\/\/telepolice.be\/"]}]},{"@type":"ImageObject","inLanguage":"fr-FR","@id":"https:\/\/telepolice.be\/#primaryimage","url":"https:\/\/telepolice.be\/wp-content\/uploads\/2019\/04\/home-page-01-01-1.jpg","contentUrl":"https:\/\/telepolice.be\/wp-content\/uploads\/2019\/04\/home-page-01-01-1.jpg","width":1875,"height":2708},{"@type":"BreadcrumbList","@id":"https:\/\/telepolice.be\/#breadcrumb","itemListElement":[{"@type":"ListItem","position":1,"name":"Accueil","item":"https:\/\/telepolice.be\/"},{"@type":"ListItem","position":2,"name":"Acceuil"}]},{"@type":"WebSite","@id":"https:\/\/telepolice.be\/#website","url":"https:\/\/telepolice.be\/","name":"TELEPOLICE","description":"Prot\u00e9gez votre entreprise","publisher":{"@id":"https:\/\/telepolice.be\/#organization"},"potentialAction":[{"@type":"SearchAction","target":{"@type":"EntryPoint","urlTemplate":"https:\/\/telepolice.be\/?s={search_term_string}"},"query-input":{"@type":"PropertyValueSpecification","valueRequired":true,"valueName":"search_term_string"}}],"inLanguage":"fr-FR"},{"@type":"Organization","@id":"https:\/\/telepolice.be\/#organization","name":"TELE POLICE","url":"https:\/\/telepolice.be\/","logo":{"@type":"ImageObject","inLanguage":"fr-FR","@id":"https:\/\/telepolice.be\/#\/schema\/logo\/image\/","url":"https:\/\/telepolice.be\/wp-content\/uploads\/2019\/04\/cropped-logotelepolice-3.png","contentUrl":"https:\/\/telepolice.be\/wp-content\/uploads\/2019\/04\/cropped-logotelepolice-3.png","width":408,"height":65,"caption":"TELE POLICE"},"image":{"@id":"https:\/\/telepolice.be\/#\/schema\/logo\/image\/"}}]}},"_links":{"self":[{"href":"https:\/\/telepolice.be\/index.php\/wp-json\/wp\/v2\/pages\/857","targetHints":{"allow":["GET"]}}],"collection":[{"href":"https:\/\/telepolice.be\/index.php\/wp-json\/wp\/v2\/pages"}],"about":[{"href":"https:\/\/telepolice.be\/index.php\/wp-json\/wp\/v2\/types\/page"}],"author":[{"embeddable":true,"href":"https:\/\/telepolice.be\/index.php\/wp-json\/wp\/v2\/users\/1"}],"replies":[{"embeddable":true,"href":"https:\/\/telepolice.be\/index.php\/wp-json\/wp\/v2\/comments?post=857"}],"version-history":[{"count":94,"href":"https:\/\/telepolice.be\/index.php\/wp-json\/wp\/v2\/pages\/857\/revisions"}],"predecessor-version":[{"id":3279,"href":"https:\/\/telepolice.be\/index.php\/wp-json\/wp\/v2\/pages\/857\/revisions\/3279"}],"wp:attachment":[{"href":"https:\/\/telepolice.be\/index.php\/wp-json\/wp\/v2\/media?parent=857"}],"curies":[{"name":"wp","href":"https:\/\/api.w.org\/{rel}","templated":true}]}}