{"id":85,"date":"2019-04-01T09:09:52","date_gmt":"2019-04-01T09:09:52","guid":{"rendered":"https:\/\/telepolice.be\/?page_id=85"},"modified":"2019-04-19T17:59:50","modified_gmt":"2019-04-19T15:59:50","slug":"nos-metiers","status":"publish","type":"page","link":"https:\/\/telepolice.be\/index.php\/a-propos\/nos-metiers\/","title":{"rendered":"Nos m\u00e9tiers"},"content":{"rendered":"<div  data-label=\"About\" data-id=\"about--1\" data-export-id=\"about-2\" data-category=\"about\" class=\"about-2 content-section content-section-spacing\" id=\"about-1\" style=\"background-color: rgb(255, 255, 255);\"><div  class=\"gridContainer\"> <div  class=\"row\"><div  class=\"col-sm-6 no-gutter-col flexbox-strech center-xs middle-xs\"> <div  class=\"lightbox-video dark-overlay shadow-large overlap-right-large flexbox middle-xs center-xs\" data-type=\"group\" data-bg=\"image\" style=\"background-image: url(&quot;https:\/\/telepolice.be\/wp-content\/uploads\/2019\/04\/cropped-Police-1.jpg&quot;);\"> <a  data-fancybox=\"\" data-video-lightbox=\"true\" href=\"\/wp-content\/uploads\/2019\/video\/RTLTVIREPORTER.mp4\" class=\"\"> <i  data-cp-fa=\"true\" class=\"fa video-icon fa-play-circle-o color-white\"><\/i><\/a> <\/div><\/div> <div  class=\"col-sm-6 space-bottom-xs col-padding-small-xs col-sm-padding-large white-text content-col bg-color5\" data-type=\"column\"><h5  class=\"\">Une expertise dans le risque d\u2019agression<\/h5> <h2  class=\"\" style=\"border-bottom-color: rgb(3, 169, 244);\"><span  style=\"font-family: &quot;Playfair Display&quot;, arial, helvetica, sans-serif; font-style: italic;\">Ce que votre commercial ne dira pas<\/span><\/h2> <p  class=\"\">Le fonctionnement de votre s\u00e9curit\u00e9 ne repose pas uniquement sur un syst\u00e8me d\u2019alarme mais sur un savoir-faire de votre partenaire. Vous pr\u00e9f\u00e9rerez g\u00e9n\u00e9ralement vous adresser \u00e0 un sp\u00e9cialiste lors d\u2019un probl\u00e8me vous pr\u00e9occupe qu\u2019un g\u00e9n\u00e9raliste ?<\/p><\/div> <\/div><\/div> <\/div><div  data-id=\"initial-content-section\" data-export-id=\"initial-content-section\" data-label=\"Initial Content\" id=\"initial-content-section\" class=\"content-section content-section-spacing content-relative\" style=\"background-image: none; background-color: rgb(245, 250, 253);\"><div  class=\"section-separator-top\">\n    <svg  xmlns=\"http:\/\/www.w3.org\/2000\/svg\" viewBox=\"0 0 1000 100\" preserveAspectRatio=\"none\" data-separator-name=\"tilt\" class=\"section-separator-top\">\n\t<path  class=\"svg-white-bg\" d=\"M-0 0L1000 0 1000 100z\"><\/path>\n<\/svg>\n<\/div>\n   <div  class=\"gridContainer\">\n     <div  class=\"row\">\n\n        <div  class=\"col-xs-12 col-sm-12\">                <h4 ><\/h4>\n<p ><span  style=\"font-weight: 400;\">Si on peut retrouver des milliers d\u2019installateurs d\u2019alarme sur le march\u00e9 de la s\u00e9curit\u00e9, ces sp\u00e9cialistes affich\u00e9s restent des g\u00e9n\u00e9ralises de la s\u00e9curit\u00e9 avec pour certains, des touches \u00e0 tout \u00e9lectricien\u2026, se fournissant aupr\u00e8s de quelques grossistes. Finalement, vous avez droit \u00e0 un m\u00eame type de produit avec quelques variantes de r\u00e9f\u00e9rence, de logos, de couleurs devant assurer votre s\u00e9curit\u00e9.<\/span><\/p>\n<p ><span  style=\"font-weight: 400;\">Les voleurs et autres bandits ne sont plus dissuad\u00e9s d\u2019un passage \u00e0 l\u2019acte avec ces produits g\u00e9n\u00e9ralistes. L\u2019autre aspect est de vous proposer des box qui se chargeront de tous et de rien comme l\u2019incendie, alarme intrusions, agressions, le contr\u00f4le d\u2019acc\u00e8s, la lumi\u00e8re etc.<\/span><\/p>\n<p ><span  style=\"font-weight: 400;\">Cela vous apporte un \u00e9clairage sur l\u2019aspect g\u00e9n\u00e9raliste de votre syst\u00e8me d\u2019alarmes devenus un gadget oubliant l\u2019efficacit\u00e9 la dissuasion de devenir une victime !<\/span><\/p>\n<p ><span  style=\"font-weight: 400;\">Ce gadget ne serait rien sans des m\u00e9gas centres de t\u00e9l\u00e9surveillance au plus de 300,000 clients auxquels votre installateur d\u2019alarme vous raccordera en vous proposant en option un contrat de raccordement d\u00e9butant aux alentours des 30 euros par mois ou des centaines de milliers de raccordements comme le v\u00f4tre aboutiront.<\/span><\/p>\n<p ><span  style=\"font-weight: 400;\">Si ce g\u00e9n\u00e9raliste de la s\u00e9curit\u00e9 vous propose un syst\u00e8me d\u2019alarme, ce dernier n\u2019est rien sans une action humaine. Mais voil\u00e0, comme dans un call center, votre signal d\u2019alarme attendra son tour ! Si les acteurs de votre centre g\u00e9n\u00e9ralise sont en mesure de recevoir des milliers d\u2019informations \u00e0 la minute. L\u2019humain devant suivre des proc\u00e9dures de v\u00e9rification impos\u00e9es par les l\u00e9gislateurs (vue la probl\u00e9matique sur les alarmes accidentelles) prendra du temps.<\/span><\/p>\n<p ><span  style=\"font-weight: 400;\">Cet aspect g\u00e9n\u00e9raliste prend une bonne dizaine de minutes voir plus 15, 20, avant de provoquer une r\u00e9action sur certaines alarmes.<\/span><\/p>\n<p ><span  style=\"font-weight: 400; font-style: italic; color: rgb(20, 56, 104);\">Cela vous permettra de vous faire une opinion ?<\/span><\/p>\n<p ><\/p>\n\n          <\/div>\n      <\/div>\n  <\/div>\n<div  class=\"section-separator-bottom\">\n    <svg  class=\"section-separator-bottom\" data-separator-name=\"triangle-asymmetrical-negative\" preserveAspectRatio=\"none\" viewBox=\"0 0 1000 100\" xmlns=\"http:\/\/www.w3.org\/2000\/svg\">\n        <path  class=\"svg-white-bg\" d=\"M737.9,94.7L0,0v100h1000V0L737.9,94.7z\"><\/path>\n    <\/svg>\n<\/div><\/div><div  data-label=\"Overlappable\" data-id=\"overlappable--1\" data-export-id=\"overlappable-3\" data-category=\"overlappable\" class=\"overlappable-3 content-section content-section-spacing\" data-overlap=\"true\" id=\"overlappable-1\" style=\"background-color: rgb(255, 255, 255);\"><div  class=\"gridContainer\"> <div  class=\"row bg-color-white shadow-medium\"><div  class=\"col-xs-12 col-sm-6 image-col first-image-col\" data-bg=\"image\"><\/div> <div  class=\"col-xs-12 col-sm-6 content-col col-padding col-padding-xs\"> <div  class=\"col-padding\" data-type=\"column\"> <h4  class=\"\"><span  style=\"color: rgb(255, 152, 0);\">Pourquoi nous choisir !<\/span><\/h4> <p  class=\"\">D\u00e9j\u00e0 par l\u2019\u00e9quipement sp\u00e9cialement d\u00e9velopp\u00e9 pour l\u2019<span  style=\"font-weight: 300;\">aspect de l\u2019agression.<\/span> Des \u00e9quipements qui ont \u00e9t\u00e9 con\u00e7us dans un cadre sp\u00e9cifique ne s\u2019occupant pas d\u2019autres aspects que votre s\u00e9curit\u00e9.<br >\nLa cr\u00e9ation d\u2019un concept unique \u00ab <span style=\"font-weight: 600;\" >T\u00e9l\u00e9police Vision \u00ae<\/span> \u00bb associ\u00e9e \u00e0 <span style=\"font-weight: 300;\" >une technologie \u00e9volutive face \u00e0 la criminalit\u00e9 qu\u2019elle combat et prend en compte les points n\u00e9gatifs des syst\u00e8mes g\u00e9n\u00e9ralistes.\n<\/span><br ><br >Vous ne retrouverez pas nos syst\u00e8mes sur le march\u00e9 vu qu\u2019il est d\u00e9velopp\u00e9 dans<span  style=\"font-weight: 300;\"> un concept de s\u00e9curit\u00e9 sp\u00e9cifique.<\/span><\/p> <\/div> <\/div><\/div> <div  class=\"row bg-color-white shadow-medium\"><div  class=\"col-xs-12 col-sm-6 content-col col-padding col-padding-xs\"> <div  class=\"col-padding\" data-type=\"column\"><h4  class=\"\"><span  style=\"color: rgb(255, 152, 0);\">Le Principe de r\u00e9ception T\u00e9l\u00e9police Vision \u00ae en bref !<\/span><\/h4> <p  class=\"\">T\u00e9l\u00e9police vous permets d\u2019\u00eatre mis en contact direct avec les services de police partenaires et\/ou D.O.R.S sans le principe du filtre des t\u00e9l\u00e9surveilleurs g\u00e9n\u00e9ralistes.\n\n<br ><br >Le mode de fonctionnement de nos produits est dot\u00e9 d\u2019une <span  style=\"font-weight: 400;\">\u00ab intelligence \u00bb<\/span> qui diff\u00e9rentie le mode d\u2019utilisation. Enfin un poste de police ne s\u2019occupe que de quelque entreprise et ce type d\u2019appel est exceptionnel donc le temps de r\u00e9action <span  style=\"font-weight: 300;\">est rapide.<\/span><br >\n\n<br >Le D.O.R.S est un autre aspect de votre s\u00e9curit\u00e9. Il assure la s\u00e9curit\u00e9 des r\u00e9cepteurs de police et de nos membres hors zones en permettant \u00e0 l\u2019ensemble de nos membres de b\u00e9n\u00e9ficier d\u2019une surveillance permanente lors d\u2019un appel agression en assurant en parall\u00e8le des services de police un relai op\u00e9rationnel, b\u00e9n\u00e9ficient des agr\u00e9ments et autorisation des autorit\u00e9.<\/p> <\/div> <\/div> <div  class=\"col-xs-12 col-sm-6 image-col second-image-col first-xs last-sm\" data-bg=\"image\"><\/div> <\/div><\/div> <\/div><div  data-label=\"Features\" data-id=\"features--1\" data-export-id=\"features-13-card-bordered-colored\" data-category=\"features\" class=\"features-13 content-section content-section-spacing\" id=\"features-1\" style=\"background-color: rgb(245, 250, 253);\"><div  class=\"gridContainer\"> <div  class=\"row text-center\"><div  class=\"section-title-col\" data-type=\"column\"> <h2  class=\"\">Quelle solutions pour vous ?<\/h2> <p  class=\"lead\" style=\"text-align: justify;\">Vaut mieux b\u00e9n\u00e9ficier d\u2019un dispositif sp\u00e9cialement con\u00e7u pour un type de risque et permettre \u00e0 des sp\u00e9cialistes tels que les services de police de l\u2019utiliser.\n<br >Avec l\u2019avantage que, vous ne devra pas ajouter <span  style=\"font-weight: 600;\">1 \u20ac<\/span> de plus \u00e0 des options pour <span style=\"font-weight: 300;\" >un contrat de t\u00e9l\u00e9surveillance, un contrat d\u2019entretien et autres services<\/span> que les installateurs g\u00e9n\u00e9ralistes fourniront en suppl\u00e9ment pour faire fonctionner ce qu\u2019ils vous vendent.\n<br >Avec les packs <span  style=\"font-weight: 300;\">T\u00e9l\u00e9police \u00ae <\/span>tout est compris pour vous faire b\u00e9n\u00e9ficier du meilleur au juste prix \u00e9quipement et service.<\/p><\/div> <\/div> <div  class=\"row spaced-cols\" data-type=\"row\"> <div  class=\"col xs-12 col-sm-6 col-md-6 \"> <div  class=\"card bottom-border-color1\" data-type=\"column\"> <i  class=\"fa icon fa-connectdevelop big round bordered color1\"><\/i> <h4  class=\"\">La formule t\u00e9lepolice Vision<\/h4>  <a  class=\"button y-move small color2\" href=\"\/index.php\/nos-solutions\" target=\"_blank\" data-cp-link=\"1\" data-icon=\"\" rel=\"noopener noreferrer\">En savoir plus<\/a><\/div> <\/div> <div  class=\"col xs-12 col-sm-6 col-md-6 \"> <div  class=\"card bottom-border-color1\" data-type=\"column\"> <i  class=\"fa icon fa-codepen big round bordered color1\"><\/i> <h4  class=\"\">La Formule T\u00e9l\u00e9police Vision Plus<\/h4>  <a  class=\"button y-move small color2\" href=\"\/index.php\/nos-solutions\" target=\"_blank\" data-cp-link=\"1\" data-icon=\"\" rel=\"noopener noreferrer\">En savoir plus<\/a><\/div> <\/div>  <\/div> <\/div><\/div>","protected":false},"excerpt":{"rendered":"<p>Une expertise dans le risque d\u2019agression Ce que votre commercial ne dira pas Le fonctionnement de votre s\u00e9curit\u00e9 ne repose pas uniquement sur un syst\u00e8me d\u2019alarme mais sur un savoir-faire de votre partenaire. Vous pr\u00e9f\u00e9rerez g\u00e9n\u00e9ralement vous adresser \u00e0 un sp\u00e9cialiste lors d\u2019un probl\u00e8me vous pr\u00e9occupe qu\u2019un g\u00e9n\u00e9raliste ? Si on peut retrouver des milliers&hellip; <br \/> <a class=\"read-more\" href=\"https:\/\/telepolice.be\/index.php\/a-propos\/nos-metiers\/\">Lire la suite<\/a><\/p>\n","protected":false},"author":1,"featured_media":0,"parent":1110,"menu_order":0,"comment_status":"closed","ping_status":"closed","template":"","meta":{"footnotes":""},"class_list":["post-85","page","type-page","status-publish","hentry"],"yoast_head":"<!-- This site is optimized with the Yoast SEO plugin v27.0 - https:\/\/yoast.com\/product\/yoast-seo-wordpress\/ -->\n<title>Nos m\u00e9tiers - TELEPOLICE<\/title>\n<meta name=\"robots\" content=\"index, follow, max-snippet:-1, max-image-preview:large, max-video-preview:-1\" \/>\n<link rel=\"canonical\" href=\"https:\/\/telepolice.be\/index.php\/a-propos\/nos-metiers\/\" \/>\n<meta property=\"og:locale\" content=\"fr_FR\" \/>\n<meta property=\"og:type\" content=\"article\" \/>\n<meta property=\"og:title\" content=\"Nos m\u00e9tiers - TELEPOLICE\" \/>\n<meta property=\"og:description\" content=\"Une expertise dans le risque d\u2019agression Ce que votre commercial ne dira pas Le fonctionnement de votre s\u00e9curit\u00e9 ne repose pas uniquement sur un syst\u00e8me d\u2019alarme mais sur un savoir-faire de votre partenaire. Vous pr\u00e9f\u00e9rerez g\u00e9n\u00e9ralement vous adresser \u00e0 un sp\u00e9cialiste lors d\u2019un probl\u00e8me vous pr\u00e9occupe qu\u2019un g\u00e9n\u00e9raliste ? Si on peut retrouver des milliers&hellip; Lire la suite\" \/>\n<meta property=\"og:url\" content=\"https:\/\/telepolice.be\/index.php\/a-propos\/nos-metiers\/\" \/>\n<meta property=\"og:site_name\" content=\"TELEPOLICE\" \/>\n<meta property=\"article:modified_time\" content=\"2019-04-19T15:59:50+00:00\" \/>\n<meta name=\"twitter:card\" content=\"summary_large_image\" \/>\n<meta name=\"twitter:label1\" content=\"Dur\u00e9e de lecture estim\u00e9e\" \/>\n\t<meta name=\"twitter:data1\" content=\"4 minutes\" \/>\n<script type=\"application\/ld+json\" class=\"yoast-schema-graph\">{\"@context\":\"https:\/\/schema.org\",\"@graph\":[{\"@type\":\"WebPage\",\"@id\":\"https:\/\/telepolice.be\/index.php\/a-propos\/nos-metiers\/\",\"url\":\"https:\/\/telepolice.be\/index.php\/a-propos\/nos-metiers\/\",\"name\":\"Nos m\u00e9tiers - TELEPOLICE\",\"isPartOf\":{\"@id\":\"https:\/\/telepolice.be\/#website\"},\"datePublished\":\"2019-04-01T09:09:52+00:00\",\"dateModified\":\"2019-04-19T15:59:50+00:00\",\"breadcrumb\":{\"@id\":\"https:\/\/telepolice.be\/index.php\/a-propos\/nos-metiers\/#breadcrumb\"},\"inLanguage\":\"fr-FR\",\"potentialAction\":[{\"@type\":\"ReadAction\",\"target\":[\"https:\/\/telepolice.be\/index.php\/a-propos\/nos-metiers\/\"]}]},{\"@type\":\"BreadcrumbList\",\"@id\":\"https:\/\/telepolice.be\/index.php\/a-propos\/nos-metiers\/#breadcrumb\",\"itemListElement\":[{\"@type\":\"ListItem\",\"position\":1,\"name\":\"Accueil\",\"item\":\"https:\/\/telepolice.be\/\"},{\"@type\":\"ListItem\",\"position\":2,\"name\":\"Qui somme nous?\",\"item\":\"https:\/\/telepolice.be\/index.php\/a-propos\/\"},{\"@type\":\"ListItem\",\"position\":3,\"name\":\"Nos m\u00e9tiers\"}]},{\"@type\":\"WebSite\",\"@id\":\"https:\/\/telepolice.be\/#website\",\"url\":\"https:\/\/telepolice.be\/\",\"name\":\"TELEPOLICE\",\"description\":\"Prot\u00e9gez votre entreprise\",\"publisher\":{\"@id\":\"https:\/\/telepolice.be\/#organization\"},\"potentialAction\":[{\"@type\":\"SearchAction\",\"target\":{\"@type\":\"EntryPoint\",\"urlTemplate\":\"https:\/\/telepolice.be\/?s={search_term_string}\"},\"query-input\":{\"@type\":\"PropertyValueSpecification\",\"valueRequired\":true,\"valueName\":\"search_term_string\"}}],\"inLanguage\":\"fr-FR\"},{\"@type\":\"Organization\",\"@id\":\"https:\/\/telepolice.be\/#organization\",\"name\":\"TELE POLICE\",\"url\":\"https:\/\/telepolice.be\/\",\"logo\":{\"@type\":\"ImageObject\",\"inLanguage\":\"fr-FR\",\"@id\":\"https:\/\/telepolice.be\/#\/schema\/logo\/image\/\",\"url\":\"https:\/\/telepolice.be\/wp-content\/uploads\/2019\/04\/cropped-logotelepolice-3.png\",\"contentUrl\":\"https:\/\/telepolice.be\/wp-content\/uploads\/2019\/04\/cropped-logotelepolice-3.png\",\"width\":408,\"height\":65,\"caption\":\"TELE POLICE\"},\"image\":{\"@id\":\"https:\/\/telepolice.be\/#\/schema\/logo\/image\/\"}}]}<\/script>\n<!-- \/ Yoast SEO plugin. -->","yoast_head_json":{"title":"Nos m\u00e9tiers - TELEPOLICE","robots":{"index":"index","follow":"follow","max-snippet":"max-snippet:-1","max-image-preview":"max-image-preview:large","max-video-preview":"max-video-preview:-1"},"canonical":"https:\/\/telepolice.be\/index.php\/a-propos\/nos-metiers\/","og_locale":"fr_FR","og_type":"article","og_title":"Nos m\u00e9tiers - TELEPOLICE","og_description":"Une expertise dans le risque d\u2019agression Ce que votre commercial ne dira pas Le fonctionnement de votre s\u00e9curit\u00e9 ne repose pas uniquement sur un syst\u00e8me d\u2019alarme mais sur un savoir-faire de votre partenaire. Vous pr\u00e9f\u00e9rerez g\u00e9n\u00e9ralement vous adresser \u00e0 un sp\u00e9cialiste lors d\u2019un probl\u00e8me vous pr\u00e9occupe qu\u2019un g\u00e9n\u00e9raliste ? Si on peut retrouver des milliers&hellip; Lire la suite","og_url":"https:\/\/telepolice.be\/index.php\/a-propos\/nos-metiers\/","og_site_name":"TELEPOLICE","article_modified_time":"2019-04-19T15:59:50+00:00","twitter_card":"summary_large_image","twitter_misc":{"Dur\u00e9e de lecture estim\u00e9e":"4 minutes"},"schema":{"@context":"https:\/\/schema.org","@graph":[{"@type":"WebPage","@id":"https:\/\/telepolice.be\/index.php\/a-propos\/nos-metiers\/","url":"https:\/\/telepolice.be\/index.php\/a-propos\/nos-metiers\/","name":"Nos m\u00e9tiers - TELEPOLICE","isPartOf":{"@id":"https:\/\/telepolice.be\/#website"},"datePublished":"2019-04-01T09:09:52+00:00","dateModified":"2019-04-19T15:59:50+00:00","breadcrumb":{"@id":"https:\/\/telepolice.be\/index.php\/a-propos\/nos-metiers\/#breadcrumb"},"inLanguage":"fr-FR","potentialAction":[{"@type":"ReadAction","target":["https:\/\/telepolice.be\/index.php\/a-propos\/nos-metiers\/"]}]},{"@type":"BreadcrumbList","@id":"https:\/\/telepolice.be\/index.php\/a-propos\/nos-metiers\/#breadcrumb","itemListElement":[{"@type":"ListItem","position":1,"name":"Accueil","item":"https:\/\/telepolice.be\/"},{"@type":"ListItem","position":2,"name":"Qui somme nous?","item":"https:\/\/telepolice.be\/index.php\/a-propos\/"},{"@type":"ListItem","position":3,"name":"Nos m\u00e9tiers"}]},{"@type":"WebSite","@id":"https:\/\/telepolice.be\/#website","url":"https:\/\/telepolice.be\/","name":"TELEPOLICE","description":"Prot\u00e9gez votre entreprise","publisher":{"@id":"https:\/\/telepolice.be\/#organization"},"potentialAction":[{"@type":"SearchAction","target":{"@type":"EntryPoint","urlTemplate":"https:\/\/telepolice.be\/?s={search_term_string}"},"query-input":{"@type":"PropertyValueSpecification","valueRequired":true,"valueName":"search_term_string"}}],"inLanguage":"fr-FR"},{"@type":"Organization","@id":"https:\/\/telepolice.be\/#organization","name":"TELE POLICE","url":"https:\/\/telepolice.be\/","logo":{"@type":"ImageObject","inLanguage":"fr-FR","@id":"https:\/\/telepolice.be\/#\/schema\/logo\/image\/","url":"https:\/\/telepolice.be\/wp-content\/uploads\/2019\/04\/cropped-logotelepolice-3.png","contentUrl":"https:\/\/telepolice.be\/wp-content\/uploads\/2019\/04\/cropped-logotelepolice-3.png","width":408,"height":65,"caption":"TELE POLICE"},"image":{"@id":"https:\/\/telepolice.be\/#\/schema\/logo\/image\/"}}]}},"_links":{"self":[{"href":"https:\/\/telepolice.be\/index.php\/wp-json\/wp\/v2\/pages\/85","targetHints":{"allow":["GET"]}}],"collection":[{"href":"https:\/\/telepolice.be\/index.php\/wp-json\/wp\/v2\/pages"}],"about":[{"href":"https:\/\/telepolice.be\/index.php\/wp-json\/wp\/v2\/types\/page"}],"author":[{"embeddable":true,"href":"https:\/\/telepolice.be\/index.php\/wp-json\/wp\/v2\/users\/1"}],"replies":[{"embeddable":true,"href":"https:\/\/telepolice.be\/index.php\/wp-json\/wp\/v2\/comments?post=85"}],"version-history":[{"count":20,"href":"https:\/\/telepolice.be\/index.php\/wp-json\/wp\/v2\/pages\/85\/revisions"}],"predecessor-version":[{"id":2344,"href":"https:\/\/telepolice.be\/index.php\/wp-json\/wp\/v2\/pages\/85\/revisions\/2344"}],"up":[{"embeddable":true,"href":"https:\/\/telepolice.be\/index.php\/wp-json\/wp\/v2\/pages\/1110"}],"wp:attachment":[{"href":"https:\/\/telepolice.be\/index.php\/wp-json\/wp\/v2\/media?parent=85"}],"curies":[{"name":"wp","href":"https:\/\/api.w.org\/{rel}","templated":true}]}}