{"id":3227,"date":"2020-02-11T13:45:10","date_gmt":"2020-02-11T12:45:10","guid":{"rendered":"https:\/\/telepolice.be\/?page_id=3227"},"modified":"2020-02-12T09:45:30","modified_gmt":"2020-02-12T08:45:30","slug":"police-info","status":"publish","type":"page","link":"https:\/\/telepolice.be\/index.php\/police-info\/","title":{"rendered":"ZP &#8211; info"},"content":{"rendered":"<h3><em>Information\u00a0 destin\u00e9e aux zones de police.<\/em><\/h3>\n<p>&nbsp;<\/p>\n<p><strong>T\u00e9l\u00e9police Vision<\/strong>\u00ae est un lien direct entre un risque de VMA et un <strong>DPZ 24\/24 ou X\/24h<\/strong>. C\u2019est ainsi que nous offrons depuis pr\u00e8s de 20 ans <strong><u>une technologie unique au service de police<\/u><\/strong> qui a \u00e9t\u00e9 d\u00e9velopp\u00e9e sur mesure, d\u00e9di\u00e9e \u00e0 la fonction de police avec nos partenaires\u00a0: les zones de police.<\/p>\n<p><strong>T\u00e9l\u00e9police Vision<\/strong>\u00ae n\u2019est pas un syst\u00e8me d\u2019alarme comme certains pourraient le croire. Il rentre dans un chapitre sp\u00e9cial de la loi s\u00e9curit\u00e9 priv\u00e9e sur la protection des personnes qui inclus la police locale. La loi a ainsi \u00e9t\u00e9 adapt\u00e9e pour inclure la sp\u00e9cificit\u00e9 que repr\u00e9sente <strong>T\u00e9l\u00e9police<\/strong>\u00ae \u00e0 l\u2019inverse de simple syst\u00e8me d\u2019alarme qui reste interdit \u00a0pour un service de police.<\/p>\n<p>Avec une technologie d\u2019appel sp\u00e9cifique, <strong>T\u00e9l\u00e9police<\/strong>\u00ae \u00a0a \u00e9volu\u00e9 avec le temps en prenant une autre appellation\u00a0: <strong>T\u00e9l\u00e9police Vision<\/strong>\u00ae Ce syst\u00e8me offre aux b\u00e9n\u00e9ficiaires un fort impact de dissuasion\u00a0!<\/p>\n<p>Les zones de police, qui le souhaitent, obtiennent\u00a0 gratuitement un r\u00e9cepteur qui r\u00e9pond \u00e0 l\u2019ensemble des imp\u00e9ratifs l\u00e9gaux sur diff\u00e9rents aspects (p\u00e9nal, vie priv\u00e9e, s\u00e9curit\u00e9,\u2026). <strong>T\u00e9l\u00e9police Vision<\/strong>\u00ae garantit aux services de police de disposer d\u2019une technologie d\u00e9di\u00e9e \u00e0 leur politique de s\u00e9curit\u00e9 locale.<\/p>\n<p>Sans d\u00e9bourser 1\u20ac d\u2019argent public, les autorit\u00e9s locales obtiennent un outil qui leur offre bien des services\u00a0:<\/p>\n<ul>\n<li>S\u00e9curisation de cibles sujettes \u00e0 VMA.<\/li>\n<li>Diminution statistique de la criminalit\u00e9 sur la cible \u00e9quip\u00e9e.<\/li>\n<li>S\u00e9curisation indirecte pour d\u2019autres probl\u00e9matiques.<\/li>\n<li>S\u00e9curisation indirecte de quartiers.<\/li>\n<li>Optimisation des interventions.<\/li>\n<li>Diminution des risques pour les \u00e9quipes.<\/li>\n<li>Augmentation du % d\u2019interpellations.<\/li>\n<li>Am\u00e9lioration des devoirs d\u2019enqu\u00eate.<\/li>\n<li>Diminution de charge pour la zone (\u00e9conomie).<\/li>\n<li>Etc..<\/li>\n<\/ul>\n<p>C\u2019est statiquement un ensemble direct et indirect d\u2019\u00e9l\u00e9ments que <strong>T\u00e9l\u00e9police Vision<\/strong>\u00ae permet d\u2019optimiser pour solutionner durablement une politique criminog\u00e8ne de lutte.<\/p>\n<p><strong>T\u00e9l\u00e9police<\/strong>\u00ae offre \u00e9galement d\u2019autres solutions d\u2019optimisation des technologies en devenant le trait d\u2019union entre le terrain et les moyens. Il ne repr\u00e9sente donc pas une charge, mais une opportunit\u00e9 pour un service de police.<\/p>\n<p>Il n\u2019est donc pas n\u00e9cessaire comme certains l\u2019imaginent, d\u2019attendre un \u00e9v\u00e9nement \u00a0qui se produise, mais, simplement de r\u00e9pondre \u00e0 l\u2019appel comme n\u2019importe quel principe d\u2019un t\u00e9l\u00e9phone\u00a0! Avec en plus, un ensemble de syst\u00e8mes qui offrira les images du site et toutes les options de s\u00e9curit\u00e9 pr\u00e9vue si une d\u00e9faillance zonale surgit.<\/p>\n<p>Il ne repr\u00e9sente pas une source de nuisance d\u2019appel accidentel (malveillant) <strong>T\u00e9l\u00e9police<\/strong>\u00ae inclut une gestion pr\u00e9ventive et une politique active qui rend pratiquement nulle l\u2019utilisation autre que lors d\u2019un VMA.<\/p>\n<p>C\u2019est donc une technologie diff\u00e9rente en marche des classiques syst\u00e8mes d\u2019alarme qui vous est offerte sous condition, mais sans l\u2019utilit\u00e9 d\u2019investir des fonds publics dans des \u00e9quipements de gestion\u2026<\/p>\n<p>&nbsp;<\/p>\n<div id=\"cta-1\" class=\"cta-blue-section content-section content-section-spacing-medium bg-color1 white-text\" data-label=\"Cta\" data-id=\"cta-blue-section\" data-export-id=\"cta-blue-section\" data-category=\"cta\">\n<div class=\"gridContainer\">\n<div class=\"row middle-xs\">\n<div class=\"col-sm-8 space-bottom-xs\" data-type=\"column\">\n<h2 class=\"\"><span style=\"color: #ffffff;\">S\u00e9curisez les commer\u00e7ant de votre zone de police !<\/span><\/h2>\n<h5 class=\"\"><span style=\"font-weight: 300; color: #ffffff;\">Avez-vous des questions ou souhaitez-vous un rendez vous ?<\/span><br \/>\n<span style=\"font-weight: 300; color: #ffffff;\"><br \/>\nCompl\u00e9tez vos <span style=\"font-family: terminal, monaco, monospace;\">coordonn\u00e9es<\/span>\u00a0et nous vous recontacterons dans les meilleurs d\u00e9lais.<\/span><\/h5>\n<\/div>\n<div class=\"col-sm-4 end-sm\" data-type=\"column\"><a class=\"button big color2\" href=\"https:\/\/telepolice.be\/index.php\/contact-police\/\" target=\"_self\" rel=\"noopener noreferrer\" data-cp-link=\"1\" data-icon=\"\">Contactez-nous<\/a><\/div>\n<\/div>\n<\/div>\n<\/div>\n","protected":false},"excerpt":{"rendered":"<p>Information\u00a0 destin\u00e9e aux zones de police. &nbsp; T\u00e9l\u00e9police Vision\u00ae est un lien direct entre un risque de VMA et un DPZ 24\/24 ou X\/24h. C\u2019est ainsi que nous offrons depuis pr\u00e8s de 20 ans une technologie unique au service de police qui a \u00e9t\u00e9 d\u00e9velopp\u00e9e sur mesure, d\u00e9di\u00e9e \u00e0 la fonction de police avec nos&hellip; <br \/> <a class=\"read-more\" href=\"https:\/\/telepolice.be\/index.php\/police-info\/\">Lire la suite<\/a><\/p>\n","protected":false},"author":1,"featured_media":0,"parent":0,"menu_order":0,"comment_status":"closed","ping_status":"closed","template":"","meta":{"footnotes":""},"class_list":["post-3227","page","type-page","status-publish","hentry"],"yoast_head":"<!-- This site is optimized with the Yoast SEO plugin v27.5 - https:\/\/yoast.com\/product\/yoast-seo-wordpress\/ -->\n<title>ZP - info - TELEPOLICE<\/title>\n<meta name=\"robots\" content=\"index, follow, max-snippet:-1, max-image-preview:large, max-video-preview:-1\" \/>\n<link rel=\"canonical\" href=\"https:\/\/telepolice.be\/index.php\/police-info\/\" \/>\n<meta property=\"og:locale\" content=\"fr_FR\" \/>\n<meta property=\"og:type\" content=\"article\" \/>\n<meta property=\"og:title\" content=\"ZP - info - TELEPOLICE\" \/>\n<meta property=\"og:description\" content=\"Information\u00a0 destin\u00e9e aux zones de police. &nbsp; T\u00e9l\u00e9police Vision\u00ae est un lien direct entre un risque de VMA et un DPZ 24\/24 ou X\/24h. C\u2019est ainsi que nous offrons depuis pr\u00e8s de 20 ans une technologie unique au service de police qui a \u00e9t\u00e9 d\u00e9velopp\u00e9e sur mesure, d\u00e9di\u00e9e \u00e0 la fonction de police avec nos&hellip; Lire la suite\" \/>\n<meta property=\"og:url\" content=\"https:\/\/telepolice.be\/index.php\/police-info\/\" \/>\n<meta property=\"og:site_name\" content=\"TELEPOLICE\" \/>\n<meta property=\"article:modified_time\" content=\"2020-02-12T08:45:30+00:00\" \/>\n<meta name=\"twitter:card\" content=\"summary_large_image\" \/>\n<meta name=\"twitter:label1\" content=\"Dur\u00e9e de lecture estim\u00e9e\" \/>\n\t<meta name=\"twitter:data1\" content=\"3 minutes\" \/>\n<script type=\"application\/ld+json\" class=\"yoast-schema-graph\">{\"@context\":\"https:\\\/\\\/schema.org\",\"@graph\":[{\"@type\":\"WebPage\",\"@id\":\"https:\\\/\\\/telepolice.be\\\/index.php\\\/police-info\\\/\",\"url\":\"https:\\\/\\\/telepolice.be\\\/index.php\\\/police-info\\\/\",\"name\":\"ZP - info - TELEPOLICE\",\"isPartOf\":{\"@id\":\"https:\\\/\\\/telepolice.be\\\/#website\"},\"datePublished\":\"2020-02-11T12:45:10+00:00\",\"dateModified\":\"2020-02-12T08:45:30+00:00\",\"breadcrumb\":{\"@id\":\"https:\\\/\\\/telepolice.be\\\/index.php\\\/police-info\\\/#breadcrumb\"},\"inLanguage\":\"fr-FR\",\"potentialAction\":[{\"@type\":\"ReadAction\",\"target\":[\"https:\\\/\\\/telepolice.be\\\/index.php\\\/police-info\\\/\"]}]},{\"@type\":\"BreadcrumbList\",\"@id\":\"https:\\\/\\\/telepolice.be\\\/index.php\\\/police-info\\\/#breadcrumb\",\"itemListElement\":[{\"@type\":\"ListItem\",\"position\":1,\"name\":\"Accueil\",\"item\":\"https:\\\/\\\/telepolice.be\\\/\"},{\"@type\":\"ListItem\",\"position\":2,\"name\":\"ZP &#8211; info\"}]},{\"@type\":\"WebSite\",\"@id\":\"https:\\\/\\\/telepolice.be\\\/#website\",\"url\":\"https:\\\/\\\/telepolice.be\\\/\",\"name\":\"TELEPOLICE\",\"description\":\"Prot\u00e9gez votre entreprise\",\"publisher\":{\"@id\":\"https:\\\/\\\/telepolice.be\\\/#organization\"},\"potentialAction\":[{\"@type\":\"SearchAction\",\"target\":{\"@type\":\"EntryPoint\",\"urlTemplate\":\"https:\\\/\\\/telepolice.be\\\/?s={search_term_string}\"},\"query-input\":{\"@type\":\"PropertyValueSpecification\",\"valueRequired\":true,\"valueName\":\"search_term_string\"}}],\"inLanguage\":\"fr-FR\"},{\"@type\":\"Organization\",\"@id\":\"https:\\\/\\\/telepolice.be\\\/#organization\",\"name\":\"TELE POLICE\",\"url\":\"https:\\\/\\\/telepolice.be\\\/\",\"logo\":{\"@type\":\"ImageObject\",\"inLanguage\":\"fr-FR\",\"@id\":\"https:\\\/\\\/telepolice.be\\\/#\\\/schema\\\/logo\\\/image\\\/\",\"url\":\"https:\\\/\\\/telepolice.be\\\/wp-content\\\/uploads\\\/2019\\\/04\\\/cropped-logotelepolice-3.png\",\"contentUrl\":\"https:\\\/\\\/telepolice.be\\\/wp-content\\\/uploads\\\/2019\\\/04\\\/cropped-logotelepolice-3.png\",\"width\":408,\"height\":65,\"caption\":\"TELE POLICE\"},\"image\":{\"@id\":\"https:\\\/\\\/telepolice.be\\\/#\\\/schema\\\/logo\\\/image\\\/\"}}]}<\/script>\n<!-- \/ Yoast SEO plugin. -->","yoast_head_json":{"title":"ZP - info - TELEPOLICE","robots":{"index":"index","follow":"follow","max-snippet":"max-snippet:-1","max-image-preview":"max-image-preview:large","max-video-preview":"max-video-preview:-1"},"canonical":"https:\/\/telepolice.be\/index.php\/police-info\/","og_locale":"fr_FR","og_type":"article","og_title":"ZP - info - TELEPOLICE","og_description":"Information\u00a0 destin\u00e9e aux zones de police. &nbsp; T\u00e9l\u00e9police Vision\u00ae est un lien direct entre un risque de VMA et un DPZ 24\/24 ou X\/24h. C\u2019est ainsi que nous offrons depuis pr\u00e8s de 20 ans une technologie unique au service de police qui a \u00e9t\u00e9 d\u00e9velopp\u00e9e sur mesure, d\u00e9di\u00e9e \u00e0 la fonction de police avec nos&hellip; Lire la suite","og_url":"https:\/\/telepolice.be\/index.php\/police-info\/","og_site_name":"TELEPOLICE","article_modified_time":"2020-02-12T08:45:30+00:00","twitter_card":"summary_large_image","twitter_misc":{"Dur\u00e9e de lecture estim\u00e9e":"3 minutes"},"schema":{"@context":"https:\/\/schema.org","@graph":[{"@type":"WebPage","@id":"https:\/\/telepolice.be\/index.php\/police-info\/","url":"https:\/\/telepolice.be\/index.php\/police-info\/","name":"ZP - info - TELEPOLICE","isPartOf":{"@id":"https:\/\/telepolice.be\/#website"},"datePublished":"2020-02-11T12:45:10+00:00","dateModified":"2020-02-12T08:45:30+00:00","breadcrumb":{"@id":"https:\/\/telepolice.be\/index.php\/police-info\/#breadcrumb"},"inLanguage":"fr-FR","potentialAction":[{"@type":"ReadAction","target":["https:\/\/telepolice.be\/index.php\/police-info\/"]}]},{"@type":"BreadcrumbList","@id":"https:\/\/telepolice.be\/index.php\/police-info\/#breadcrumb","itemListElement":[{"@type":"ListItem","position":1,"name":"Accueil","item":"https:\/\/telepolice.be\/"},{"@type":"ListItem","position":2,"name":"ZP &#8211; info"}]},{"@type":"WebSite","@id":"https:\/\/telepolice.be\/#website","url":"https:\/\/telepolice.be\/","name":"TELEPOLICE","description":"Prot\u00e9gez votre entreprise","publisher":{"@id":"https:\/\/telepolice.be\/#organization"},"potentialAction":[{"@type":"SearchAction","target":{"@type":"EntryPoint","urlTemplate":"https:\/\/telepolice.be\/?s={search_term_string}"},"query-input":{"@type":"PropertyValueSpecification","valueRequired":true,"valueName":"search_term_string"}}],"inLanguage":"fr-FR"},{"@type":"Organization","@id":"https:\/\/telepolice.be\/#organization","name":"TELE POLICE","url":"https:\/\/telepolice.be\/","logo":{"@type":"ImageObject","inLanguage":"fr-FR","@id":"https:\/\/telepolice.be\/#\/schema\/logo\/image\/","url":"https:\/\/telepolice.be\/wp-content\/uploads\/2019\/04\/cropped-logotelepolice-3.png","contentUrl":"https:\/\/telepolice.be\/wp-content\/uploads\/2019\/04\/cropped-logotelepolice-3.png","width":408,"height":65,"caption":"TELE POLICE"},"image":{"@id":"https:\/\/telepolice.be\/#\/schema\/logo\/image\/"}}]}},"_links":{"self":[{"href":"https:\/\/telepolice.be\/index.php\/wp-json\/wp\/v2\/pages\/3227","targetHints":{"allow":["GET"]}}],"collection":[{"href":"https:\/\/telepolice.be\/index.php\/wp-json\/wp\/v2\/pages"}],"about":[{"href":"https:\/\/telepolice.be\/index.php\/wp-json\/wp\/v2\/types\/page"}],"author":[{"embeddable":true,"href":"https:\/\/telepolice.be\/index.php\/wp-json\/wp\/v2\/users\/1"}],"replies":[{"embeddable":true,"href":"https:\/\/telepolice.be\/index.php\/wp-json\/wp\/v2\/comments?post=3227"}],"version-history":[{"count":11,"href":"https:\/\/telepolice.be\/index.php\/wp-json\/wp\/v2\/pages\/3227\/revisions"}],"predecessor-version":[{"id":3266,"href":"https:\/\/telepolice.be\/index.php\/wp-json\/wp\/v2\/pages\/3227\/revisions\/3266"}],"wp:attachment":[{"href":"https:\/\/telepolice.be\/index.php\/wp-json\/wp\/v2\/media?parent=3227"}],"curies":[{"name":"wp","href":"https:\/\/api.w.org\/{rel}","templated":true}]}}