{"id":1385,"date":"2019-04-08T13:37:54","date_gmt":"2019-04-08T11:37:54","guid":{"rendered":"https:\/\/telepolice.be\/?page_id=1385"},"modified":"2019-04-19T20:26:03","modified_gmt":"2019-04-19T18:26:03","slug":"pourquoi-telepolice-vision","status":"publish","type":"page","link":"https:\/\/telepolice.be\/index.php\/pourquoi-telepolice-vision\/","title":{"rendered":"Pourquoi T\u00e9l\u00e9police Vision ?"},"content":{"rendered":"<div  data-label=\"Content\" data-id=\"content--2\" data-export-id=\"content-10\" data-category=\"content\" class=\"content-10 content-section content-section-spacing\" id=\"content-2\" style=\"background-color: rgb(245, 250, 253);\"><div  class=\"gridContainer\"> <div  class=\"row middle-sm\"><div  class=\"col-sm-6 center-xs middle-xs space-bottom-xs\"> <div  class=\"lightbox-video lightbox-video-tall dark-overlay shadow-large flexbox middle-xs center-xs\" data-type=\"group\" data-bg=\"image\" style=\"background-image: url(&quot;https:\/\/extendthemes.com\/assets\/mesmerize\/sections-images\/project2.jpg&quot;);\"> <a  data-fancybox=\"\" data-video-lightbox=\"true\" href=\"https:\/\/www.youtube.com\/watch?v=TOOJ7SSLf4s\" class=\"\"> <i  data-cp-fa=\"true\" class=\"fa video-icon fa-play-circle-o color-white\"><\/i><\/a> <\/div><\/div> <div  class=\"col-sm-6 space-bottom-xs\" data-type=\"column\"><h2  class=\"\">La s\u00e9curit\u00e9 n\u2019a pas de prix<\/h2> <p  class=\"\"><span  style=\"font-weight: 600;\">Une agression<\/span> est un risque majeur qui peut vite tourner mal quand la pression du risque est d\u00e9s\u00e9quilibr\u00e9e entre vous et votre agresseur.\n\n<br ><a  data-mce-href=\"..\/revue-de-presse\/\" href=\"https:\/\/telepolice.be\/index.php\/revue-de-presse\" target=\"_self\" data-mce-selected=\"inline-boundary\" data-cp-link=\"1\" rel=\"noopener noreferrer\"><span  style=\"font-family: &quot;Open Sans&quot;, arial, helvetica, sans-serif; font-style: italic;\">La presse<\/span><\/a><span  style=\"font-family: &quot;Open Sans&quot;, arial, helvetica, sans-serif; font-style: italic;\">&nbsp;<\/span>regorge de faits divers les circonstances restent g\u00e9n\u00e9ralement identiques pour les victimes ne disposant que de peux ou d\u2019aucun moyens de pr\u00e9vention.&nbsp;<br >\nL\u2019absence de pr\u00e9vention attire les probl\u00e8mes, les bandits qui recherchent des proies faciles. De ce fait, ils prendront moins de risques chez-vous que chez le voisin \u00e9quip\u00e9 d\u2019un <span  style=\"font-weight: 600;\">T\u00e9l\u00e9police Vision \u00ae<\/span> qui sera dissuasif.\n<br >Si la s\u00e9curit\u00e9 n\u2019a pas de prix, il reste un calcul \u00e9conomique, qui, avec <span  style=\"font-family: &quot;Open Sans&quot;, arial, helvetica, sans-serif; font-weight: 600;\">T\u00e9l\u00e9police Vision \u00ae <\/span>remportera votre int\u00e9r\u00eat.\n<br >Quand vous optez pour une s\u00e9curit\u00e9, vous pensez naturellement au budget en phase avec votre probl\u00e8me.<\/p> <\/div> <\/div><\/div> <\/div><div  data-label=\"Content\" data-id=\"content--3\" data-export-id=\"content-9\" data-category=\"content\" class=\"content-9 content-section content-section-spacing\" id=\"content-3\" style=\"background-color: rgb(255, 255, 255);\"><div  class=\"gridContainer\"> <div  class=\"row text-center\"><div  class=\"section-title-col\" data-type=\"column\"> <h2  class=\"\">Efficacit\u00e9 du dispositif ?<\/h2> <p  class=\"lead\">La s\u00e9curit\u00e9 n\u2019est pas fig\u00e9e dans le temps. Les techniques \u00e9voluent et les criminels s\u2019adaptent.\n<br >Pour cela, <span  style=\"font-weight: 600;\">T\u00e9l\u00e9police Vison \u00ae<\/span> \u00e9volue en tant qu\u2019expert dans ce domaine en vous proposant des innovations, dans des \u00e9volutions technologiques.<\/p><\/div> <\/div> <div  class=\"row space-bottom text-center\" data-type=\"row\"> <div  class=\"col-sm-4 col-padding-small space-bottom-xs col-md-6\"> <i  class=\"fa icon fa-check bordered round color1\"><\/i> <h4  class=\"\">Un mode unique<\/h4> <p  class=\"\">L\u00e0 encore <span  style=\"font-weight: 600;\">T\u00e9l\u00e9police Vision \u00ae<\/span> remporte votre int\u00e9r\u00eat par son mode unique de fonctionnement de lien direct avec des zones de police partenaires en mode \u201cdirect\u201d.<\/p><\/div> <div  class=\"col-sm-4 col-padding-small space-bottom-xs col-md-6\"><i  class=\"fa icon fa-cc-paypal bordered round color1\"><\/i> <h4  class=\"\">La s\u00e9curit\u00e9 \u00e0 moindre prix<\/h4> <p  class=\"\">Le plus grand avantage \u00e9conomique pour vous est de ne pas devoir investir un euro dans les \u00e9quipements <span  style=\"font-weight: 600;\">T\u00e9l\u00e9police Vision \u00ae.\n<br ><span  style=\"font-weight: 300;\">Nous proposons une mutualisation de votre s\u00e9curit\u00e9 sous forme de cotisations fixe.<\/span><\/span><\/p><\/div> <div  class=\"col-sm-4 col-padding-small space-bottom-xs col-md-6\"><i  class=\"fa icon fa-money bordered round color1\"><\/i> <h4  class=\"\">Le tout, toujours \u00e0 votre charge<\/h4> <p  class=\"\">La diff\u00e9rence avec <span  style=\"font-weight: 600;\">T\u00e9l\u00e9police Vision&nbsp;\u00ae<\/span> est que nous offrons une location d\u2019\u00e9quipements avec un<span  id=\"_mce_caret\" data-mce-bogus=\"1\" data-mce-type=\"format-caret\"><span  style=\"font-weight: 400;\">\ufeff<\/span><\/span> acc\u00e8s gratuit \u00e0 des services annexes g\u00e9n\u00e9ralement payant en option chez les installateurs et fournisseurs des syst\u00e8mes d\u2019alarme.<\/p><\/div> <div  class=\"col-sm-4 col-padding-small space-bottom-xs col-md-6\"> <i  class=\"color1 fa icon bordered round fa-area-chart\"><\/i> <h4  class=\"\">Une \u00e9volution gratuite<\/h4> <p  class=\"\"><span  style=\"font-weight: 600;\">T\u00e9l\u00e9police Vision \u00ae<\/span>met \u00e0&nbsp; votre disposition un equipement qui r\u00e9pond \u00e0 vos appr\u00e9hensiona et pr\u00e9occupationa s\u00e9curitaire.\n<br >Ces \u00e9quipement sont \u00e9volutifs en fonction de votre situation, votre structure et votre type de risque.\n<br >Quand la technologie sera d\u00e9pass\u00e9e, vous b\u00e9n\u00e9ficierez d\u2019une \u00e9volution gratuite.<\/p><\/div><\/div> <div  class=\"row center-xs middle-xs\"> <div  class=\"col-sm-12 section-content\" data-type=\"column\"> <img decoding=\"async\"  class=\"shadow-large img1\" src=\"https:\/\/telepolice.be\/wp-content\/uploads\/2019\/04\/cropped-arme-2.jpg\" data-size=\"950x633\" alt=\"\" title=\"cropped-arme-2.jpg\"><\/div> <\/div><\/div> <\/div><div  data-label=\"Cta\" data-id=\"cta--1\" data-export-id=\"cta-centered-section-grid\" data-category=\"cta\" class=\"cta-centered-section-grid content-section content-section-spacing-medium bg-color1 white-text\" id=\"cta-1\"><div  class=\"gridContainer\"> <div  class=\"row text-center\"><div  class=\"col-xs-12 col-sm-10 col-sm-offset-1 col-md-8 col-md-offset-2\" data-type=\"column\"> <h2  class=\"\">Alors, oubliez vos probl\u00e8mes de s\u00e9curit\u00e9&nbsp;<\/h2> <p  class=\"\"><span  style=\"font-weight: 600;\">Rejoignez-nous maintenant !<\/span><\/p> <a  class=\"button color2\" href=\"https:\/\/telepolice.be\/index.php\/nos-solutions\" target=\"_self\" data-cp-link=\"1\" data-icon=\"\" rel=\"noopener noreferrer\">Nos Solutions<\/a><\/div> <\/div><\/div> <\/div>","protected":false},"excerpt":{"rendered":"<p>La s\u00e9curit\u00e9 n\u2019a pas de prix Une agression est un risque majeur qui peut vite tourner mal quand la pression du risque est d\u00e9s\u00e9quilibr\u00e9e entre vous et votre agresseur. La presse&nbsp;regorge de faits divers les circonstances restent g\u00e9n\u00e9ralement identiques pour les victimes ne disposant que de peux ou d\u2019aucun moyens de pr\u00e9vention.&nbsp; L\u2019absence de pr\u00e9vention&hellip; <br \/> <a class=\"read-more\" href=\"https:\/\/telepolice.be\/index.php\/pourquoi-telepolice-vision\/\">Lire la suite<\/a><\/p>\n","protected":false},"author":1,"featured_media":0,"parent":0,"menu_order":0,"comment_status":"closed","ping_status":"closed","template":"pro\/page-templates\/full-width-page.php","meta":{"footnotes":""},"class_list":["post-1385","page","type-page","status-publish","hentry"],"yoast_head":"<!-- This site is optimized with the Yoast SEO plugin v27.3 - https:\/\/yoast.com\/product\/yoast-seo-wordpress\/ -->\n<title>Pourquoi T\u00e9l\u00e9police Vision ? - TELEPOLICE<\/title>\n<meta name=\"robots\" content=\"index, follow, max-snippet:-1, max-image-preview:large, max-video-preview:-1\" \/>\n<link rel=\"canonical\" href=\"https:\/\/telepolice.be\/index.php\/pourquoi-telepolice-vision\/\" \/>\n<meta property=\"og:locale\" content=\"fr_FR\" \/>\n<meta property=\"og:type\" content=\"article\" \/>\n<meta property=\"og:title\" content=\"Pourquoi T\u00e9l\u00e9police Vision ? - TELEPOLICE\" \/>\n<meta property=\"og:description\" content=\"La s\u00e9curit\u00e9 n\u2019a pas de prix Une agression est un risque majeur qui peut vite tourner mal quand la pression du risque est d\u00e9s\u00e9quilibr\u00e9e entre vous et votre agresseur. La presse&nbsp;regorge de faits divers les circonstances restent g\u00e9n\u00e9ralement identiques pour les victimes ne disposant que de peux ou d\u2019aucun moyens de pr\u00e9vention.&nbsp; L\u2019absence de pr\u00e9vention&hellip; Lire la suite\" \/>\n<meta property=\"og:url\" content=\"https:\/\/telepolice.be\/index.php\/pourquoi-telepolice-vision\/\" \/>\n<meta property=\"og:site_name\" content=\"TELEPOLICE\" \/>\n<meta property=\"article:modified_time\" content=\"2019-04-19T18:26:03+00:00\" \/>\n<meta property=\"og:image\" content=\"https:\/\/telepolice.be\/wp-content\/uploads\/2019\/04\/cropped-arme-2.jpg\" \/>\n<meta name=\"twitter:card\" content=\"summary_large_image\" \/>\n<meta name=\"twitter:label1\" content=\"Dur\u00e9e de lecture estim\u00e9e\" \/>\n\t<meta name=\"twitter:data1\" content=\"2 minutes\" \/>\n<script type=\"application\/ld+json\" class=\"yoast-schema-graph\">{\"@context\":\"https:\\\/\\\/schema.org\",\"@graph\":[{\"@type\":\"WebPage\",\"@id\":\"https:\\\/\\\/telepolice.be\\\/index.php\\\/pourquoi-telepolice-vision\\\/\",\"url\":\"https:\\\/\\\/telepolice.be\\\/index.php\\\/pourquoi-telepolice-vision\\\/\",\"name\":\"Pourquoi T\u00e9l\u00e9police Vision ? - TELEPOLICE\",\"isPartOf\":{\"@id\":\"https:\\\/\\\/telepolice.be\\\/#website\"},\"primaryImageOfPage\":{\"@id\":\"https:\\\/\\\/telepolice.be\\\/index.php\\\/pourquoi-telepolice-vision\\\/#primaryimage\"},\"image\":{\"@id\":\"https:\\\/\\\/telepolice.be\\\/index.php\\\/pourquoi-telepolice-vision\\\/#primaryimage\"},\"thumbnailUrl\":\"https:\\\/\\\/telepolice.be\\\/wp-content\\\/uploads\\\/2019\\\/04\\\/cropped-arme-2.jpg\",\"datePublished\":\"2019-04-08T11:37:54+00:00\",\"dateModified\":\"2019-04-19T18:26:03+00:00\",\"breadcrumb\":{\"@id\":\"https:\\\/\\\/telepolice.be\\\/index.php\\\/pourquoi-telepolice-vision\\\/#breadcrumb\"},\"inLanguage\":\"fr-FR\",\"potentialAction\":[{\"@type\":\"ReadAction\",\"target\":[\"https:\\\/\\\/telepolice.be\\\/index.php\\\/pourquoi-telepolice-vision\\\/\"]}]},{\"@type\":\"ImageObject\",\"inLanguage\":\"fr-FR\",\"@id\":\"https:\\\/\\\/telepolice.be\\\/index.php\\\/pourquoi-telepolice-vision\\\/#primaryimage\",\"url\":\"https:\\\/\\\/telepolice.be\\\/wp-content\\\/uploads\\\/2019\\\/04\\\/cropped-arme-2.jpg\",\"contentUrl\":\"https:\\\/\\\/telepolice.be\\\/wp-content\\\/uploads\\\/2019\\\/04\\\/cropped-arme-2.jpg\"},{\"@type\":\"BreadcrumbList\",\"@id\":\"https:\\\/\\\/telepolice.be\\\/index.php\\\/pourquoi-telepolice-vision\\\/#breadcrumb\",\"itemListElement\":[{\"@type\":\"ListItem\",\"position\":1,\"name\":\"Accueil\",\"item\":\"https:\\\/\\\/telepolice.be\\\/\"},{\"@type\":\"ListItem\",\"position\":2,\"name\":\"Pourquoi T\u00e9l\u00e9police Vision ?\"}]},{\"@type\":\"WebSite\",\"@id\":\"https:\\\/\\\/telepolice.be\\\/#website\",\"url\":\"https:\\\/\\\/telepolice.be\\\/\",\"name\":\"TELEPOLICE\",\"description\":\"Prot\u00e9gez votre entreprise\",\"publisher\":{\"@id\":\"https:\\\/\\\/telepolice.be\\\/#organization\"},\"potentialAction\":[{\"@type\":\"SearchAction\",\"target\":{\"@type\":\"EntryPoint\",\"urlTemplate\":\"https:\\\/\\\/telepolice.be\\\/?s={search_term_string}\"},\"query-input\":{\"@type\":\"PropertyValueSpecification\",\"valueRequired\":true,\"valueName\":\"search_term_string\"}}],\"inLanguage\":\"fr-FR\"},{\"@type\":\"Organization\",\"@id\":\"https:\\\/\\\/telepolice.be\\\/#organization\",\"name\":\"TELE POLICE\",\"url\":\"https:\\\/\\\/telepolice.be\\\/\",\"logo\":{\"@type\":\"ImageObject\",\"inLanguage\":\"fr-FR\",\"@id\":\"https:\\\/\\\/telepolice.be\\\/#\\\/schema\\\/logo\\\/image\\\/\",\"url\":\"https:\\\/\\\/telepolice.be\\\/wp-content\\\/uploads\\\/2019\\\/04\\\/cropped-logotelepolice-3.png\",\"contentUrl\":\"https:\\\/\\\/telepolice.be\\\/wp-content\\\/uploads\\\/2019\\\/04\\\/cropped-logotelepolice-3.png\",\"width\":408,\"height\":65,\"caption\":\"TELE POLICE\"},\"image\":{\"@id\":\"https:\\\/\\\/telepolice.be\\\/#\\\/schema\\\/logo\\\/image\\\/\"}}]}<\/script>\n<!-- \/ Yoast SEO plugin. -->","yoast_head_json":{"title":"Pourquoi T\u00e9l\u00e9police Vision ? - TELEPOLICE","robots":{"index":"index","follow":"follow","max-snippet":"max-snippet:-1","max-image-preview":"max-image-preview:large","max-video-preview":"max-video-preview:-1"},"canonical":"https:\/\/telepolice.be\/index.php\/pourquoi-telepolice-vision\/","og_locale":"fr_FR","og_type":"article","og_title":"Pourquoi T\u00e9l\u00e9police Vision ? - TELEPOLICE","og_description":"La s\u00e9curit\u00e9 n\u2019a pas de prix Une agression est un risque majeur qui peut vite tourner mal quand la pression du risque est d\u00e9s\u00e9quilibr\u00e9e entre vous et votre agresseur. La presse&nbsp;regorge de faits divers les circonstances restent g\u00e9n\u00e9ralement identiques pour les victimes ne disposant que de peux ou d\u2019aucun moyens de pr\u00e9vention.&nbsp; L\u2019absence de pr\u00e9vention&hellip; Lire la suite","og_url":"https:\/\/telepolice.be\/index.php\/pourquoi-telepolice-vision\/","og_site_name":"TELEPOLICE","article_modified_time":"2019-04-19T18:26:03+00:00","og_image":[{"url":"https:\/\/telepolice.be\/wp-content\/uploads\/2019\/04\/cropped-arme-2.jpg","type":"","width":"","height":""}],"twitter_card":"summary_large_image","twitter_misc":{"Dur\u00e9e de lecture estim\u00e9e":"2 minutes"},"schema":{"@context":"https:\/\/schema.org","@graph":[{"@type":"WebPage","@id":"https:\/\/telepolice.be\/index.php\/pourquoi-telepolice-vision\/","url":"https:\/\/telepolice.be\/index.php\/pourquoi-telepolice-vision\/","name":"Pourquoi T\u00e9l\u00e9police Vision ? - TELEPOLICE","isPartOf":{"@id":"https:\/\/telepolice.be\/#website"},"primaryImageOfPage":{"@id":"https:\/\/telepolice.be\/index.php\/pourquoi-telepolice-vision\/#primaryimage"},"image":{"@id":"https:\/\/telepolice.be\/index.php\/pourquoi-telepolice-vision\/#primaryimage"},"thumbnailUrl":"https:\/\/telepolice.be\/wp-content\/uploads\/2019\/04\/cropped-arme-2.jpg","datePublished":"2019-04-08T11:37:54+00:00","dateModified":"2019-04-19T18:26:03+00:00","breadcrumb":{"@id":"https:\/\/telepolice.be\/index.php\/pourquoi-telepolice-vision\/#breadcrumb"},"inLanguage":"fr-FR","potentialAction":[{"@type":"ReadAction","target":["https:\/\/telepolice.be\/index.php\/pourquoi-telepolice-vision\/"]}]},{"@type":"ImageObject","inLanguage":"fr-FR","@id":"https:\/\/telepolice.be\/index.php\/pourquoi-telepolice-vision\/#primaryimage","url":"https:\/\/telepolice.be\/wp-content\/uploads\/2019\/04\/cropped-arme-2.jpg","contentUrl":"https:\/\/telepolice.be\/wp-content\/uploads\/2019\/04\/cropped-arme-2.jpg"},{"@type":"BreadcrumbList","@id":"https:\/\/telepolice.be\/index.php\/pourquoi-telepolice-vision\/#breadcrumb","itemListElement":[{"@type":"ListItem","position":1,"name":"Accueil","item":"https:\/\/telepolice.be\/"},{"@type":"ListItem","position":2,"name":"Pourquoi T\u00e9l\u00e9police Vision ?"}]},{"@type":"WebSite","@id":"https:\/\/telepolice.be\/#website","url":"https:\/\/telepolice.be\/","name":"TELEPOLICE","description":"Prot\u00e9gez votre entreprise","publisher":{"@id":"https:\/\/telepolice.be\/#organization"},"potentialAction":[{"@type":"SearchAction","target":{"@type":"EntryPoint","urlTemplate":"https:\/\/telepolice.be\/?s={search_term_string}"},"query-input":{"@type":"PropertyValueSpecification","valueRequired":true,"valueName":"search_term_string"}}],"inLanguage":"fr-FR"},{"@type":"Organization","@id":"https:\/\/telepolice.be\/#organization","name":"TELE POLICE","url":"https:\/\/telepolice.be\/","logo":{"@type":"ImageObject","inLanguage":"fr-FR","@id":"https:\/\/telepolice.be\/#\/schema\/logo\/image\/","url":"https:\/\/telepolice.be\/wp-content\/uploads\/2019\/04\/cropped-logotelepolice-3.png","contentUrl":"https:\/\/telepolice.be\/wp-content\/uploads\/2019\/04\/cropped-logotelepolice-3.png","width":408,"height":65,"caption":"TELE POLICE"},"image":{"@id":"https:\/\/telepolice.be\/#\/schema\/logo\/image\/"}}]}},"_links":{"self":[{"href":"https:\/\/telepolice.be\/index.php\/wp-json\/wp\/v2\/pages\/1385","targetHints":{"allow":["GET"]}}],"collection":[{"href":"https:\/\/telepolice.be\/index.php\/wp-json\/wp\/v2\/pages"}],"about":[{"href":"https:\/\/telepolice.be\/index.php\/wp-json\/wp\/v2\/types\/page"}],"author":[{"embeddable":true,"href":"https:\/\/telepolice.be\/index.php\/wp-json\/wp\/v2\/users\/1"}],"replies":[{"embeddable":true,"href":"https:\/\/telepolice.be\/index.php\/wp-json\/wp\/v2\/comments?post=1385"}],"version-history":[{"count":7,"href":"https:\/\/telepolice.be\/index.php\/wp-json\/wp\/v2\/pages\/1385\/revisions"}],"predecessor-version":[{"id":2396,"href":"https:\/\/telepolice.be\/index.php\/wp-json\/wp\/v2\/pages\/1385\/revisions\/2396"}],"wp:attachment":[{"href":"https:\/\/telepolice.be\/index.php\/wp-json\/wp\/v2\/media?parent=1385"}],"curies":[{"name":"wp","href":"https:\/\/api.w.org\/{rel}","templated":true}]}}