{"id":1187,"date":"2019-04-04T13:31:20","date_gmt":"2019-04-04T11:31:20","guid":{"rendered":"https:\/\/telepolice.be\/?page_id=1187"},"modified":"2019-04-22T16:59:45","modified_gmt":"2019-04-22T14:59:45","slug":"nos-infrastructures","status":"publish","type":"page","link":"https:\/\/telepolice.be\/index.php\/nos-infrastructures\/","title":{"rendered":"Nos infrastructures"},"content":{"rendered":"<div  data-label=\"Content\" data-id=\"content--8\" data-export-id=\"content-10\" data-category=\"content\" class=\"content-10 content-section content-section-spacing\" id=\"content-8\" style=\"background-color: rgb(255, 255, 255);\"><div  class=\"gridContainer\"> <div  class=\"row middle-sm\"><div  class=\"col-sm-6 center-xs middle-xs space-bottom-xs\"> <div  class=\"lightbox-video lightbox-video-tall dark-overlay shadow-large flexbox middle-xs center-xs\" data-type=\"group\" data-bg=\"image\" style=\"background-image: url(&quot;https:\/\/telepolice.be\/wp-content\/uploads\/2019\/04\/cropped-Eagle-centers-monitoring-1.jpg&quot;);\"> <a  data-fancybox=\"\" data-video-lightbox=\"true\" href=\"https:\/\/telepolice.be\/wp-content\/uploads\/2019\/video\/Datacenter-eurovigilance.mp4\" class=\"\"> <i  data-cp-fa=\"true\" class=\"fa video-icon fa-play-circle-o color-white\"><\/i><\/a> <\/div><\/div> <div  class=\"col-sm-6 space-bottom-xs\" data-type=\"column\"><h3  class=\"\">T\u00e9l\u00e9police Vision<\/h3><h2  class=\"\">Une infrastructure \u00e0 votre service&nbsp;<\/h2> <p  class=\"\">Les meilleurs des syst\u00e8mes ne seraient rien sans une infrastructure de qualit\u00e9 mise au service de votre s\u00e9curit\u00e9. Ce qui fait la diff\u00e9rence avec les syst\u00e8mes d\u2019alarme, c\u2019est le service que T\u00e9l\u00e9police Vision \u00ae vous offre par des relais indispensables du syst\u00e8me Eagle \u00ae.<\/p> <h4  class=\"\">Plus qu\u2019un \u00e9quipement..<\/h4><p  class=\"\">Quand vous payez votre location, vous payez bien plus qu\u2019un \u00e9quipement. En effet, vous profitez d\u2019un service sous la forme d\u2019un aspect communautaire. Vous diposez d\u2019une infrastructure ; des logiciels, des licences, des prestations\u2026 Vous profitez de la recherche et du d\u00e9veloppement continue que vous ne retrouvez nulle part ailleurs que chez T\u00e9l\u00e9police Vison \u00ae !<\/p><h4  class=\"\">Un dispositif de haute s\u00e9curit\u00e9<\/h4><p  class=\"\">Grace \u00e0 la multiplication des points de r\u00e9ception unique au syst\u00e8me Eagle \u00ae, vous b\u00e9n\u00e9ficier d\u2019un dispositif d\u2019haute s\u00e9curit\u00e9. La police poss\u00e8de un acc\u00e8s \u00e0 des serveurs et des postes de traitement qui assurent la transmission et la r\u00e9ception de votre appel.<br >\nVoil\u00e0 encore une particularit\u00e9 ! Un D.O.R.S actif <span  style=\"font-weight: 600;\">24h\/24h<\/span> et 365 jours par an pour la surveillance et la gestion des appels sur les postes de police partenaires et de nos membres sans <span  style=\"font-weight: 600;\">1 \u20ac<\/span> de suppl\u00e9ment !<\/p><\/div> <\/div><\/div> <\/div><div  data-label=\"Content\" data-id=\"content--4\" data-export-id=\"content-19\" data-category=\"content\" class=\"content-19 content-section content-section-spacing white-text\" id=\"content-4\"><div  class=\"gridContainer\"> <div  class=\"row\"><div  data-type=\"column\" class=\"col-sm-6 content-col text-center content-section-spacing shadow\"> <i  class=\"fa icon fa-server big color1\"><\/i><h2  class=\"font-300\">&nbsp; &nbsp; &nbsp; &nbsp; &nbsp; &nbsp;Le syst\u00e8me Eagle&nbsp;\u00ae&nbsp; &nbsp; &nbsp;<\/h2>   <p  class=\"\">Le <span  style=\"font-weight: 600;\">syst\u00e8me Eagle \u00ae<\/span> est un concept architectural de r\u00e9seau de t\u00e9l\u00e9communication qui int\u00e8gre une intelligence artificielle pour g\u00e9rer des types de risques. Il regroupe un logiciel de gestion multiprotocole qui permet de centraliser une information sur un point et s\u00e9curiser son traitement par une offre de r\u00e9ception multi canaux.<br >\nLes <span  style=\"font-weight: 600;\">serveurs Eagle \u00ae<\/span> sont h\u00e9berg\u00e9s dans des datacenters internes et externes et sauvegard\u00e9 en des groupes r\u00e9partis g\u00e9ographiquement sur des points distincts, r\u00e9pondant aux normes les plus s\u00e9v\u00e8res de redondance et de s\u00e9curit\u00e9.<\/p> <\/div> <div  class=\"col-sm-5 flexbox-strech center-xs middle-xs no-gutter-col\"><div  class=\"flexbox middle-xs center-xs right-img\" data-bg=\"image\" style=\"background-image: url(&quot;https:\/\/telepolice.be\/wp-content\/uploads\/2019\/04\/cropped-Eagle-datacentertelepolice-1.png&quot;);\"><\/div><\/div> <\/div><\/div> <\/div><div  data-label=\"Content\" data-id=\"content--6\" data-export-id=\"content-6-2\" data-category=\"content\" class=\"content-6-2 content-section content-section-spacing\" id=\"content-6\" style=\"background-color: rgb(255, 255, 255); background-image: none;\"><div  class=\"gridContainer\"> <div  class=\"row text-center\"><div  class=\"section-title-col\" data-type=\"column\"> <h2  class=\"\">L\u2019infrastructure technique de T\u00e9l\u00e9police Vision \u00ae<\/h2> <\/div> <\/div> <div  class=\"row middle-sm\"> <div  class=\"col-sm-6 flexbox around-xs top-xs\"> <div  class=\"overlay-box flexbox middle-xs center-xs overlay-holder\"> <div  class=\"overlay-box-offset offset-border shadow-medium border-color2 hide-xs\"><\/div> <img decoding=\"async\"  class=\"flexbox shadow-large img1\" data-size=\"485x632\" src=\"https:\/\/telepolice.be\/wp-content\/uploads\/2019\/04\/cropped-fibre.png\" alt=\"\" title=\"cropped-fibre.png\"><\/div> <\/div> <div  class=\"col-sm-6 space-top-xs\"> <div  class=\"row\"> <div  class=\"col-xs-12 space-bottom\" data-type=\"column\"> <h3  class=\"color2\">Une connexion \u00e0 Fibre optique :<\/h3> <p  class=\"\">La redondance du r\u00e9seau IP est assur\u00e9e par 8 fibres optiques.\n<br >Ces 8 fibres relient 4 n\u0153uds de raccordement op\u00e9rateurs en suivant 4 chemins totalement distincts.\n<br >Ces n\u0153uds de raccordement, eux-m\u00eames boucl\u00e9s, permettent de se raccorder aux op\u00e9rateurs locaux et \u00e9galement aux n\u0153uds d\u2019\u00e9change internet am\u00e9ricains et europ\u00e9ens.<\/p><\/div> <div  data-type=\"row\" class=\"row\"><div  class=\"row space-bottom force-align col-md-12 \"> <div  class=\"col-xs-12 col-sm-fit text-center\"><i  class=\"fa icon fa-key big color1\"><\/i><\/div> <div  class=\"col-xs-12 col-sm\" data-type=\"column\"><h5  class=\"color1\">Points cl\u00e9s :<\/h5> <p  class=\"\">\u2022&nbsp; Architecture d\u2019interconnexion top s\u00e9curity<br >\n\u2022&nbsp; Doublement des \u00e9quipements de raccordement<br >\n\u2022&nbsp; Chemins de fibres optiques s\u00e9par\u00e9s<br >\n\u2022&nbsp; Fibre optique <span  style=\"font-style: italic; font-weight: 600;\">8 x 1 Gbit\/s<\/span><\/p><\/div> <\/div>  <div  class=\"row space-bottom force-align col-md-12\"> <div  class=\"col-xs-12 col-sm-fit text-center\"><i  class=\"fa icon fa-plus big color1\"><\/i><\/div> <div  class=\"col-xs-12 col-sm\" data-type=\"column\"><h5  class=\"color1\">Avantages :<\/h5> <p  class=\"\">\u2022&nbsp; Pas de risque de <span  style=\"font-weight: 600;\">la coupure de r\u00e9seau.<\/span><br >\n\u2022\tPossibilit\u00e9 de raccordement direct aux<span  style=\"font-weight: 600;\"> TPVR4 \/ TPVR5<\/span><\/p><\/div> <\/div><\/div> <\/div><\/div> <\/div><\/div> <\/div><div  data-label=\"Content\" data-id=\"content--7\" data-export-id=\"content-3\" data-category=\"content\" class=\"content-3 content-section content-section-spacing\" id=\"content-7\" style=\"background-color: rgb(245, 250, 253); background-image: none;\"><div > <div  class=\"row middle-xs\"><div  class=\"col-sm-7 full-col-left-padding full-col-right-padding\"> <div  class=\"row\"><div  data-type=\"column\" class=\"space-bottom-small content-title-col\">  <h2  class=\"\">Un Datacenter haute performance.<\/h2> <p  class=\"\">&nbsp;Le site totalise un espace technique, permettant d\u2019accueillir plusieurs milliers de serveurs dans des conditions optimales de s\u00e9curit\u00e9 et de redondance.<br >\nNos \u00e9quipes de supervision sont plac\u00e9es au c\u0153ur du site technique, pour une r\u00e9activit\u00e9 optimale.<\/p><\/div> <\/div> <div  class=\"row spaced-cols\" data-type=\"row\"> <div  class=\"col-xs-6\" data-type=\"column\"> <h5  class=\"\">\u00c9nergie :<\/h5> <p  class=\"\">L\u2019installation \u00e9lectrique totalise une capacit\u00e9 de 5 MVA, enti\u00e8rement redondante, compos\u00e9e de 2 arriv\u00e9es d\u2019\u00e9nergie distinctes. 15 onduleurs de 400KVA et 30 armoires de distribution de 250KVA \u00e9quip\u00e9s de STS \/ VRT assurant une disponibilit\u00e9 maximale.<\/p><\/div> <div  class=\"col-xs-6\" data-type=\"column\"><h5  class=\"\">S\u00e9curit\u00e9 :<\/h5> <p  class=\"\">Parce que la s\u00e9curit\u00e9 de vos donn\u00e9es <span  style=\"font-weight: 600;\"><span  style=\"font-weight: 300;\">est<\/span> fondamentale<\/span>, le site est situ\u00e9 dans une zone d\u2019activit\u00e9 gard\u00e9e <span  style=\"font-weight: 400;\">24h\/24h<\/span> et<span  style=\"font-weight: 600;\"> 7j\/7<\/span>. Le Datacenter est \u00e9quip\u00e9 de<span  style=\"font-weight: 600;\"> 75 cam\u00e9ras num\u00e9riques<\/span> et de <span  style=\"font-weight: 600;\">25 cam\u00e9ras speed d\u00f4me de 360 degr\u00e9s.<\/span><\/p><\/div> <div  class=\"col-xs-6\" data-type=\"column\"><h5  class=\"\">Acc\u00e8s au site :<\/h5> <p  class=\"\">L\u2019acc\u00e8s aux salles d\u2019h\u00e9bergement est effectu\u00e9 par contr\u00f4le biom\u00e9trique de l\u2019empreinte de la main. Un sas de banque assure la conformit\u00e9 de l\u2019acc\u00e8s par biom\u00e9trie, avec d\u00e9tection du poids de la personne et la pr\u00e9sence de m\u00e9tal.<\/p><\/div> <div  class=\"col-xs-6\" data-type=\"column\"><h5  class=\"\">S\u00e9curit\u00e9 incendie :<\/h5> <p  class=\"\">Les salles d\u2019h\u00e9bergement sont \u00e9quip\u00e9es du syst\u00e8me VESDA, permettant la d\u00e9tection pr\u00e9coce de fum\u00e9e. L\u2019extinction incendie est assur\u00e9e par atomisation d\u2019eau \/ CO2 haute pression (200 bars) sans d\u00e9t\u00e9rioration du mat\u00e9riel<\/p><\/div> <\/div><\/div> <div  class=\"col-sm-5 bg-image shadow-large-black revert-classes-holder\" data-bg=\"image\" style=\"background-image: url(&quot;https:\/\/telepolice.be\/wp-content\/uploads\/2019\/04\/1026.jpg&quot;);\"><\/div><\/div> <\/div><\/div>","protected":false},"excerpt":{"rendered":"<p>T\u00e9l\u00e9police VisionUne infrastructure \u00e0 votre service&nbsp; Les meilleurs des syst\u00e8mes ne seraient rien sans une infrastructure de qualit\u00e9 mise au service de votre s\u00e9curit\u00e9. Ce qui fait la diff\u00e9rence avec les syst\u00e8mes d\u2019alarme, c\u2019est le service que T\u00e9l\u00e9police Vision \u00ae vous offre par des relais indispensables du syst\u00e8me Eagle \u00ae. Plus qu\u2019un \u00e9quipement..Quand vous payez&hellip; <br \/> <a class=\"read-more\" href=\"https:\/\/telepolice.be\/index.php\/nos-infrastructures\/\">Lire la suite<\/a><\/p>\n","protected":false},"author":1,"featured_media":0,"parent":0,"menu_order":0,"comment_status":"closed","ping_status":"closed","template":"pro\/page-templates\/full-width-page.php","meta":{"footnotes":""},"class_list":["post-1187","page","type-page","status-publish","hentry"],"yoast_head":"<!-- This site is optimized with the Yoast SEO plugin v27.3 - https:\/\/yoast.com\/product\/yoast-seo-wordpress\/ -->\n<title>Nos infrastructures - TELEPOLICE<\/title>\n<meta name=\"robots\" content=\"index, follow, max-snippet:-1, max-image-preview:large, max-video-preview:-1\" \/>\n<link rel=\"canonical\" href=\"https:\/\/telepolice.be\/index.php\/nos-infrastructures\/\" \/>\n<meta property=\"og:locale\" content=\"fr_FR\" \/>\n<meta property=\"og:type\" content=\"article\" \/>\n<meta property=\"og:title\" content=\"Nos infrastructures - TELEPOLICE\" \/>\n<meta property=\"og:description\" content=\"T\u00e9l\u00e9police VisionUne infrastructure \u00e0 votre service&nbsp; Les meilleurs des syst\u00e8mes ne seraient rien sans une infrastructure de qualit\u00e9 mise au service de votre s\u00e9curit\u00e9. Ce qui fait la diff\u00e9rence avec les syst\u00e8mes d\u2019alarme, c\u2019est le service que T\u00e9l\u00e9police Vision \u00ae vous offre par des relais indispensables du syst\u00e8me Eagle \u00ae. Plus qu\u2019un \u00e9quipement..Quand vous payez&hellip; Lire la suite\" \/>\n<meta property=\"og:url\" content=\"https:\/\/telepolice.be\/index.php\/nos-infrastructures\/\" \/>\n<meta property=\"og:site_name\" content=\"TELEPOLICE\" \/>\n<meta property=\"article:modified_time\" content=\"2019-04-22T14:59:45+00:00\" \/>\n<meta property=\"og:image\" content=\"https:\/\/telepolice.be\/wp-content\/uploads\/2019\/04\/cropped-fibre.png\" \/>\n<meta name=\"twitter:card\" content=\"summary_large_image\" \/>\n<meta name=\"twitter:label1\" content=\"Dur\u00e9e de lecture estim\u00e9e\" \/>\n\t<meta name=\"twitter:data1\" content=\"3 minutes\" \/>\n<script type=\"application\/ld+json\" class=\"yoast-schema-graph\">{\"@context\":\"https:\\\/\\\/schema.org\",\"@graph\":[{\"@type\":\"WebPage\",\"@id\":\"https:\\\/\\\/telepolice.be\\\/index.php\\\/nos-infrastructures\\\/\",\"url\":\"https:\\\/\\\/telepolice.be\\\/index.php\\\/nos-infrastructures\\\/\",\"name\":\"Nos infrastructures - TELEPOLICE\",\"isPartOf\":{\"@id\":\"https:\\\/\\\/telepolice.be\\\/#website\"},\"primaryImageOfPage\":{\"@id\":\"https:\\\/\\\/telepolice.be\\\/index.php\\\/nos-infrastructures\\\/#primaryimage\"},\"image\":{\"@id\":\"https:\\\/\\\/telepolice.be\\\/index.php\\\/nos-infrastructures\\\/#primaryimage\"},\"thumbnailUrl\":\"https:\\\/\\\/telepolice.be\\\/wp-content\\\/uploads\\\/2019\\\/04\\\/cropped-fibre.png\",\"datePublished\":\"2019-04-04T11:31:20+00:00\",\"dateModified\":\"2019-04-22T14:59:45+00:00\",\"breadcrumb\":{\"@id\":\"https:\\\/\\\/telepolice.be\\\/index.php\\\/nos-infrastructures\\\/#breadcrumb\"},\"inLanguage\":\"fr-FR\",\"potentialAction\":[{\"@type\":\"ReadAction\",\"target\":[\"https:\\\/\\\/telepolice.be\\\/index.php\\\/nos-infrastructures\\\/\"]}]},{\"@type\":\"ImageObject\",\"inLanguage\":\"fr-FR\",\"@id\":\"https:\\\/\\\/telepolice.be\\\/index.php\\\/nos-infrastructures\\\/#primaryimage\",\"url\":\"https:\\\/\\\/telepolice.be\\\/wp-content\\\/uploads\\\/2019\\\/04\\\/cropped-fibre.png\",\"contentUrl\":\"https:\\\/\\\/telepolice.be\\\/wp-content\\\/uploads\\\/2019\\\/04\\\/cropped-fibre.png\",\"width\":313,\"height\":407},{\"@type\":\"BreadcrumbList\",\"@id\":\"https:\\\/\\\/telepolice.be\\\/index.php\\\/nos-infrastructures\\\/#breadcrumb\",\"itemListElement\":[{\"@type\":\"ListItem\",\"position\":1,\"name\":\"Accueil\",\"item\":\"https:\\\/\\\/telepolice.be\\\/\"},{\"@type\":\"ListItem\",\"position\":2,\"name\":\"Nos infrastructures\"}]},{\"@type\":\"WebSite\",\"@id\":\"https:\\\/\\\/telepolice.be\\\/#website\",\"url\":\"https:\\\/\\\/telepolice.be\\\/\",\"name\":\"TELEPOLICE\",\"description\":\"Prot\u00e9gez votre entreprise\",\"publisher\":{\"@id\":\"https:\\\/\\\/telepolice.be\\\/#organization\"},\"potentialAction\":[{\"@type\":\"SearchAction\",\"target\":{\"@type\":\"EntryPoint\",\"urlTemplate\":\"https:\\\/\\\/telepolice.be\\\/?s={search_term_string}\"},\"query-input\":{\"@type\":\"PropertyValueSpecification\",\"valueRequired\":true,\"valueName\":\"search_term_string\"}}],\"inLanguage\":\"fr-FR\"},{\"@type\":\"Organization\",\"@id\":\"https:\\\/\\\/telepolice.be\\\/#organization\",\"name\":\"TELE POLICE\",\"url\":\"https:\\\/\\\/telepolice.be\\\/\",\"logo\":{\"@type\":\"ImageObject\",\"inLanguage\":\"fr-FR\",\"@id\":\"https:\\\/\\\/telepolice.be\\\/#\\\/schema\\\/logo\\\/image\\\/\",\"url\":\"https:\\\/\\\/telepolice.be\\\/wp-content\\\/uploads\\\/2019\\\/04\\\/cropped-logotelepolice-3.png\",\"contentUrl\":\"https:\\\/\\\/telepolice.be\\\/wp-content\\\/uploads\\\/2019\\\/04\\\/cropped-logotelepolice-3.png\",\"width\":408,\"height\":65,\"caption\":\"TELE POLICE\"},\"image\":{\"@id\":\"https:\\\/\\\/telepolice.be\\\/#\\\/schema\\\/logo\\\/image\\\/\"}}]}<\/script>\n<!-- \/ Yoast SEO plugin. -->","yoast_head_json":{"title":"Nos infrastructures - TELEPOLICE","robots":{"index":"index","follow":"follow","max-snippet":"max-snippet:-1","max-image-preview":"max-image-preview:large","max-video-preview":"max-video-preview:-1"},"canonical":"https:\/\/telepolice.be\/index.php\/nos-infrastructures\/","og_locale":"fr_FR","og_type":"article","og_title":"Nos infrastructures - TELEPOLICE","og_description":"T\u00e9l\u00e9police VisionUne infrastructure \u00e0 votre service&nbsp; Les meilleurs des syst\u00e8mes ne seraient rien sans une infrastructure de qualit\u00e9 mise au service de votre s\u00e9curit\u00e9. Ce qui fait la diff\u00e9rence avec les syst\u00e8mes d\u2019alarme, c\u2019est le service que T\u00e9l\u00e9police Vision \u00ae vous offre par des relais indispensables du syst\u00e8me Eagle \u00ae. Plus qu\u2019un \u00e9quipement..Quand vous payez&hellip; Lire la suite","og_url":"https:\/\/telepolice.be\/index.php\/nos-infrastructures\/","og_site_name":"TELEPOLICE","article_modified_time":"2019-04-22T14:59:45+00:00","og_image":[{"url":"https:\/\/telepolice.be\/wp-content\/uploads\/2019\/04\/cropped-fibre.png","type":"","width":"","height":""}],"twitter_card":"summary_large_image","twitter_misc":{"Dur\u00e9e de lecture estim\u00e9e":"3 minutes"},"schema":{"@context":"https:\/\/schema.org","@graph":[{"@type":"WebPage","@id":"https:\/\/telepolice.be\/index.php\/nos-infrastructures\/","url":"https:\/\/telepolice.be\/index.php\/nos-infrastructures\/","name":"Nos infrastructures - TELEPOLICE","isPartOf":{"@id":"https:\/\/telepolice.be\/#website"},"primaryImageOfPage":{"@id":"https:\/\/telepolice.be\/index.php\/nos-infrastructures\/#primaryimage"},"image":{"@id":"https:\/\/telepolice.be\/index.php\/nos-infrastructures\/#primaryimage"},"thumbnailUrl":"https:\/\/telepolice.be\/wp-content\/uploads\/2019\/04\/cropped-fibre.png","datePublished":"2019-04-04T11:31:20+00:00","dateModified":"2019-04-22T14:59:45+00:00","breadcrumb":{"@id":"https:\/\/telepolice.be\/index.php\/nos-infrastructures\/#breadcrumb"},"inLanguage":"fr-FR","potentialAction":[{"@type":"ReadAction","target":["https:\/\/telepolice.be\/index.php\/nos-infrastructures\/"]}]},{"@type":"ImageObject","inLanguage":"fr-FR","@id":"https:\/\/telepolice.be\/index.php\/nos-infrastructures\/#primaryimage","url":"https:\/\/telepolice.be\/wp-content\/uploads\/2019\/04\/cropped-fibre.png","contentUrl":"https:\/\/telepolice.be\/wp-content\/uploads\/2019\/04\/cropped-fibre.png","width":313,"height":407},{"@type":"BreadcrumbList","@id":"https:\/\/telepolice.be\/index.php\/nos-infrastructures\/#breadcrumb","itemListElement":[{"@type":"ListItem","position":1,"name":"Accueil","item":"https:\/\/telepolice.be\/"},{"@type":"ListItem","position":2,"name":"Nos infrastructures"}]},{"@type":"WebSite","@id":"https:\/\/telepolice.be\/#website","url":"https:\/\/telepolice.be\/","name":"TELEPOLICE","description":"Prot\u00e9gez votre entreprise","publisher":{"@id":"https:\/\/telepolice.be\/#organization"},"potentialAction":[{"@type":"SearchAction","target":{"@type":"EntryPoint","urlTemplate":"https:\/\/telepolice.be\/?s={search_term_string}"},"query-input":{"@type":"PropertyValueSpecification","valueRequired":true,"valueName":"search_term_string"}}],"inLanguage":"fr-FR"},{"@type":"Organization","@id":"https:\/\/telepolice.be\/#organization","name":"TELE POLICE","url":"https:\/\/telepolice.be\/","logo":{"@type":"ImageObject","inLanguage":"fr-FR","@id":"https:\/\/telepolice.be\/#\/schema\/logo\/image\/","url":"https:\/\/telepolice.be\/wp-content\/uploads\/2019\/04\/cropped-logotelepolice-3.png","contentUrl":"https:\/\/telepolice.be\/wp-content\/uploads\/2019\/04\/cropped-logotelepolice-3.png","width":408,"height":65,"caption":"TELE POLICE"},"image":{"@id":"https:\/\/telepolice.be\/#\/schema\/logo\/image\/"}}]}},"_links":{"self":[{"href":"https:\/\/telepolice.be\/index.php\/wp-json\/wp\/v2\/pages\/1187","targetHints":{"allow":["GET"]}}],"collection":[{"href":"https:\/\/telepolice.be\/index.php\/wp-json\/wp\/v2\/pages"}],"about":[{"href":"https:\/\/telepolice.be\/index.php\/wp-json\/wp\/v2\/types\/page"}],"author":[{"embeddable":true,"href":"https:\/\/telepolice.be\/index.php\/wp-json\/wp\/v2\/users\/1"}],"replies":[{"embeddable":true,"href":"https:\/\/telepolice.be\/index.php\/wp-json\/wp\/v2\/comments?post=1187"}],"version-history":[{"count":24,"href":"https:\/\/telepolice.be\/index.php\/wp-json\/wp\/v2\/pages\/1187\/revisions"}],"predecessor-version":[{"id":2477,"href":"https:\/\/telepolice.be\/index.php\/wp-json\/wp\/v2\/pages\/1187\/revisions\/2477"}],"wp:attachment":[{"href":"https:\/\/telepolice.be\/index.php\/wp-json\/wp\/v2\/media?parent=1187"}],"curies":[{"name":"wp","href":"https:\/\/api.w.org\/{rel}","templated":true}]}}