{"id":1110,"date":"2019-04-03T17:02:52","date_gmt":"2019-04-03T15:02:52","guid":{"rendered":"https:\/\/telepolice.be\/?page_id=1110"},"modified":"2019-04-22T18:03:28","modified_gmt":"2019-04-22T16:03:28","slug":"a-propos","status":"publish","type":"page","link":"https:\/\/telepolice.be\/index.php\/a-propos\/","title":{"rendered":"Qui somme nous?"},"content":{"rendered":"<div  data-label=\"About\" data-id=\"about--1\" data-export-id=\"about-6\" data-category=\"about\" class=\"about-6 content-section content-section-spacing\" id=\"about-1\" style=\"background-color: #f5fafd;\">\n<div  class=\"gridContainer\">\n<div  class=\"row middle-sm text-center\">\n<div  class=\"col-sm-6 space-bottom-xs\" data-type=\"column\">\n<h3  class=\"\">L\u2019histoire de <span  style=\"font-style: italic;\">T\u00e9l\u00e9police <span  style=\"color: rgb(242, 30, 18);\">Vision \u00ae<\/span><\/span><\/h3><h2  class=\"\">T\u00e9l\u00e9police&nbsp;<br ><span  style=\"font-weight: 700; font-style: italic; font-family: &quot;Playfair Display&quot;, arial, helvetica, sans-serif;\">n\u2019est pas nouveau!<\/span><\/h2>\n<p  class=\"\" style=\"text-align: justify;\">Le premier syst\u00e8me T\u00e9l\u00e9police a plus de <span  style=\"font-weight: 600;\">20 ans<\/span> et il a connu bien des innovations. Le premier bo\u00eetier d\u2019appel permettait de lancer simplement un signal cod\u00e9 en direction des services de police.\n<br ><br >Arrive ensuite <span  style=\"font-style: italic;\">une 2<sup >\u00e8me<\/sup> g\u00e9n\u00e9ration<\/span> d\u2019\u00e9quipements avec un principe d\u2019\u00e9coute qui permettait d\u2019entendre une ambiance sonore sur le site d\u2019o\u00f9 provenait l\u2019appel.\n<br ><br >La <span  style=\"font-style: italic;\">3<sup >\u00e8me<\/sup> g\u00e9n\u00e9ration<\/span> est commercialis\u00e9e \u00e0 partir de <span  style=\"font-weight: 600;\">2002<\/span>.\nCette nouvelle g\u00e9n\u00e9ration fera conna\u00eetre la marque <span  style=\"font-weight: 600;\">T\u00e9l\u00e9police \u2122<\/span> comme un v\u00e9ritable outil policier offrant un v\u00e9ritable lien bidirectionnel en temps r\u00e9el.\n<br >Ce nouveau concept permet \u00e0 la police d\u2019entendre et de converser avec le site de l\u2019agression. Depuis, nous avons continu\u00e9 nos investissements dans le d\u00e9veloppement technologique par des innovations au service de la s\u00e9curit\u00e9 de nos membres. Nous sommes ainsi <span  style=\"font-style: italic; font-weight: 400;\">les premiers sur le march\u00e9 avoir affich\u00e9 des images d\u2019une agression.<\/span> Par la suite, nous avons coupl\u00e9 les images \u00e0 un live directement aupr\u00e8s des services de secours, et ce, alors que l\u2019internet n\u2019offrait \u00e0 cette \u00e9poque que peu de performances.\n<br ><br >Nous proposons toujours <span  style=\"font-style: italic; font-weight: 600;\">des solutions plus innovantes<\/span> en suivant l\u2019\u00e9volution de la criminalit\u00e9 que nous combattons en partenariat avec les services de police.<\/p>\n\n<\/div>\n<div  class=\"col-sm-6 image-group-right-3 space-bottom-xs\">\n<div  class=\"top-media\"><a  data-cp-link=\"1\" href=\"#\"><img decoding=\"async\"  class=\"shadow-large\" data-size=\"350x250\" src=\"\/\/extendthemes.com\/assets\/mesmerize\/sections-images\/about-6-1.jpg\"><\/a><\/div>\n<div  class=\"bottom-media\"><img decoding=\"async\"  class=\"shadow-large\" data-size=\"350x250\" src=\"\/\/extendthemes.com\/assets\/mesmerize\/sections-images\/about-6-2.jpg\"><\/div>\n<div  class=\"left-media\">\n\n<a  data-cp-link=\"1\" href=\"#\" target=\"_self\" rel=\"noopener noreferrer\"><img decoding=\"async\"  class=\"shadow-large\" data-size=\"350x400\" src=\"https:\/\/telepolice.be\/wp-content\/uploads\/2019\/04\/cropped-51b7955fe4b0de6db982cc39.jpg\"><\/a>\n<div  class=\"offset-double-border-overlay\">\n<div  class=\"border-1 shadow-small\"><\/div>\n<div  class=\"border-2\"><\/div>\n<\/div>\n<\/div>\n<\/div>\n<\/div>\n<\/div>\n<\/div><div  data-label=\"Features\" data-id=\"features--1\" data-export-id=\"features-6\" data-category=\"features\" class=\"features-6 content-section-spacing\" id=\"features-1\" style=\"background-color: rgb(255, 255, 255); background-image: none;\"><div  class=\"gridContainer\"> <div  class=\"row text-center\"><div  class=\"section-title-col\" data-type=\"column\"> <h2  class=\"\">Le Principe de T\u00e9l\u00e9police Vision \u00ae<\/h2> <p  class=\"lead\" style=\"text-align: justify;\"><span  style=\"font-weight: 600;\">T\u00e9l\u00e9police Vision \u00ae <\/span>est un dispositif d\u2019appel de s\u00e9curit\u00e9 qui vous relie directement aupr\u00e8s des services de police partenaires.&nbsp;Nous offrons \u00e0 nos partenaires, qui nous en font la demande, de les \u00e9quiper gratuitement afin de leur permettre de s\u00e9curiser les commer\u00e7ants et de r\u00e9soudre l\u2019ins\u00e9curit\u00e9 des quartiers d\u2019affaires.\n<br >Nous travaillons \u00e9galement avec le <span  style=\"font-weight: 400;\">D<\/span>.<span  style=\"font-weight: 400;\">O<\/span>.<span  style=\"font-weight: 400;\">R<\/span>.<span  style=\"font-weight: 400;\">S<\/span>\n\u00ab <span  style=\"font-weight: 400;\">D<\/span>ispatching <span  style=\"font-weight: 400;\">O<\/span>p\u00e9rationnel <span  style=\"font-weight: 400;\">R<\/span>\u00e9gional de <span  style=\"font-weight: 400;\">S<\/span>\u00e9curit\u00e9 \u00bb, qui assure la supervision du dispositif install\u00e9 dans les diff\u00e9rents services de police.<\/p><\/div> <\/div> <div  data-type=\"row\" class=\"row space-bottom\"> <div  class=\"col-xs-12 col-sm-4 col-padding-small-xs space-bottom\"> <div  class=\"row\"> <div  class=\"col-xs-fit\"> <p  class=\"oval color2\">1<\/p><\/div> <div  class=\"col-xs\" data-type=\"column\"><h4  class=\"color2\">Une protection dissuasive<\/h4> <p  class=\"\" style=\"text-align: left;\">L\u2019avantage de <span  style=\"font-weight: 700;\">T\u00e9l\u00e9police Vision \u00ae<\/span> est de vous offrir une protection dissuasive qui s\u2019affiche.\nFait qui a \u00e9t\u00e9 soulign\u00e9 dans diff\u00e9rentes \u00e9tudes universitaires sur l\u2019\u00e9volution de la criminalit\u00e9 et des syst\u00e8mes de techno pr\u00e9vention les plus efficaces sur le march\u00e9.<\/p><\/div> <\/div><\/div> <div  class=\"col-xs-12 col-sm-4 col-padding-small-xs space-bottom\"><div  class=\"row\"> <div  class=\"col-xs-fit\"><p  class=\"oval color2\"><span  style=\"color: rgb(255, 152, 0);\">2<\/span><\/p><\/div> <div  class=\"col-xs\" data-type=\"column\"><h4  class=\"color2\">Des solutions innovantes<\/h4> <p  class=\"\" style=\"text-align: left;\">La diff\u00e9rence \u00e9videmment de <span  style=\"font-weight: 600;\">T\u00e9l\u00e9police Vision \u00ae<\/span> face \u00e0 des syst\u00e8mes d\u2019alarme&nbsp; est son mode de fonctionnement innovant par le principe d\u2019appel direct \u00e0 un service de secours.\n<\/p><\/div> <\/div><\/div> <div  class=\"col-xs-12 col-sm-4 col-padding-small-xs space-bottom\"><div  class=\"row\"> <div  class=\"col-xs-fit\"><p  class=\"oval color2\">3<\/p><\/div> <div  class=\"col-xs\" data-type=\"column\"><h4  class=\"color2\">Une protection garantie<\/h4> <p  class=\"\">Le dispositif T\u00e9l\u00e9police Vision a contribu\u00e9 \u00e0 de <a  data-mce-href=\"..\/revue-de-presse\/\" href=\"https:\/\/telepolice.be\/index.php\/revue-de-presse\" target=\"_blank\" rel=\"noopener noreferrer\" data-mce-selected=\"inline-boundary\" data-cp-link=\"1\">nombreuses interpellations<\/a>, plus de 93 en 15 ans. Il a \u00e9galement favoris\u00e9 les suites d\u2019enqu\u00eates de mani\u00e8re favorable.<\/p><\/div> <\/div><\/div> <\/div> <div  class=\"row\"> <div  data-type=\"column\" class=\"col-xs-12 text-center\"><p  class=\"\" style=\"text-align: justify;\">Une intervention polici\u00e8re avec des informations op\u00e9rationnelles de qualit\u00e9 reste une des cl\u00e9s d\u2019un r\u00e9sultat offert par nos \u00e9quipements.\nDes informations t\u2019elle l\u2019audio, a visualisation d\u2019un suspect envoy\u00e9es par les \u00e9quipements <span  style=\"font-weight: 600;\">T\u00e9l\u00e9police Vision \u00ae<\/span> qui d\u00e9boucheront sur une possibilit\u00e9 d\u2019interpellation par les forces de l\u2019ordre qui ne recherchent plus l\u2019information mais l\u2019exploitent directement les infos.<br >\nLe dispositif vous prot\u00e8ge vous et votre salari\u00e9. La destruction des preuves vid\u00e9o par les auteurs est impossible avec T\u00e9l\u00e9police.\n<br >Vous \u00eates prot\u00e9g\u00e9 conforment \u00e0 la loi* les images non p\u00e9nales serons d\u00e9truit des syst\u00e8mes automatiquement.<\/p> <p  class=\"\" style=\"text-align: left;\"><span  style=\"font-style: italic;\">*<span  style=\"font-weight: 300;\"> Protection de la vie priv\u00e9e pour&nbsp;la Belgique et la loi libert\u00e9 pour la France.<\/span><\/span><\/p><\/div> <\/div><\/div> <\/div>","protected":false},"excerpt":{"rendered":"<p>L\u2019histoire de T\u00e9l\u00e9police Vision \u00aeT\u00e9l\u00e9police&nbsp;n\u2019est pas nouveau! Le premier syst\u00e8me T\u00e9l\u00e9police a plus de 20 ans et il a connu bien des innovations. Le premier bo\u00eetier d\u2019appel permettait de lancer simplement un signal cod\u00e9 en direction des services de police. Arrive ensuite une 2\u00e8me g\u00e9n\u00e9ration d\u2019\u00e9quipements avec un principe d\u2019\u00e9coute qui permettait d\u2019entendre une ambiance&hellip; <br \/> <a class=\"read-more\" href=\"https:\/\/telepolice.be\/index.php\/a-propos\/\">Lire la suite<\/a><\/p>\n","protected":false},"author":1,"featured_media":0,"parent":0,"menu_order":0,"comment_status":"closed","ping_status":"closed","template":"pro\/page-templates\/full-width-page.php","meta":{"footnotes":""},"class_list":["post-1110","page","type-page","status-publish","hentry"],"yoast_head":"<!-- This site is optimized with the Yoast SEO plugin v27.5 - https:\/\/yoast.com\/product\/yoast-seo-wordpress\/ -->\n<title>Qui somme nous? - TELEPOLICE<\/title>\n<meta name=\"robots\" content=\"index, follow, max-snippet:-1, max-image-preview:large, max-video-preview:-1\" \/>\n<link rel=\"canonical\" href=\"https:\/\/telepolice.be\/index.php\/a-propos\/\" \/>\n<meta property=\"og:locale\" content=\"fr_FR\" \/>\n<meta property=\"og:type\" content=\"article\" \/>\n<meta property=\"og:title\" content=\"Qui somme nous? - TELEPOLICE\" \/>\n<meta property=\"og:description\" content=\"L\u2019histoire de T\u00e9l\u00e9police Vision \u00aeT\u00e9l\u00e9police&nbsp;n\u2019est pas nouveau! Le premier syst\u00e8me T\u00e9l\u00e9police a plus de 20 ans et il a connu bien des innovations. Le premier bo\u00eetier d\u2019appel permettait de lancer simplement un signal cod\u00e9 en direction des services de police. Arrive ensuite une 2\u00e8me g\u00e9n\u00e9ration d\u2019\u00e9quipements avec un principe d\u2019\u00e9coute qui permettait d\u2019entendre une ambiance&hellip; Lire la suite\" \/>\n<meta property=\"og:url\" content=\"https:\/\/telepolice.be\/index.php\/a-propos\/\" \/>\n<meta property=\"og:site_name\" content=\"TELEPOLICE\" \/>\n<meta property=\"article:modified_time\" content=\"2019-04-22T16:03:28+00:00\" \/>\n<meta property=\"og:image\" content=\"\/\/extendthemes.com\/assets\/mesmerize\/sections-images\/about-6-1.jpg\" \/>\n<meta name=\"twitter:card\" content=\"summary_large_image\" \/>\n<meta name=\"twitter:label1\" content=\"Dur\u00e9e de lecture estim\u00e9e\" \/>\n\t<meta name=\"twitter:data1\" content=\"3 minutes\" \/>\n<script type=\"application\/ld+json\" class=\"yoast-schema-graph\">{\"@context\":\"https:\\\/\\\/schema.org\",\"@graph\":[{\"@type\":\"WebPage\",\"@id\":\"https:\\\/\\\/telepolice.be\\\/index.php\\\/a-propos\\\/\",\"url\":\"https:\\\/\\\/telepolice.be\\\/index.php\\\/a-propos\\\/\",\"name\":\"Qui somme nous? - TELEPOLICE\",\"isPartOf\":{\"@id\":\"https:\\\/\\\/telepolice.be\\\/#website\"},\"primaryImageOfPage\":{\"@id\":\"https:\\\/\\\/telepolice.be\\\/index.php\\\/a-propos\\\/#primaryimage\"},\"image\":{\"@id\":\"https:\\\/\\\/telepolice.be\\\/index.php\\\/a-propos\\\/#primaryimage\"},\"thumbnailUrl\":\"https:\\\/\\\/telepolice.be\\\/wp-content\\\/uploads\\\/2019\\\/04\\\/cropped-51b7955fe4b0de6db982cc39.jpg\",\"datePublished\":\"2019-04-03T15:02:52+00:00\",\"dateModified\":\"2019-04-22T16:03:28+00:00\",\"breadcrumb\":{\"@id\":\"https:\\\/\\\/telepolice.be\\\/index.php\\\/a-propos\\\/#breadcrumb\"},\"inLanguage\":\"fr-FR\",\"potentialAction\":[{\"@type\":\"ReadAction\",\"target\":[\"https:\\\/\\\/telepolice.be\\\/index.php\\\/a-propos\\\/\"]}]},{\"@type\":\"ImageObject\",\"inLanguage\":\"fr-FR\",\"@id\":\"https:\\\/\\\/telepolice.be\\\/index.php\\\/a-propos\\\/#primaryimage\",\"url\":\"https:\\\/\\\/telepolice.be\\\/wp-content\\\/uploads\\\/2019\\\/04\\\/cropped-51b7955fe4b0de6db982cc39.jpg\",\"contentUrl\":\"https:\\\/\\\/telepolice.be\\\/wp-content\\\/uploads\\\/2019\\\/04\\\/cropped-51b7955fe4b0de6db982cc39.jpg\",\"width\":244,\"height\":310},{\"@type\":\"BreadcrumbList\",\"@id\":\"https:\\\/\\\/telepolice.be\\\/index.php\\\/a-propos\\\/#breadcrumb\",\"itemListElement\":[{\"@type\":\"ListItem\",\"position\":1,\"name\":\"Accueil\",\"item\":\"https:\\\/\\\/telepolice.be\\\/\"},{\"@type\":\"ListItem\",\"position\":2,\"name\":\"Qui somme nous?\"}]},{\"@type\":\"WebSite\",\"@id\":\"https:\\\/\\\/telepolice.be\\\/#website\",\"url\":\"https:\\\/\\\/telepolice.be\\\/\",\"name\":\"TELEPOLICE\",\"description\":\"Prot\u00e9gez votre entreprise\",\"publisher\":{\"@id\":\"https:\\\/\\\/telepolice.be\\\/#organization\"},\"potentialAction\":[{\"@type\":\"SearchAction\",\"target\":{\"@type\":\"EntryPoint\",\"urlTemplate\":\"https:\\\/\\\/telepolice.be\\\/?s={search_term_string}\"},\"query-input\":{\"@type\":\"PropertyValueSpecification\",\"valueRequired\":true,\"valueName\":\"search_term_string\"}}],\"inLanguage\":\"fr-FR\"},{\"@type\":\"Organization\",\"@id\":\"https:\\\/\\\/telepolice.be\\\/#organization\",\"name\":\"TELE POLICE\",\"url\":\"https:\\\/\\\/telepolice.be\\\/\",\"logo\":{\"@type\":\"ImageObject\",\"inLanguage\":\"fr-FR\",\"@id\":\"https:\\\/\\\/telepolice.be\\\/#\\\/schema\\\/logo\\\/image\\\/\",\"url\":\"https:\\\/\\\/telepolice.be\\\/wp-content\\\/uploads\\\/2019\\\/04\\\/cropped-logotelepolice-3.png\",\"contentUrl\":\"https:\\\/\\\/telepolice.be\\\/wp-content\\\/uploads\\\/2019\\\/04\\\/cropped-logotelepolice-3.png\",\"width\":408,\"height\":65,\"caption\":\"TELE POLICE\"},\"image\":{\"@id\":\"https:\\\/\\\/telepolice.be\\\/#\\\/schema\\\/logo\\\/image\\\/\"}}]}<\/script>\n<!-- \/ Yoast SEO plugin. -->","yoast_head_json":{"title":"Qui somme nous? - TELEPOLICE","robots":{"index":"index","follow":"follow","max-snippet":"max-snippet:-1","max-image-preview":"max-image-preview:large","max-video-preview":"max-video-preview:-1"},"canonical":"https:\/\/telepolice.be\/index.php\/a-propos\/","og_locale":"fr_FR","og_type":"article","og_title":"Qui somme nous? - TELEPOLICE","og_description":"L\u2019histoire de T\u00e9l\u00e9police Vision \u00aeT\u00e9l\u00e9police&nbsp;n\u2019est pas nouveau! Le premier syst\u00e8me T\u00e9l\u00e9police a plus de 20 ans et il a connu bien des innovations. Le premier bo\u00eetier d\u2019appel permettait de lancer simplement un signal cod\u00e9 en direction des services de police. Arrive ensuite une 2\u00e8me g\u00e9n\u00e9ration d\u2019\u00e9quipements avec un principe d\u2019\u00e9coute qui permettait d\u2019entendre une ambiance&hellip; Lire la suite","og_url":"https:\/\/telepolice.be\/index.php\/a-propos\/","og_site_name":"TELEPOLICE","article_modified_time":"2019-04-22T16:03:28+00:00","og_image":[{"url":"\/\/extendthemes.com\/assets\/mesmerize\/sections-images\/about-6-1.jpg","type":"","width":"","height":""}],"twitter_card":"summary_large_image","twitter_misc":{"Dur\u00e9e de lecture estim\u00e9e":"3 minutes"},"schema":{"@context":"https:\/\/schema.org","@graph":[{"@type":"WebPage","@id":"https:\/\/telepolice.be\/index.php\/a-propos\/","url":"https:\/\/telepolice.be\/index.php\/a-propos\/","name":"Qui somme nous? - TELEPOLICE","isPartOf":{"@id":"https:\/\/telepolice.be\/#website"},"primaryImageOfPage":{"@id":"https:\/\/telepolice.be\/index.php\/a-propos\/#primaryimage"},"image":{"@id":"https:\/\/telepolice.be\/index.php\/a-propos\/#primaryimage"},"thumbnailUrl":"https:\/\/telepolice.be\/wp-content\/uploads\/2019\/04\/cropped-51b7955fe4b0de6db982cc39.jpg","datePublished":"2019-04-03T15:02:52+00:00","dateModified":"2019-04-22T16:03:28+00:00","breadcrumb":{"@id":"https:\/\/telepolice.be\/index.php\/a-propos\/#breadcrumb"},"inLanguage":"fr-FR","potentialAction":[{"@type":"ReadAction","target":["https:\/\/telepolice.be\/index.php\/a-propos\/"]}]},{"@type":"ImageObject","inLanguage":"fr-FR","@id":"https:\/\/telepolice.be\/index.php\/a-propos\/#primaryimage","url":"https:\/\/telepolice.be\/wp-content\/uploads\/2019\/04\/cropped-51b7955fe4b0de6db982cc39.jpg","contentUrl":"https:\/\/telepolice.be\/wp-content\/uploads\/2019\/04\/cropped-51b7955fe4b0de6db982cc39.jpg","width":244,"height":310},{"@type":"BreadcrumbList","@id":"https:\/\/telepolice.be\/index.php\/a-propos\/#breadcrumb","itemListElement":[{"@type":"ListItem","position":1,"name":"Accueil","item":"https:\/\/telepolice.be\/"},{"@type":"ListItem","position":2,"name":"Qui somme nous?"}]},{"@type":"WebSite","@id":"https:\/\/telepolice.be\/#website","url":"https:\/\/telepolice.be\/","name":"TELEPOLICE","description":"Prot\u00e9gez votre entreprise","publisher":{"@id":"https:\/\/telepolice.be\/#organization"},"potentialAction":[{"@type":"SearchAction","target":{"@type":"EntryPoint","urlTemplate":"https:\/\/telepolice.be\/?s={search_term_string}"},"query-input":{"@type":"PropertyValueSpecification","valueRequired":true,"valueName":"search_term_string"}}],"inLanguage":"fr-FR"},{"@type":"Organization","@id":"https:\/\/telepolice.be\/#organization","name":"TELE POLICE","url":"https:\/\/telepolice.be\/","logo":{"@type":"ImageObject","inLanguage":"fr-FR","@id":"https:\/\/telepolice.be\/#\/schema\/logo\/image\/","url":"https:\/\/telepolice.be\/wp-content\/uploads\/2019\/04\/cropped-logotelepolice-3.png","contentUrl":"https:\/\/telepolice.be\/wp-content\/uploads\/2019\/04\/cropped-logotelepolice-3.png","width":408,"height":65,"caption":"TELE POLICE"},"image":{"@id":"https:\/\/telepolice.be\/#\/schema\/logo\/image\/"}}]}},"_links":{"self":[{"href":"https:\/\/telepolice.be\/index.php\/wp-json\/wp\/v2\/pages\/1110","targetHints":{"allow":["GET"]}}],"collection":[{"href":"https:\/\/telepolice.be\/index.php\/wp-json\/wp\/v2\/pages"}],"about":[{"href":"https:\/\/telepolice.be\/index.php\/wp-json\/wp\/v2\/types\/page"}],"author":[{"embeddable":true,"href":"https:\/\/telepolice.be\/index.php\/wp-json\/wp\/v2\/users\/1"}],"replies":[{"embeddable":true,"href":"https:\/\/telepolice.be\/index.php\/wp-json\/wp\/v2\/comments?post=1110"}],"version-history":[{"count":24,"href":"https:\/\/telepolice.be\/index.php\/wp-json\/wp\/v2\/pages\/1110\/revisions"}],"predecessor-version":[{"id":2089,"href":"https:\/\/telepolice.be\/index.php\/wp-json\/wp\/v2\/pages\/1110\/revisions\/2089"}],"wp:attachment":[{"href":"https:\/\/telepolice.be\/index.php\/wp-json\/wp\/v2\/media?parent=1110"}],"curies":[{"name":"wp","href":"https:\/\/api.w.org\/{rel}","templated":true}]}}